{"id":1639,"date":"2024-01-20T15:07:00","date_gmt":"2024-01-20T14:07:00","guid":{"rendered":"https:\/\/woodwide.be\/diensten\/"},"modified":"2025-04-29T07:30:40","modified_gmt":"2025-04-29T05:30:40","slug":"diensten","status":"publish","type":"page","link":"https:\/\/woodwide.be\/nl\/diensten\/","title":{"rendered":"Diensten"},"content":{"rendered":"\t\t<div data-elementor-type=\"wp-page\" data-elementor-id=\"1639\" class=\"elementor elementor-1639 elementor-1294\" data-elementor-post-type=\"page\">\n\t\t\t\t\t\t<section class=\"elementor-section elementor-top-section elementor-element elementor-element-00ce395 elementor-section-boxed elementor-section-height-default elementor-section-height-default\" data-id=\"00ce395\" data-element_type=\"section\">\n\t\t\t\t\t\t<div class=\"elementor-container elementor-column-gap-default\">\n\t\t\t\t\t<div class=\"elementor-column elementor-col-100 elementor-top-column elementor-element elementor-element-eb42def\" data-id=\"eb42def\" data-element_type=\"column\">\n\t\t\t<div class=\"elementor-widget-wrap elementor-element-populated\">\n\t\t\t\t\t\t<div class=\"elementor-element elementor-element-ac4fdd5 elementor-widget elementor-widget-heading\" data-id=\"ac4fdd5\" data-element_type=\"widget\" data-widget_type=\"heading.default\">\n\t\t\t\t<div class=\"elementor-widget-container\">\n\t\t\t\t\t<h1 class=\"elementor-heading-title elementor-size-default\">Diensten<\/h1>\t\t\t\t<\/div>\n\t\t\t\t<\/div>\n\t\t\t\t\t<\/div>\n\t\t<\/div>\n\t\t\t\t\t<\/div>\n\t\t<\/section>\n\t\t\t\t<section class=\"elementor-section elementor-top-section elementor-element elementor-element-37d0dfa elementor-section-boxed elementor-section-height-default elementor-section-height-default\" data-id=\"37d0dfa\" data-element_type=\"section\">\n\t\t\t\t\t\t<div class=\"elementor-container elementor-column-gap-default\">\n\t\t\t\t\t<div class=\"elementor-column elementor-col-50 elementor-top-column elementor-element elementor-element-7ab70f7\" data-id=\"7ab70f7\" data-element_type=\"column\">\n\t\t\t<div class=\"elementor-widget-wrap elementor-element-populated\">\n\t\t\t\t\t\t<div class=\"elementor-element elementor-element-434c51a elementor-widget elementor-widget-text-editor\" data-id=\"434c51a\" data-element_type=\"widget\" data-widget_type=\"text-editor.default\">\n\t\t\t\t<div class=\"elementor-widget-container\">\n\t\t\t\t\t\t\t\t\t<p>We onderscheiden ons van de andere spelers op het gebied van handel en op het gebied van de eerste en tweede verwerking van hout (zachthout) in West-Europa, omdat wij zijn wie we zijn (zie pagina <a href=\"https:\/\/woodwide.be\/nl\/over-wood-wide\/\">Over Wood Wide<\/a>).<\/p>\n<p>John en ik hebben elk een persoonlijk en priv\u00e9-verhaal en allebei bijzondere levenswegen. Nu hebben deze elkaar gevonden om samen verder te gaan en een derde, gemeenschappelijke weg te bewandelen.<\/p>\n<p>Onze geschiedenis is in elk geval zover ik weet, uniek. En daar zijn we trots op.  <span style=\"color: var( --e-global-color-text ); font-family: var( --e-global-typography-text-font-family ), Sans-serif; font-weight: var( --e-global-typography-text-font-weight ); font-size: 1rem;\">Net zoals ik trots ben op mijn eigen weg en waar ik momenteel op de leeftijd van 46 jaar sta.<\/span><\/p><\/p>\n\t\t\t\t\t\t\t\t<\/div>\n\t\t\t\t<\/div>\n\t\t\t\t\t<\/div>\n\t\t<\/div>\n\t\t\t\t<div class=\"elementor-column elementor-col-50 elementor-top-column elementor-element elementor-element-1d792e4\" data-id=\"1d792e4\" data-element_type=\"column\">\n\t\t\t<div class=\"elementor-widget-wrap elementor-element-populated\">\n\t\t\t\t\t\t<div class=\"elementor-element elementor-element-e1b1617 elementor-widget elementor-widget-text-editor\" data-id=\"e1b1617\" data-element_type=\"widget\" data-widget_type=\"text-editor.default\">\n\t\t\t\t<div class=\"elementor-widget-container\">\n\t\t\t\t\t\t\t\t\t<p style=\"text-align: justify;\">Het <a href=\"https:\/\/woodwide.be\/nl\/producten\/\"><b>uitzonderlijk en uniek aanbod van Wood Wide<\/b><\/a> is een absoluut zeldzame en bijzondere dienstverlening. Deze is immer <b>gepersonaliseerd <\/b>en wordt geval per geval aangepast aan elke situatie op moment M en tijdstip T.<br \/>Voor zover wij weten zijn we <b>de enige die dit soort \u2018all-in-diensten\u2019 EN van A tot Z aanbieden<\/b>. Dit betekent dat ons aanbod niet alleen volledig gepersonaliseerd en aangepast is, maar ook begint bij het eerste contact en de exacte identificatie van de behoeften, en eindigt met het betaald, geleverd product. <\/p>\n<p style=\"text-align: justify;\">We zullen uiteraard luisteren naar uw CONSTRUCTIEVE opmerkingen en punten ter verbetering. We zijn immers voortdurend bezig onszelf te zijn en onze diensten te verbeteren.<\/p>\n\t\t\t\t\t\t\t\t<\/div>\n\t\t\t\t<\/div>\n\t\t\t\t\t<\/div>\n\t\t<\/div>\n\t\t\t\t\t<\/div>\n\t\t<\/section>\n\t\t\t\t<section class=\"elementor-section elementor-top-section elementor-element elementor-element-5948fca elementor-section-boxed elementor-section-height-default elementor-section-height-default\" data-id=\"5948fca\" data-element_type=\"section\" data-settings=\"{&quot;background_background&quot;:&quot;classic&quot;}\">\n\t\t\t\t\t\t<div class=\"elementor-container elementor-column-gap-default\">\n\t\t\t\t\t<div class=\"elementor-column elementor-col-33 elementor-top-column elementor-element elementor-element-1ca8849\" data-id=\"1ca8849\" data-element_type=\"column\">\n\t\t\t<div class=\"elementor-widget-wrap elementor-element-populated\">\n\t\t\t\t\t\t<div class=\"elementor-element elementor-element-838c18e elementor-widget elementor-widget-text-editor\" data-id=\"838c18e\" data-element_type=\"widget\" data-widget_type=\"text-editor.default\">\n\t\t\t\t<div class=\"elementor-widget-container\">\n\t\t\t\t\t\t\t\t\t<h3>MAAR OOK \u2026<\/h3>\n<p>We nemen ook onze verantwoordelijkheid en we zullen er zijn als er niet aan uw verwachtingen (onverwacht en redelijkerwijs) is voldaan.<\/p>\n<p>In de huidige onrustige en veranderlijke tijden waarin de instabiliteit elke dag meer de overhand krijgt, is het van fundamenteel belang om tijd vrij te maken en te luisteren en vragen te stellen.<\/p>\n<p>Mensen worden geconfronteerd met zoveel tegenstrijdige en absurde informatie, zonder vaak de tijd te nemen om de nodige analyses te doen en te dubbelchecken en zo een verstandige beslissing te kunnen maken. <b>We zijn als professionals uit de sector<\/b> van mening dat het met onze 60 jaar ervaring <b>onze plicht is om te sensibiliseren en te informeren<\/b>.<br \/>Door ons te verdiepen in de informatie en het essenti\u00eble eruit te halen, kunnen we tot de kern van de bron komen en een echt en juist beeld krijgen van de concrete behoefte, nl. voor hoelang de investering gepland is en hoeveel de prijs is die de prospect\/klant-partner kan en wil betalen.<\/p>\n\t\t\t\t\t\t\t\t<\/div>\n\t\t\t\t<\/div>\n\t\t\t\t\t<\/div>\n\t\t<\/div>\n\t\t\t\t<div class=\"elementor-column elementor-col-33 elementor-top-column elementor-element elementor-element-4c3cb7f\" data-id=\"4c3cb7f\" data-element_type=\"column\">\n\t\t\t<div class=\"elementor-widget-wrap elementor-element-populated\">\n\t\t\t\t\t\t<div class=\"elementor-element elementor-element-a73678b elementor-widget elementor-widget-text-editor\" data-id=\"a73678b\" data-element_type=\"widget\" data-widget_type=\"text-editor.default\">\n\t\t\t\t<div class=\"elementor-widget-container\">\n\t\t\t\t\t\t\t\t\t<p><span style=\"color: var( --e-global-color-text ); font-family: var( --e-global-typography-text-font-family ), Sans-serif; font-weight: var( --e-global-typography-text-font-weight ); font-size: 1rem;\">Met de mix van deze elementen, samen met de factor tijd en seizoen, alsook de concurrentie,<\/span> <span style=\"color: var( --e-global-color-text ); font-family: var( --e-global-typography-text-font-family ), Sans-serif; font-size: 1rem;\"><b>kunnen we het beste antwoord bieden<\/b><\/span><span style=\"color: var( --e-global-color-text ); font-family: var( --e-global-typography-text-font-family ), Sans-serif; font-weight: var( --e-global-typography-text-font-weight ); font-size: 1rem;\">.<\/span><\/p>\n<p><b>Wood Wide zal u begeleiden en u advies geven<\/b> door u professionele antwoorden te bieden om aan uw behoeften tegemoet te komen.<\/p>\n<p>Zich aanpassen aan de eisen en verwachtingen van de klant is van fundamenteel belang om duurzame relaties op te bouwen.<\/p>\n<p>Wood Wide co\u00f6rdineert het volledige proces: inproductiestelling, kalibreren\/ontschorsen, drogen, impregneren en transport. Voor grote werven van duizenden m3 beschikt Wood Wide over talrijke leveranciers om u de volumes binnen de voorgelegde termijn te leveren. <\/p>\n<p><b>Samen met talloze lokale en Europese spelers<\/b> is Wood Wide, als schakel en co\u00f6rdinator, in staat om de juiste, gepaste houtoplossingen te leveren, zelfs voor projecten waarbij tienduizenden m3 en miljoenen euro&#8217;s gemoeid zijn.<\/p>\n\t\t\t\t\t\t\t\t<\/div>\n\t\t\t\t<\/div>\n\t\t\t\t\t<\/div>\n\t\t<\/div>\n\t\t\t\t<div class=\"elementor-column elementor-col-33 elementor-top-column elementor-element elementor-element-15ebf40\" data-id=\"15ebf40\" data-element_type=\"column\">\n\t\t\t<div class=\"elementor-widget-wrap elementor-element-populated\">\n\t\t\t\t\t\t<div class=\"elementor-element elementor-element-841813d elementor-widget elementor-widget-image\" data-id=\"841813d\" data-element_type=\"widget\" data-widget_type=\"image.default\">\n\t\t\t\t<div class=\"elementor-widget-container\">\n\t\t\t\t\t\t\t\t\t\t\t\t\t\t\t<img fetchpriority=\"high\" decoding=\"async\" width=\"640\" height=\"480\" src=\"https:\/\/woodwide.be\/wp-content\/uploads\/2020\/09\/SP-c-1.jpg\" class=\"attachment-medium_large size-medium_large wp-image-797\" alt=\"Magnifique chargement de poteaux calibr\u00e9s et lisses demi-rondes trait\u00e9s autoclave classe IV traitement SP, la long\u00e9vit\u00e9, appliqu\u00e9 sur du pin s\u00e9ch\u00e9 KD \u00e0 25%\" srcset=\"https:\/\/woodwide.be\/wp-content\/uploads\/2020\/09\/SP-c-1.jpg 640w, https:\/\/woodwide.be\/wp-content\/uploads\/2020\/09\/SP-c-1-300x225.jpg 300w\" sizes=\"(max-width: 640px) 100vw, 640px\" \/>\t\t\t\t\t\t\t\t\t\t\t\t\t\t\t<\/div>\n\t\t\t\t<\/div>\n\t\t\t\t<div class=\"elementor-element elementor-element-aff551f elementor-align-center elementor-widget elementor-widget-button\" data-id=\"aff551f\" data-element_type=\"widget\" data-widget_type=\"button.default\">\n\t\t\t\t<div class=\"elementor-widget-container\">\n\t\t\t\t\t\t\t\t\t<div class=\"elementor-button-wrapper\">\n\t\t\t\t\t<a class=\"elementor-button elementor-button-link elementor-size-xl\" href=\"https:\/\/woodwide.be\/nl\/over-wood-wide\/\">\n\t\t\t\t\t\t<span class=\"elementor-button-content-wrapper\">\n\t\t\t\t\t\t\t\t\t<span class=\"elementor-button-text\">ONTDEK WOOD WIDE<\/span>\n\t\t\t\t\t<\/span>\n\t\t\t\t\t<\/a>\n\t\t\t\t<\/div>\n\t\t\t\t\t\t\t\t<\/div>\n\t\t\t\t<\/div>\n\t\t\t\t<div class=\"elementor-element elementor-element-5461b39 elementor-widget elementor-widget-image\" data-id=\"5461b39\" data-element_type=\"widget\" data-widget_type=\"image.default\">\n\t\t\t\t<div class=\"elementor-widget-container\">\n\t\t\t\t\t\t\t\t\t\t\t\t\t\t\t<img decoding=\"async\" width=\"768\" height=\"222\" src=\"https:\/\/woodwide.be\/wp-content\/uploads\/2020\/09\/mains-768x222.png\" class=\"attachment-medium_large size-medium_large wp-image-771\" alt=\"\" srcset=\"https:\/\/woodwide.be\/wp-content\/uploads\/2020\/09\/mains-768x222.png 768w, https:\/\/woodwide.be\/wp-content\/uploads\/2020\/09\/mains-300x87.png 300w, https:\/\/woodwide.be\/wp-content\/uploads\/2020\/09\/mains-1024x296.png 1024w, https:\/\/woodwide.be\/wp-content\/uploads\/2020\/09\/mains-1536x444.png 1536w, https:\/\/woodwide.be\/wp-content\/uploads\/2020\/09\/mains-2048x592.png 2048w\" sizes=\"(max-width: 768px) 100vw, 768px\" \/>\t\t\t\t\t\t\t\t\t\t\t\t\t\t\t<\/div>\n\t\t\t\t<\/div>\n\t\t\t\t\t<\/div>\n\t\t<\/div>\n\t\t\t\t\t<\/div>\n\t\t<\/section>\n\t\t\t\t<\/div>\n\t\t","protected":false},"excerpt":{"rendered":"<p>We onderscheiden ons van de andere spelers op het gebied van handel en op het gebied van de eerste en tweede verwerking van hout (zachthout) in West-Europa, omdat wij zijn wie we zijn (zie pagina Over Wood Wide). John en ik hebben elk een persoonlijk en priv\u00e9-verhaal en allebei bijzondere levenswegen. Nu hebben deze elkaar [&hellip;]<\/p>\n","protected":false},"author":9,"featured_media":0,"parent":0,"menu_order":0,"comment_status":"closed","ping_status":"closed","template":"elementor_header_footer","meta":{"_acf_changed":false,"footnotes":""},"class_list":["post-1639","page","type-page","status-publish","hentry"],"acf":[],"yoast_head":"<!-- This site is optimized with the Yoast SEO plugin v26.5 - https:\/\/yoast.com\/wordpress\/plugins\/seo\/ -->\n<title>Woodwide| Houtbewerking op maat<\/title>\n<meta name=\"description\" content=\"Ontdek onze houtbewerking op maat voor al uw projecten. Vakmanschap, kwaliteit en innovatie voor uw houtbehoeften.\" \/>\n<meta name=\"robots\" content=\"index, follow, max-snippet:-1, max-image-preview:large, max-video-preview:-1\" \/>\n<link rel=\"canonical\" href=\"https:\/\/woodwide.be\/nl\/diensten\/\" \/>\n<meta property=\"og:locale\" content=\"nl_NL\" \/>\n<meta property=\"og:type\" content=\"article\" \/>\n<meta property=\"og:title\" content=\"Woodwide| Houtbewerking op maat\" \/>\n<meta property=\"og:description\" content=\"Ontdek onze houtbewerking op maat voor al uw projecten. Vakmanschap, kwaliteit en innovatie voor uw houtbehoeften.\" \/>\n<meta property=\"og:url\" content=\"https:\/\/woodwide.be\/nl\/diensten\/\" \/>\n<meta property=\"og:site_name\" content=\"Woodwide\" \/>\n<meta property=\"article:modified_time\" content=\"2025-04-29T05:30:40+00:00\" \/>\n<meta property=\"og:image\" content=\"https:\/\/woodwide.be\/wp-content\/uploads\/2020\/09\/SP-c-1.jpg\" \/>\n<meta name=\"twitter:card\" content=\"summary_large_image\" \/>\n<meta name=\"twitter:label1\" content=\"Geschatte leestijd\" \/>\n\t<meta name=\"twitter:data1\" content=\"3 minuten\" \/>\n<script type=\"application\/ld+json\" class=\"yoast-schema-graph\">{\"@context\":\"https:\/\/schema.org\",\"@graph\":[{\"@type\":\"WebPage\",\"@id\":\"https:\/\/woodwide.be\/nl\/diensten\/\",\"url\":\"https:\/\/woodwide.be\/nl\/diensten\/\",\"name\":\"Woodwide| Houtbewerking op maat\",\"isPartOf\":{\"@id\":\"https:\/\/woodwide.be\/nl\/#website\"},\"primaryImageOfPage\":{\"@id\":\"https:\/\/woodwide.be\/nl\/diensten\/#primaryimage\"},\"image\":{\"@id\":\"https:\/\/woodwide.be\/nl\/diensten\/#primaryimage\"},\"thumbnailUrl\":\"https:\/\/woodwide.be\/wp-content\/uploads\/2020\/09\/SP-c-1.jpg\",\"datePublished\":\"2024-01-20T14:07:00+00:00\",\"dateModified\":\"2025-04-29T05:30:40+00:00\",\"description\":\"Ontdek onze houtbewerking op maat voor al uw projecten. Vakmanschap, kwaliteit en innovatie voor uw houtbehoeften.\",\"breadcrumb\":{\"@id\":\"https:\/\/woodwide.be\/nl\/diensten\/#breadcrumb\"},\"inLanguage\":\"nl-NL\",\"potentialAction\":[{\"@type\":\"ReadAction\",\"target\":[\"https:\/\/woodwide.be\/nl\/diensten\/\"]}]},{\"@type\":\"ImageObject\",\"inLanguage\":\"nl-NL\",\"@id\":\"https:\/\/woodwide.be\/nl\/diensten\/#primaryimage\",\"url\":\"https:\/\/woodwide.be\/wp-content\/uploads\/2020\/09\/SP-c-1.jpg\",\"contentUrl\":\"https:\/\/woodwide.be\/wp-content\/uploads\/2020\/09\/SP-c-1.jpg\"},{\"@type\":\"BreadcrumbList\",\"@id\":\"https:\/\/woodwide.be\/nl\/diensten\/#breadcrumb\",\"itemListElement\":[{\"@type\":\"ListItem\",\"position\":1,\"name\":\"Accueil\",\"item\":\"https:\/\/woodwide.be\/nl\/home-2023\/\"},{\"@type\":\"ListItem\",\"position\":2,\"name\":\"Diensten\"}]},{\"@type\":\"WebSite\",\"@id\":\"https:\/\/woodwide.be\/nl\/#website\",\"url\":\"https:\/\/woodwide.be\/nl\/\",\"name\":\"Wood Wide\",\"description\":\"\",\"publisher\":{\"@id\":\"https:\/\/woodwide.be\/nl\/#organization\"},\"potentialAction\":[{\"@type\":\"SearchAction\",\"target\":{\"@type\":\"EntryPoint\",\"urlTemplate\":\"https:\/\/woodwide.be\/nl\/?s={search_term_string}\"},\"query-input\":{\"@type\":\"PropertyValueSpecification\",\"valueRequired\":true,\"valueName\":\"search_term_string\"}}],\"inLanguage\":\"nl-NL\"},{\"@type\":\"Organization\",\"@id\":\"https:\/\/woodwide.be\/nl\/#organization\",\"name\":\"Wood Wide\",\"url\":\"https:\/\/woodwide.be\/nl\/\",\"logo\":{\"@type\":\"ImageObject\",\"inLanguage\":\"nl-NL\",\"@id\":\"https:\/\/woodwide.be\/nl\/#\/schema\/logo\/image\/\",\"url\":\"https:\/\/woodwide.be\/wp-content\/uploads\/2020\/09\/Logo-Header.svg\",\"contentUrl\":\"https:\/\/woodwide.be\/wp-content\/uploads\/2020\/09\/Logo-Header.svg\",\"caption\":\"Wood Wide\"},\"image\":{\"@id\":\"https:\/\/woodwide.be\/nl\/#\/schema\/logo\/image\/\"}}]}<\/script>\n<!-- \/ Yoast SEO plugin. -->","yoast_head_json":{"title":"Woodwide| Houtbewerking op maat","description":"Ontdek onze houtbewerking op maat voor al uw projecten. Vakmanschap, kwaliteit en innovatie voor uw houtbehoeften.","robots":{"index":"index","follow":"follow","max-snippet":"max-snippet:-1","max-image-preview":"max-image-preview:large","max-video-preview":"max-video-preview:-1"},"canonical":"https:\/\/woodwide.be\/nl\/diensten\/","og_locale":"nl_NL","og_type":"article","og_title":"Woodwide| Houtbewerking op maat","og_description":"Ontdek onze houtbewerking op maat voor al uw projecten. Vakmanschap, kwaliteit en innovatie voor uw houtbehoeften.","og_url":"https:\/\/woodwide.be\/nl\/diensten\/","og_site_name":"Woodwide","article_modified_time":"2025-04-29T05:30:40+00:00","og_image":[{"url":"https:\/\/woodwide.be\/wp-content\/uploads\/2020\/09\/SP-c-1.jpg","type":"","width":"","height":""}],"twitter_card":"summary_large_image","twitter_misc":{"Geschatte leestijd":"3 minuten"},"schema":{"@context":"https:\/\/schema.org","@graph":[{"@type":"WebPage","@id":"https:\/\/woodwide.be\/nl\/diensten\/","url":"https:\/\/woodwide.be\/nl\/diensten\/","name":"Woodwide| Houtbewerking op maat","isPartOf":{"@id":"https:\/\/woodwide.be\/nl\/#website"},"primaryImageOfPage":{"@id":"https:\/\/woodwide.be\/nl\/diensten\/#primaryimage"},"image":{"@id":"https:\/\/woodwide.be\/nl\/diensten\/#primaryimage"},"thumbnailUrl":"https:\/\/woodwide.be\/wp-content\/uploads\/2020\/09\/SP-c-1.jpg","datePublished":"2024-01-20T14:07:00+00:00","dateModified":"2025-04-29T05:30:40+00:00","description":"Ontdek onze houtbewerking op maat voor al uw projecten. Vakmanschap, kwaliteit en innovatie voor uw houtbehoeften.","breadcrumb":{"@id":"https:\/\/woodwide.be\/nl\/diensten\/#breadcrumb"},"inLanguage":"nl-NL","potentialAction":[{"@type":"ReadAction","target":["https:\/\/woodwide.be\/nl\/diensten\/"]}]},{"@type":"ImageObject","inLanguage":"nl-NL","@id":"https:\/\/woodwide.be\/nl\/diensten\/#primaryimage","url":"https:\/\/woodwide.be\/wp-content\/uploads\/2020\/09\/SP-c-1.jpg","contentUrl":"https:\/\/woodwide.be\/wp-content\/uploads\/2020\/09\/SP-c-1.jpg"},{"@type":"BreadcrumbList","@id":"https:\/\/woodwide.be\/nl\/diensten\/#breadcrumb","itemListElement":[{"@type":"ListItem","position":1,"name":"Accueil","item":"https:\/\/woodwide.be\/nl\/home-2023\/"},{"@type":"ListItem","position":2,"name":"Diensten"}]},{"@type":"WebSite","@id":"https:\/\/woodwide.be\/nl\/#website","url":"https:\/\/woodwide.be\/nl\/","name":"Wood Wide","description":"","publisher":{"@id":"https:\/\/woodwide.be\/nl\/#organization"},"potentialAction":[{"@type":"SearchAction","target":{"@type":"EntryPoint","urlTemplate":"https:\/\/woodwide.be\/nl\/?s={search_term_string}"},"query-input":{"@type":"PropertyValueSpecification","valueRequired":true,"valueName":"search_term_string"}}],"inLanguage":"nl-NL"},{"@type":"Organization","@id":"https:\/\/woodwide.be\/nl\/#organization","name":"Wood Wide","url":"https:\/\/woodwide.be\/nl\/","logo":{"@type":"ImageObject","inLanguage":"nl-NL","@id":"https:\/\/woodwide.be\/nl\/#\/schema\/logo\/image\/","url":"https:\/\/woodwide.be\/wp-content\/uploads\/2020\/09\/Logo-Header.svg","contentUrl":"https:\/\/woodwide.be\/wp-content\/uploads\/2020\/09\/Logo-Header.svg","caption":"Wood Wide"},"image":{"@id":"https:\/\/woodwide.be\/nl\/#\/schema\/logo\/image\/"}}]}},"_links":{"self":[{"href":"https:\/\/woodwide.be\/nl\/wp-json\/wp\/v2\/pages\/1639","targetHints":{"allow":["GET"]}}],"collection":[{"href":"https:\/\/woodwide.be\/nl\/wp-json\/wp\/v2\/pages"}],"about":[{"href":"https:\/\/woodwide.be\/nl\/wp-json\/wp\/v2\/types\/page"}],"author":[{"embeddable":true,"href":"https:\/\/woodwide.be\/nl\/wp-json\/wp\/v2\/users\/9"}],"replies":[{"embeddable":true,"href":"https:\/\/woodwide.be\/nl\/wp-json\/wp\/v2\/comments?post=1639"}],"version-history":[{"count":12,"href":"https:\/\/woodwide.be\/nl\/wp-json\/wp\/v2\/pages\/1639\/revisions"}],"predecessor-version":[{"id":2042,"href":"https:\/\/woodwide.be\/nl\/wp-json\/wp\/v2\/pages\/1639\/revisions\/2042"}],"wp:attachment":[{"href":"https:\/\/woodwide.be\/nl\/wp-json\/wp\/v2\/media?parent=1639"}],"curies":[{"name":"wp","href":"https:\/\/api.w.org\/{rel}","templated":true}]}}