{"id":1031,"date":"2020-10-05T11:19:28","date_gmt":"2020-10-05T09:19:28","guid":{"rendered":"http:\/\/woodwide.be\/algemene-voorwaarden\/"},"modified":"2020-10-09T08:59:50","modified_gmt":"2020-10-09T06:59:50","slug":"algemene-voorwaarden","status":"publish","type":"page","link":"https:\/\/woodwide.be\/nl\/algemene-voorwaarden\/","title":{"rendered":"ALGEMENE VOORWAARDEN"},"content":{"rendered":"\n<p>Wood Wide SRL (ci-apr\u00e8s \u00ab Wood Wide \u00bb) propose aux Utilisateurs l\u2019acc\u00e8s au pr\u00e9sent site Internet www.woodwide.be (ci-apr\u00e8s \u201cle Site\u201d). Les Utilisateurs qui acc\u00e8dent au Site s\u2019engagent \u00e0 se conformer aux pr\u00e9sentes Conditions g\u00e9n\u00e9rales d\u2019utilisation (\u00ab CGU \u00bb).<\/p>\n\n\n\n<p><strong>MENTIONS L\u00c9GALES<\/strong><\/p>\n\n\n\n<p>Le pr\u00e9sent site www.woodwide.be (le \u00ab Site \u00bb) est la propri\u00e9t\u00e9 de Wood Wide SRL (ci-apr\u00e8s \u00ab Wood Wide\u00bb)<\/p>\n\n\n\n<p>Editeur : Wood Wide \u2013 Soci\u00e9t\u00e9 \u00e0 Responsabilit\u00e9 Limit\u00e9e (SRL) \u2013 Num\u00e9ro d\u2019entreprise (TVA-BE) : 0750 986 086<\/p>\n\n\n\n<p>Si\u00e8ge social : S\u00e9cheval, 4B, B-4920 Remouchamps.<\/p>\n\n\n\n<p>Ce site est h\u00e9berg\u00e9 chez VISIBLE, Parc d\u2019Activit\u00e9s des Hauts Sarts, 3e Avenue, 24 \u2013 4040 Herstal.<\/p>\n\n\n\n<p><strong>INFORMATIONS G\u00c9N\u00c9RALES<\/strong><\/p>\n\n\n\n<p>Ce site met en ligne des informations quant aux activit\u00e9s de Wood Wide. Wood Wide s\u2019engage \u00e0 assurer l\u2019exactitude et la mise \u00e0 jour des donn\u00e9es diffus\u00e9es sur le Site et elle se r\u00e9serve le droit \u00e0 tout moment et \u00e0 son enti\u00e8re discr\u00e9tion de modifier le contenu du Site.<\/p>\n\n\n\n<p>La&nbsp;<a href=\"\/nl\/gdpr\/\">Politique de Confidentialit\u00e9<\/a>&nbsp;fait partie int\u00e9grante de ces conditions g\u00e9n\u00e9rales d\u2019utilisation.<\/p>\n\n\n\n<p><strong>PROPRI\u00c9T\u00c9 INTELLECTUELLE<\/strong><\/p>\n\n\n\n<p>Les marques et les logos (marques semi-figuratives) pr\u00e9sentes sur le Site sont des marques d\u00e9pos\u00e9es propri\u00e9t\u00e9 de, ou conc\u00e9d\u00e9es en licence \u00e0, Wood Wide SRL. Toute reproduction ou publication totale ou partielle, seules ou int\u00e9gr\u00e9es \u00e0 d\u2019autres \u00e9l\u00e9ments, sans l\u2019autorisation \u00e9crite, expresse et pr\u00e9alablement obtenue de Wood Wide est strictement interdite.<\/p>\n\n\n\n<p>Le squelette g\u00e9n\u00e9ral, les logos, illustrations, d\u00e9nominations sociales, les logiciels, textes, photos, images, produits, vid\u00e9os, sons, savoir-faire, animations, et plus g\u00e9n\u00e9ralement toutes les donn\u00e9es et contenus figurant dans le Site, sont la propri\u00e9t\u00e9 exclusive de Wood Wide. Toute publication, modification, reproduction, d\u00e9naturation, totale ou partielle, de tout ou partie du Site ou de son contenu, de quelques mani\u00e8res que ce soit, et sur quelque support que ce soit est interdite et constituerait une contrefa\u00e7on des droits de propri\u00e9t\u00e9 intellectuelle.<\/p>\n\n\n\n<p>Les bases de donn\u00e9es pr\u00e9sentes, le cas \u00e9ch\u00e9ant, sur le Site sont prot\u00e9g\u00e9es. A ce titre, Wood Wide interdit express\u00e9ment toute reproduction, r\u00e9utilisation ou extraction d\u2019\u00e9l\u00e9ments de ces bases de donn\u00e9es. Wood Wide se r\u00e9serve le droit de supprimer imm\u00e9diatement, et sans pr\u00e9alablement mettre en demeure, tout \u00e9l\u00e9ment du Site qui d\u00e9rogerait aux lois et r\u00e8glements en vigueur, aux pr\u00e9sentes Conditions G\u00e9n\u00e9rales d\u2019Utilisation de Wood Wide.<\/p>\n\n\n\n<p>Toute utilisation d\u2019\u00e9l\u00e9ments du Site doit \u00eatre express\u00e9ment autoris\u00e9e par \u00e9crit et au pr\u00e9alable par Wood Wide, en faisant une demande \u00e9crite \u00e0&nbsp;<a href=\"mailto:info@woodwide.be\">info@woodwide.be<\/a>.<\/p>\n\n\n\n<p><strong>LIENS HYPERTEXTES<\/strong><\/p>\n\n\n\n<p>Le Site peut contenir des liens vers des sites Internet de tiers. Wood Wide d\u00e9cline toute responsabilit\u00e9 quant au contenu de ces sites et n\u2019est pas responsable de l\u2019usage que l\u2019utilisateur peut en faire.<\/p>\n\n\n\n<p><strong>PHOTOGRAPHIES:&nbsp;<\/strong>\u00a9Wood Wide et&nbsp;<a href=\"http:\/\/adobestock.com\/\" target=\"_blank\" rel=\"noreferrer noopener\">\u00a9Adobestock<\/a><\/p>\n\n\n\n<p><strong>PROTECTION DES DONN\u00c9ES \u00c0 CARACT\u00c8RE PERSONNEL<\/strong><\/p>\n\n\n\n<p>La navigation sur le Site par l\u2019Utilisateur, et l\u2019utilisation de tout ou partie des fonctionnalit\u00e9s du Site n\u00e9cessitent la collecte et le traitement de donn\u00e9es \u00e0 caract\u00e8re personnel, dont les conditions et modalit\u00e9s d\u2019ex\u00e9cution sont expliqu\u00e9es dans la&nbsp;<a href=\"\/nl\/gdpr\/\">Politique de Confidentialit\u00e9<\/a>.<\/p>\n\n\n\n<p>Les Utilisateurs du Site sont pri\u00e9s de consulter la&nbsp;<a href=\"https:\/\/woodwide.be\/nl\/gdpr\/\" data-type=\"page\" data-id=\"1035\">Politique de Confidentialit\u00e9<\/a>&nbsp;pour conna\u00eetre et exercer leurs droits, notamment leur droit d\u2019acc\u00e8s, de modification, de suppression, droit \u00e0 la limitation du traitement et \u00e0 la portabilit\u00e9 des donn\u00e9es.<\/p>\n\n\n\n<p><strong>RESPONSABILIT\u00c9<\/strong><\/p>\n\n\n\n<p>Wood Wide n\u2019est pas responsable des retards, difficult\u00e9s d\u2019usage, ou de l\u2019incompatibilit\u00e9 de formats entre le pr\u00e9sent Site et des fichiers, votre navigateur ou tout autre programme d\u2019acc\u00e8s au Site.<\/p>\n\n\n\n<p>Wood Wide ne pourra jamais \u00eatre tenu responsable de tout dommage cons\u00e9cutif \u00e0 la diffusion par un tiers d\u2019un virus via le Site et susceptible d\u2019infecter votre syst\u00e8me informatique suite \u00e0 votre consultation ou navigation sur le Site. De m\u00eame Wood Wide n\u2019est pas responsable de dommage mat\u00e9riel (y compris, mais non exhaustif&nbsp;: d\u00e9faillance technique, divulgation de documents confidentiels, perte de donn\u00e9es, corruption, perte, d\u00e9tournement, communication non autoris\u00e9e de fichiers ou de donn\u00e9es, y compris de donn\u00e9es \u00e0 caract\u00e8re personnel), ni de tout autre dommage indirect, li\u00e9s \u00e0 l\u2019utilisation du Site.<\/p>\n\n\n\n<p>Wood Wide et ses contributeurs s\u2019efforcent d\u2019assurer que les informations affich\u00e9es sur le Site sont correctes et \u00e0 jour, en se r\u00e9servant le droit d\u2019en changer ou supprimer le contenu \u00e0 n\u2019importe quel moment et sans pr\u00e9avis. Il n\u2019emp\u00eache que Wood Wide ne peut assurer que ces donn\u00e9es sont compl\u00e8tes, ni qu\u2019elles ne seront pas endommag\u00e9es par un tiers (piratage, virus). Wood Wide se r\u00e9serve le droit de, modifier ou supprimer n\u2019importe quand et sans notice pr\u00e9alable, les contenus du Site. Cependant, Wood Wide et ses contributeurs ne peuvent \u00eatre tenus responsables de&nbsp;: l\u2019ad\u00e9quation, la pr\u00e9cision, la rectitude, l\u2019absence d\u2019erreurs, l\u2019authenticit\u00e9, l\u2019actualit\u00e9, le caract\u00e8re loyal et commercial, la qualit\u00e9, le bien-fond\u00e9, et la disponibilit\u00e9 des donn\u00e9es publi\u00e9es sur le Site. L\u2019utilisateur assume les risques li\u00e9s au cr\u00e9dit qu\u2019il donne \u00e0 ces informations. Des erreurs ou oublis pourront r\u00e9sulter par exemple de fautes typographiques ou de mise en page. Si vous trouviez des erreurs, vous \u00eates invit\u00e9s \u00e0 nous les communiquer pour correction, via le formulaire de contact du Site.<\/p>\n\n\n\n<p>Les \u00e9l\u00e9ments du Site sont fournis \u00ab en l\u2019\u00e9tat \u00bb sans aucune garantie d\u2019aucune sorte, implicite ou explicite.<\/p>\n\n\n\n<p>Wood Wide se r\u00e9serve le droit de modifier ou supprimer tout \u00e9l\u00e9ment du Site. Wood Wide peut n\u00e9anmoins modifier les pr\u00e9sentes conditions.<\/p>\n\n\n\n<p>Toute information dat\u00e9e qui est publi\u00e9e sur le Site vaut uniquement pour la date pr\u00e9cis\u00e9e.<\/p>\n\n\n\n<p>Il appartient \u00e0 chaque utilisateur de prendre toutes les mesures pour prot\u00e9ger ses propres donn\u00e9es et\/ou logiciels de la contamination d\u2019\u00e9ventuels virus circulant sur Internet.<\/p>\n\n\n\n<p>Chaque utilisateur est responsable du contenu publi\u00e9, post\u00e9, partag\u00e9, \u00e9chang\u00e9 ou mis en ligne sur le Site par lui.<\/p>\n\n\n\n<p><strong>LOI APPLICABLE<\/strong><\/p>\n\n\n\n<p>Le Site, ses Conditions d\u2019utilisation et tous les \u00e9l\u00e9ments s\u2019y rapportant, sont soumis \u00e0 la loi belge. Tous les litiges s\u2019y rapportant, rel\u00e8vent des tribunaux comp\u00e9tents de Li\u00e8ge, Belgique.<\/p>\n","protected":false},"excerpt":{"rendered":"<p>Wood Wide SRL (ci-apr\u00e8s \u00ab Wood Wide \u00bb) propose aux Utilisateurs l\u2019acc\u00e8s au pr\u00e9sent site Internet www.woodwide.be (ci-apr\u00e8s \u201cle Site\u201d). Les Utilisateurs qui acc\u00e8dent au Site s\u2019engagent \u00e0 se conformer aux pr\u00e9sentes Conditions g\u00e9n\u00e9rales d\u2019utilisation (\u00ab CGU \u00bb). MENTIONS L\u00c9GALES Le pr\u00e9sent site www.woodwide.be (le \u00ab Site \u00bb) est la propri\u00e9t\u00e9 de Wood Wide SRL [&hellip;]<\/p>\n","protected":false},"author":1,"featured_media":0,"parent":0,"menu_order":0,"comment_status":"closed","ping_status":"closed","template":"","meta":{"_acf_changed":false,"footnotes":""},"class_list":["post-1031","page","type-page","status-publish","hentry"],"acf":[],"yoast_head":"<!-- This site is optimized with the Yoast SEO plugin v26.5 - https:\/\/yoast.com\/wordpress\/plugins\/seo\/ -->\n<title>ALGEMENE VOORWAARDEN | Woodwide<\/title>\n<meta name=\"robots\" content=\"index, follow, max-snippet:-1, max-image-preview:large, max-video-preview:-1\" \/>\n<link rel=\"canonical\" href=\"https:\/\/woodwide.be\/nl\/algemene-voorwaarden\/\" \/>\n<meta property=\"og:locale\" content=\"nl_NL\" \/>\n<meta property=\"og:type\" content=\"article\" \/>\n<meta property=\"og:title\" content=\"ALGEMENE VOORWAARDEN | Woodwide\" \/>\n<meta property=\"og:description\" content=\"Wood Wide SRL (ci-apr\u00e8s \u00ab Wood Wide \u00bb) propose aux Utilisateurs l\u2019acc\u00e8s au pr\u00e9sent site Internet www.woodwide.be (ci-apr\u00e8s \u201cle Site\u201d). Les Utilisateurs qui acc\u00e8dent au Site s\u2019engagent \u00e0 se conformer aux pr\u00e9sentes Conditions g\u00e9n\u00e9rales d\u2019utilisation (\u00ab CGU \u00bb). MENTIONS L\u00c9GALES Le pr\u00e9sent site www.woodwide.be (le \u00ab Site \u00bb) est la propri\u00e9t\u00e9 de Wood Wide SRL [&hellip;]\" \/>\n<meta property=\"og:url\" content=\"https:\/\/woodwide.be\/nl\/algemene-voorwaarden\/\" \/>\n<meta property=\"og:site_name\" content=\"Woodwide\" \/>\n<meta property=\"article:modified_time\" content=\"2020-10-09T06:59:50+00:00\" \/>\n<meta name=\"twitter:card\" content=\"summary_large_image\" \/>\n<meta name=\"twitter:label1\" content=\"Geschatte leestijd\" \/>\n\t<meta name=\"twitter:data1\" content=\"5 minuten\" \/>\n<script type=\"application\/ld+json\" class=\"yoast-schema-graph\">{\"@context\":\"https:\/\/schema.org\",\"@graph\":[{\"@type\":\"WebPage\",\"@id\":\"https:\/\/woodwide.be\/nl\/algemene-voorwaarden\/\",\"url\":\"https:\/\/woodwide.be\/nl\/algemene-voorwaarden\/\",\"name\":\"ALGEMENE VOORWAARDEN | Woodwide\",\"isPartOf\":{\"@id\":\"https:\/\/woodwide.be\/nl\/#website\"},\"datePublished\":\"2020-10-05T09:19:28+00:00\",\"dateModified\":\"2020-10-09T06:59:50+00:00\",\"breadcrumb\":{\"@id\":\"https:\/\/woodwide.be\/nl\/algemene-voorwaarden\/#breadcrumb\"},\"inLanguage\":\"nl-NL\",\"potentialAction\":[{\"@type\":\"ReadAction\",\"target\":[\"https:\/\/woodwide.be\/nl\/algemene-voorwaarden\/\"]}]},{\"@type\":\"BreadcrumbList\",\"@id\":\"https:\/\/woodwide.be\/nl\/algemene-voorwaarden\/#breadcrumb\",\"itemListElement\":[{\"@type\":\"ListItem\",\"position\":1,\"name\":\"Accueil\",\"item\":\"https:\/\/woodwide.be\/nl\/home-2023\/\"},{\"@type\":\"ListItem\",\"position\":2,\"name\":\"ALGEMENE VOORWAARDEN\"}]},{\"@type\":\"WebSite\",\"@id\":\"https:\/\/woodwide.be\/nl\/#website\",\"url\":\"https:\/\/woodwide.be\/nl\/\",\"name\":\"Wood Wide\",\"description\":\"\",\"publisher\":{\"@id\":\"https:\/\/woodwide.be\/nl\/#organization\"},\"potentialAction\":[{\"@type\":\"SearchAction\",\"target\":{\"@type\":\"EntryPoint\",\"urlTemplate\":\"https:\/\/woodwide.be\/nl\/?s={search_term_string}\"},\"query-input\":{\"@type\":\"PropertyValueSpecification\",\"valueRequired\":true,\"valueName\":\"search_term_string\"}}],\"inLanguage\":\"nl-NL\"},{\"@type\":\"Organization\",\"@id\":\"https:\/\/woodwide.be\/nl\/#organization\",\"name\":\"Wood Wide\",\"url\":\"https:\/\/woodwide.be\/nl\/\",\"logo\":{\"@type\":\"ImageObject\",\"inLanguage\":\"nl-NL\",\"@id\":\"https:\/\/woodwide.be\/nl\/#\/schema\/logo\/image\/\",\"url\":\"https:\/\/woodwide.be\/wp-content\/uploads\/2020\/09\/Logo-Header.svg\",\"contentUrl\":\"https:\/\/woodwide.be\/wp-content\/uploads\/2020\/09\/Logo-Header.svg\",\"caption\":\"Wood Wide\"},\"image\":{\"@id\":\"https:\/\/woodwide.be\/nl\/#\/schema\/logo\/image\/\"}}]}<\/script>\n<!-- \/ Yoast SEO plugin. -->","yoast_head_json":{"title":"ALGEMENE VOORWAARDEN | Woodwide","robots":{"index":"index","follow":"follow","max-snippet":"max-snippet:-1","max-image-preview":"max-image-preview:large","max-video-preview":"max-video-preview:-1"},"canonical":"https:\/\/woodwide.be\/nl\/algemene-voorwaarden\/","og_locale":"nl_NL","og_type":"article","og_title":"ALGEMENE VOORWAARDEN | Woodwide","og_description":"Wood Wide SRL (ci-apr\u00e8s \u00ab Wood Wide \u00bb) propose aux Utilisateurs l\u2019acc\u00e8s au pr\u00e9sent site Internet www.woodwide.be (ci-apr\u00e8s \u201cle Site\u201d). Les Utilisateurs qui acc\u00e8dent au Site s\u2019engagent \u00e0 se conformer aux pr\u00e9sentes Conditions g\u00e9n\u00e9rales d\u2019utilisation (\u00ab CGU \u00bb). MENTIONS L\u00c9GALES Le pr\u00e9sent site www.woodwide.be (le \u00ab Site \u00bb) est la propri\u00e9t\u00e9 de Wood Wide SRL [&hellip;]","og_url":"https:\/\/woodwide.be\/nl\/algemene-voorwaarden\/","og_site_name":"Woodwide","article_modified_time":"2020-10-09T06:59:50+00:00","twitter_card":"summary_large_image","twitter_misc":{"Geschatte leestijd":"5 minuten"},"schema":{"@context":"https:\/\/schema.org","@graph":[{"@type":"WebPage","@id":"https:\/\/woodwide.be\/nl\/algemene-voorwaarden\/","url":"https:\/\/woodwide.be\/nl\/algemene-voorwaarden\/","name":"ALGEMENE VOORWAARDEN | Woodwide","isPartOf":{"@id":"https:\/\/woodwide.be\/nl\/#website"},"datePublished":"2020-10-05T09:19:28+00:00","dateModified":"2020-10-09T06:59:50+00:00","breadcrumb":{"@id":"https:\/\/woodwide.be\/nl\/algemene-voorwaarden\/#breadcrumb"},"inLanguage":"nl-NL","potentialAction":[{"@type":"ReadAction","target":["https:\/\/woodwide.be\/nl\/algemene-voorwaarden\/"]}]},{"@type":"BreadcrumbList","@id":"https:\/\/woodwide.be\/nl\/algemene-voorwaarden\/#breadcrumb","itemListElement":[{"@type":"ListItem","position":1,"name":"Accueil","item":"https:\/\/woodwide.be\/nl\/home-2023\/"},{"@type":"ListItem","position":2,"name":"ALGEMENE VOORWAARDEN"}]},{"@type":"WebSite","@id":"https:\/\/woodwide.be\/nl\/#website","url":"https:\/\/woodwide.be\/nl\/","name":"Wood Wide","description":"","publisher":{"@id":"https:\/\/woodwide.be\/nl\/#organization"},"potentialAction":[{"@type":"SearchAction","target":{"@type":"EntryPoint","urlTemplate":"https:\/\/woodwide.be\/nl\/?s={search_term_string}"},"query-input":{"@type":"PropertyValueSpecification","valueRequired":true,"valueName":"search_term_string"}}],"inLanguage":"nl-NL"},{"@type":"Organization","@id":"https:\/\/woodwide.be\/nl\/#organization","name":"Wood Wide","url":"https:\/\/woodwide.be\/nl\/","logo":{"@type":"ImageObject","inLanguage":"nl-NL","@id":"https:\/\/woodwide.be\/nl\/#\/schema\/logo\/image\/","url":"https:\/\/woodwide.be\/wp-content\/uploads\/2020\/09\/Logo-Header.svg","contentUrl":"https:\/\/woodwide.be\/wp-content\/uploads\/2020\/09\/Logo-Header.svg","caption":"Wood Wide"},"image":{"@id":"https:\/\/woodwide.be\/nl\/#\/schema\/logo\/image\/"}}]}},"_links":{"self":[{"href":"https:\/\/woodwide.be\/nl\/wp-json\/wp\/v2\/pages\/1031","targetHints":{"allow":["GET"]}}],"collection":[{"href":"https:\/\/woodwide.be\/nl\/wp-json\/wp\/v2\/pages"}],"about":[{"href":"https:\/\/woodwide.be\/nl\/wp-json\/wp\/v2\/types\/page"}],"author":[{"embeddable":true,"href":"https:\/\/woodwide.be\/nl\/wp-json\/wp\/v2\/users\/1"}],"replies":[{"embeddable":true,"href":"https:\/\/woodwide.be\/nl\/wp-json\/wp\/v2\/comments?post=1031"}],"version-history":[{"count":4,"href":"https:\/\/woodwide.be\/nl\/wp-json\/wp\/v2\/pages\/1031\/revisions"}],"predecessor-version":[{"id":1074,"href":"https:\/\/woodwide.be\/nl\/wp-json\/wp\/v2\/pages\/1031\/revisions\/1074"}],"wp:attachment":[{"href":"https:\/\/woodwide.be\/nl\/wp-json\/wp\/v2\/media?parent=1031"}],"curies":[{"name":"wp","href":"https:\/\/api.w.org\/{rel}","templated":true}]}}