{"id":1028,"date":"2020-10-05T11:15:39","date_gmt":"2020-10-05T09:15:39","guid":{"rendered":"http:\/\/woodwide.be\/algemene-verkoopsvoorwaarden\/"},"modified":"2020-10-05T11:20:10","modified_gmt":"2020-10-05T09:20:10","slug":"algemene-verkoopsvoorwaarden","status":"publish","type":"page","link":"https:\/\/woodwide.be\/nl\/algemene-verkoopsvoorwaarden\/","title":{"rendered":"ALGEMENE VERKOOPSVOORWAARDEN"},"content":{"rendered":"\n<ol class=\"wp-block-list\" id=\"block-dd2108a8-b239-4e2e-bb5a-bf42e402b53a\"><li>Les pr\u00e9sentes conditions g\u00e9n\u00e9rales de vente s\u2019appliquent \u00e0 tous les contrats conclus avec Be Wood. La passation d\u2019une commande et\/ou l\u2019acceptation d\u2019une facture, d\u2019une offre ou d\u2019un devis impliquent l\u2019acceptation des pr\u00e9sentes conditions g\u00e9n\u00e9rales par le client.&nbsp;<\/li><li>Sauf mention contraire explicite, toutes les offres, devis et informations sont fournis \u00e0 titre indicatif, sans engagement jusqu\u2019\u00e0 la r\u00e9ception de la confirmation de la commande. Une commande pass\u00e9e par le client ne lie Be Wood qu\u2019apr\u00e8s acceptation \u00e9crite d\u2019un devis ou une offre remis, o\u00f9 seront pr\u00e9cis\u00e9s les dimensions, quantit\u00e9s, prix, d\u00e9lais et conditions de paiement. La confirmation de commande valid\u00e9e par le client sera enregistr\u00e9e, mise en production et non modifiable.<\/li><li><p>Les factures sont payables \u00e0 Wood Wide SRL \u2013 ING <em>3631 2055 6690;&nbsp; IBAN: BE 58 &nbsp; 3631 2055 6690; SWIFT\/ BIC : BBRUBEBB. <\/em>Celles-ci sont redevables telles quelles nonobstant toute modification apport\u00e9e par le client apr\u00e8s la validation de la commande.<\/p><\/li><li>Les paiements s\u2019entendent comptant, soit \u00e0 la r\u00e9ception de la facture, sauf indication contraire mentionn\u00e9e \u00e0 titre d\u2019\u00e9ch\u00e9ance sur la facture de vente.<\/li><li>Les factures non pay\u00e9es \u00e0 l\u2019\u00e9ch\u00e9ance sont port\u00e9es selon le droit et sans avertissement pr\u00e9alable ni rappel de paiement \u00e0 un taux d\u2019int\u00e9r\u00eat de 12% par an.<\/li><li>En cas de non-paiement \u00e0 l\u2019\u00e9ch\u00e9ance et apr\u00e8s rappel, le montant de la facture sera major\u00e9 de 15%.<\/li><li>En cas de d\u00e9faut de paiement du fait du client end\u00e9ans le d\u00e9lai imparti, le contrat de vente peut \u00eatre r\u00e9sili\u00e9 par le vendeur sans pr\u00e9avis ni indemnit\u00e9.<\/li><li>Les risques sont \u00e0 charge du client d\u00e8s l\u2019exp\u00e9dition des biens, m\u00eame si ceux-ci sont vendus franco. Les d\u00e9lais de livraison ne sont donn\u00e9es qu\u2019\u00e0 titre indicatif, ils ne lient pas Be Wood, sauf indication contraire dans l\u2019offre ou le devis. Aucune indemnit\u00e9 de retard, annulation de la commande ou r\u00e9siliation partielle ou totale du contrat n\u2019est possible en cas de retard de livraison.&nbsp;<\/li><li>Aucune r\u00e9clamation du client concernant notamment la qualit\u00e9 ou la quantit\u00e9 de la commande ne sera prise en compte sans r\u00e9clamation \u00e9crite et document\u00e9e (photos) re\u00e7ue dans les 12 heures du chargement dans le cas de prix d\u00e9part ou de la livraison dans le cas de prix rendus. La non-conformit\u00e9 de la quantit\u00e9 (pi\u00e8ces) doit \u00eatre directement soulev\u00e9e par le client au moment de la livraison sur le document de transport.<\/li><li>Si la livraison est emp\u00each\u00e9e pour cause de force majeure, Be Wood a le droit soit d\u2019adapter le contrat aux circonstances, soit de r\u00e9silier partiellement ou totalement le contrat ou de suspendre partiellement ou totalement l\u2019ex\u00e9cution du contrat, tant que la circonstance de force majeure persiste. Aucune indemnit\u00e9 n\u2019est due au client en cas de force majeure.<\/li><li>L\u2019\u00e9ventuelle nullit\u00e9 d\u2019une clause des pr\u00e9sentes conditions g\u00e9n\u00e9rales n\u2019affectera pas la validit\u00e9 des autres clauses.&nbsp;<\/li><li>Les pr\u00e9sentes conditions g\u00e9n\u00e9rales sont r\u00e9gies par le droit belge. En cas de litige, seul le tribunal de Li\u00e8ge (Belgique) est comp\u00e9tent.<\/li><\/ol>\n","protected":false},"excerpt":{"rendered":"<p>Les pr\u00e9sentes conditions g\u00e9n\u00e9rales de vente s\u2019appliquent \u00e0 tous les contrats conclus avec Be Wood. La passation d\u2019une commande et\/ou l\u2019acceptation d\u2019une facture, d\u2019une offre ou d\u2019un devis impliquent l\u2019acceptation des pr\u00e9sentes conditions g\u00e9n\u00e9rales par le client.&nbsp; Sauf mention contraire explicite, toutes les offres, devis et informations sont fournis \u00e0 titre indicatif, sans engagement jusqu\u2019\u00e0 [&hellip;]<\/p>\n","protected":false},"author":1,"featured_media":0,"parent":0,"menu_order":0,"comment_status":"closed","ping_status":"closed","template":"","meta":{"_acf_changed":false,"footnotes":""},"class_list":["post-1028","page","type-page","status-publish","hentry"],"acf":[],"yoast_head":"<!-- This site is optimized with the Yoast SEO plugin v26.5 - https:\/\/yoast.com\/wordpress\/plugins\/seo\/ -->\n<title>ALGEMENE VERKOOPSVOORWAARDEN | Woodwide<\/title>\n<meta name=\"robots\" content=\"index, follow, max-snippet:-1, max-image-preview:large, max-video-preview:-1\" \/>\n<link rel=\"canonical\" href=\"https:\/\/woodwide.be\/nl\/algemene-verkoopsvoorwaarden\/\" \/>\n<meta property=\"og:locale\" content=\"nl_NL\" \/>\n<meta property=\"og:type\" content=\"article\" \/>\n<meta property=\"og:title\" content=\"ALGEMENE VERKOOPSVOORWAARDEN | Woodwide\" \/>\n<meta property=\"og:description\" content=\"Les pr\u00e9sentes conditions g\u00e9n\u00e9rales de vente s\u2019appliquent \u00e0 tous les contrats conclus avec Be Wood. La passation d\u2019une commande et\/ou l\u2019acceptation d\u2019une facture, d\u2019une offre ou d\u2019un devis impliquent l\u2019acceptation des pr\u00e9sentes conditions g\u00e9n\u00e9rales par le client.&nbsp; Sauf mention contraire explicite, toutes les offres, devis et informations sont fournis \u00e0 titre indicatif, sans engagement jusqu\u2019\u00e0 [&hellip;]\" \/>\n<meta property=\"og:url\" content=\"https:\/\/woodwide.be\/nl\/algemene-verkoopsvoorwaarden\/\" \/>\n<meta property=\"og:site_name\" content=\"Woodwide\" \/>\n<meta property=\"article:modified_time\" content=\"2020-10-05T09:20:10+00:00\" \/>\n<meta name=\"twitter:card\" content=\"summary_large_image\" \/>\n<meta name=\"twitter:label1\" content=\"Geschatte leestijd\" \/>\n\t<meta name=\"twitter:data1\" content=\"3 minuten\" \/>\n<script type=\"application\/ld+json\" class=\"yoast-schema-graph\">{\"@context\":\"https:\/\/schema.org\",\"@graph\":[{\"@type\":\"WebPage\",\"@id\":\"https:\/\/woodwide.be\/nl\/algemene-verkoopsvoorwaarden\/\",\"url\":\"https:\/\/woodwide.be\/nl\/algemene-verkoopsvoorwaarden\/\",\"name\":\"ALGEMENE VERKOOPSVOORWAARDEN | Woodwide\",\"isPartOf\":{\"@id\":\"https:\/\/woodwide.be\/nl\/#website\"},\"datePublished\":\"2020-10-05T09:15:39+00:00\",\"dateModified\":\"2020-10-05T09:20:10+00:00\",\"breadcrumb\":{\"@id\":\"https:\/\/woodwide.be\/nl\/algemene-verkoopsvoorwaarden\/#breadcrumb\"},\"inLanguage\":\"nl-NL\",\"potentialAction\":[{\"@type\":\"ReadAction\",\"target\":[\"https:\/\/woodwide.be\/nl\/algemene-verkoopsvoorwaarden\/\"]}]},{\"@type\":\"BreadcrumbList\",\"@id\":\"https:\/\/woodwide.be\/nl\/algemene-verkoopsvoorwaarden\/#breadcrumb\",\"itemListElement\":[{\"@type\":\"ListItem\",\"position\":1,\"name\":\"Accueil\",\"item\":\"https:\/\/woodwide.be\/nl\/home-2023\/\"},{\"@type\":\"ListItem\",\"position\":2,\"name\":\"ALGEMENE VERKOOPSVOORWAARDEN\"}]},{\"@type\":\"WebSite\",\"@id\":\"https:\/\/woodwide.be\/nl\/#website\",\"url\":\"https:\/\/woodwide.be\/nl\/\",\"name\":\"Wood Wide\",\"description\":\"\",\"publisher\":{\"@id\":\"https:\/\/woodwide.be\/nl\/#organization\"},\"potentialAction\":[{\"@type\":\"SearchAction\",\"target\":{\"@type\":\"EntryPoint\",\"urlTemplate\":\"https:\/\/woodwide.be\/nl\/?s={search_term_string}\"},\"query-input\":{\"@type\":\"PropertyValueSpecification\",\"valueRequired\":true,\"valueName\":\"search_term_string\"}}],\"inLanguage\":\"nl-NL\"},{\"@type\":\"Organization\",\"@id\":\"https:\/\/woodwide.be\/nl\/#organization\",\"name\":\"Wood Wide\",\"url\":\"https:\/\/woodwide.be\/nl\/\",\"logo\":{\"@type\":\"ImageObject\",\"inLanguage\":\"nl-NL\",\"@id\":\"https:\/\/woodwide.be\/nl\/#\/schema\/logo\/image\/\",\"url\":\"https:\/\/woodwide.be\/wp-content\/uploads\/2020\/09\/Logo-Header.svg\",\"contentUrl\":\"https:\/\/woodwide.be\/wp-content\/uploads\/2020\/09\/Logo-Header.svg\",\"caption\":\"Wood Wide\"},\"image\":{\"@id\":\"https:\/\/woodwide.be\/nl\/#\/schema\/logo\/image\/\"}}]}<\/script>\n<!-- \/ Yoast SEO plugin. -->","yoast_head_json":{"title":"ALGEMENE VERKOOPSVOORWAARDEN | Woodwide","robots":{"index":"index","follow":"follow","max-snippet":"max-snippet:-1","max-image-preview":"max-image-preview:large","max-video-preview":"max-video-preview:-1"},"canonical":"https:\/\/woodwide.be\/nl\/algemene-verkoopsvoorwaarden\/","og_locale":"nl_NL","og_type":"article","og_title":"ALGEMENE VERKOOPSVOORWAARDEN | Woodwide","og_description":"Les pr\u00e9sentes conditions g\u00e9n\u00e9rales de vente s\u2019appliquent \u00e0 tous les contrats conclus avec Be Wood. La passation d\u2019une commande et\/ou l\u2019acceptation d\u2019une facture, d\u2019une offre ou d\u2019un devis impliquent l\u2019acceptation des pr\u00e9sentes conditions g\u00e9n\u00e9rales par le client.&nbsp; Sauf mention contraire explicite, toutes les offres, devis et informations sont fournis \u00e0 titre indicatif, sans engagement jusqu\u2019\u00e0 [&hellip;]","og_url":"https:\/\/woodwide.be\/nl\/algemene-verkoopsvoorwaarden\/","og_site_name":"Woodwide","article_modified_time":"2020-10-05T09:20:10+00:00","twitter_card":"summary_large_image","twitter_misc":{"Geschatte leestijd":"3 minuten"},"schema":{"@context":"https:\/\/schema.org","@graph":[{"@type":"WebPage","@id":"https:\/\/woodwide.be\/nl\/algemene-verkoopsvoorwaarden\/","url":"https:\/\/woodwide.be\/nl\/algemene-verkoopsvoorwaarden\/","name":"ALGEMENE VERKOOPSVOORWAARDEN | Woodwide","isPartOf":{"@id":"https:\/\/woodwide.be\/nl\/#website"},"datePublished":"2020-10-05T09:15:39+00:00","dateModified":"2020-10-05T09:20:10+00:00","breadcrumb":{"@id":"https:\/\/woodwide.be\/nl\/algemene-verkoopsvoorwaarden\/#breadcrumb"},"inLanguage":"nl-NL","potentialAction":[{"@type":"ReadAction","target":["https:\/\/woodwide.be\/nl\/algemene-verkoopsvoorwaarden\/"]}]},{"@type":"BreadcrumbList","@id":"https:\/\/woodwide.be\/nl\/algemene-verkoopsvoorwaarden\/#breadcrumb","itemListElement":[{"@type":"ListItem","position":1,"name":"Accueil","item":"https:\/\/woodwide.be\/nl\/home-2023\/"},{"@type":"ListItem","position":2,"name":"ALGEMENE VERKOOPSVOORWAARDEN"}]},{"@type":"WebSite","@id":"https:\/\/woodwide.be\/nl\/#website","url":"https:\/\/woodwide.be\/nl\/","name":"Wood Wide","description":"","publisher":{"@id":"https:\/\/woodwide.be\/nl\/#organization"},"potentialAction":[{"@type":"SearchAction","target":{"@type":"EntryPoint","urlTemplate":"https:\/\/woodwide.be\/nl\/?s={search_term_string}"},"query-input":{"@type":"PropertyValueSpecification","valueRequired":true,"valueName":"search_term_string"}}],"inLanguage":"nl-NL"},{"@type":"Organization","@id":"https:\/\/woodwide.be\/nl\/#organization","name":"Wood Wide","url":"https:\/\/woodwide.be\/nl\/","logo":{"@type":"ImageObject","inLanguage":"nl-NL","@id":"https:\/\/woodwide.be\/nl\/#\/schema\/logo\/image\/","url":"https:\/\/woodwide.be\/wp-content\/uploads\/2020\/09\/Logo-Header.svg","contentUrl":"https:\/\/woodwide.be\/wp-content\/uploads\/2020\/09\/Logo-Header.svg","caption":"Wood Wide"},"image":{"@id":"https:\/\/woodwide.be\/nl\/#\/schema\/logo\/image\/"}}]}},"_links":{"self":[{"href":"https:\/\/woodwide.be\/nl\/wp-json\/wp\/v2\/pages\/1028","targetHints":{"allow":["GET"]}}],"collection":[{"href":"https:\/\/woodwide.be\/nl\/wp-json\/wp\/v2\/pages"}],"about":[{"href":"https:\/\/woodwide.be\/nl\/wp-json\/wp\/v2\/types\/page"}],"author":[{"embeddable":true,"href":"https:\/\/woodwide.be\/nl\/wp-json\/wp\/v2\/users\/1"}],"replies":[{"embeddable":true,"href":"https:\/\/woodwide.be\/nl\/wp-json\/wp\/v2\/comments?post=1028"}],"version-history":[{"count":2,"href":"https:\/\/woodwide.be\/nl\/wp-json\/wp\/v2\/pages\/1028\/revisions"}],"predecessor-version":[{"id":1033,"href":"https:\/\/woodwide.be\/nl\/wp-json\/wp\/v2\/pages\/1028\/revisions\/1033"}],"wp:attachment":[{"href":"https:\/\/woodwide.be\/nl\/wp-json\/wp\/v2\/media?parent=1028"}],"curies":[{"name":"wp","href":"https:\/\/api.w.org\/{rel}","templated":true}]}}