{"id":1714,"date":"2024-01-28T15:32:55","date_gmt":"2024-01-28T14:32:55","guid":{"rendered":"https:\/\/woodwide.be\/services\/"},"modified":"2025-04-29T07:33:14","modified_gmt":"2025-04-29T05:33:14","slug":"services","status":"publish","type":"page","link":"https:\/\/woodwide.be\/en\/services\/","title":{"rendered":"Services"},"content":{"rendered":"\t\t<div data-elementor-type=\"wp-page\" data-elementor-id=\"1714\" class=\"elementor elementor-1714 elementor-1294\" data-elementor-post-type=\"page\">\n\t\t\t\t\t\t<section class=\"elementor-section elementor-top-section elementor-element elementor-element-00ce395 elementor-section-boxed elementor-section-height-default elementor-section-height-default\" data-id=\"00ce395\" data-element_type=\"section\">\n\t\t\t\t\t\t<div class=\"elementor-container elementor-column-gap-default\">\n\t\t\t\t\t<div class=\"elementor-column elementor-col-100 elementor-top-column elementor-element elementor-element-eb42def\" data-id=\"eb42def\" data-element_type=\"column\">\n\t\t\t<div class=\"elementor-widget-wrap elementor-element-populated\">\n\t\t\t\t\t\t<div class=\"elementor-element elementor-element-ac4fdd5 elementor-widget elementor-widget-heading\" data-id=\"ac4fdd5\" data-element_type=\"widget\" data-widget_type=\"heading.default\">\n\t\t\t\t<div class=\"elementor-widget-container\">\n\t\t\t\t\t<h1 class=\"elementor-heading-title elementor-size-default\">Services<\/h1>\t\t\t\t<\/div>\n\t\t\t\t<\/div>\n\t\t\t\t\t<\/div>\n\t\t<\/div>\n\t\t\t\t\t<\/div>\n\t\t<\/section>\n\t\t\t\t<section class=\"elementor-section elementor-top-section elementor-element elementor-element-37d0dfa elementor-section-boxed elementor-section-height-default elementor-section-height-default\" data-id=\"37d0dfa\" data-element_type=\"section\">\n\t\t\t\t\t\t<div class=\"elementor-container elementor-column-gap-default\">\n\t\t\t\t\t<div class=\"elementor-column elementor-col-50 elementor-top-column elementor-element elementor-element-7ab70f7\" data-id=\"7ab70f7\" data-element_type=\"column\">\n\t\t\t<div class=\"elementor-widget-wrap elementor-element-populated\">\n\t\t\t\t\t\t<div class=\"elementor-element elementor-element-434c51a elementor-widget elementor-widget-text-editor\" data-id=\"434c51a\" data-element_type=\"widget\" data-widget_type=\"text-editor.default\">\n\t\t\t\t<div class=\"elementor-widget-container\">\n\t\t\t\t\t\t\t\t\t<p>We differ from the other timber merchants and actors in the first and second processing steps of softwood in Western Europe because of WHO WE ARE (see the page <a href=\"https:\/\/woodwide.be\/en\/about-wood-wide\/\">About Wood Wide<\/a>).<\/p>\n<p>John and I have our private, personal stories, in other words, two rather singular paths in life that existed separately before we met to continue our journey together and create a third path common to our two beings.<\/p>\n<p>In any event, our story, to my knowledge, is unique, and we are proud of it.  <span style=\"color: var( --e-global-color-text ); font-family: var( --e-global-typography-text-font-family ), Sans-serif; font-weight: var( --e-global-typography-text-font-weight ); font-size: 1rem;\">Just as I am proud of my own path and the place I\u2019ve reached today at the age of 46.<\/span><\/p><\/p>\n\t\t\t\t\t\t\t\t<\/div>\n\t\t\t\t<\/div>\n\t\t\t\t\t<\/div>\n\t\t<\/div>\n\t\t\t\t<div class=\"elementor-column elementor-col-50 elementor-top-column elementor-element elementor-element-1d792e4\" data-id=\"1d792e4\" data-element_type=\"column\">\n\t\t\t<div class=\"elementor-widget-wrap elementor-element-populated\">\n\t\t\t\t\t\t<div class=\"elementor-element elementor-element-e1b1617 elementor-widget elementor-widget-text-editor\" data-id=\"e1b1617\" data-element_type=\"widget\" data-widget_type=\"text-editor.default\">\n\t\t\t\t<div class=\"elementor-widget-container\">\n\t\t\t\t\t\t\t\t\t<p style=\"text-align: justify;\"><a href=\"https:\/\/woodwide.be\/en\/products\/\"><b>Wood Wide offers something exceptional and unique<\/b><\/a>, absolutely rare and singular service, since our work is \u2018bespoke\u2019; it is <b>tailored<\/b> case by case to each situation at time T, down to the very moment.<br \/>As far as we know, we are <b>the only ones to provide such comprehensive \u201call-in service\u201d FROM A TO Z<\/b>. That is to say, beyond a totally bespoke and adjusted quote, our services start as of the first encounter and pinpointing of the customer\u2019s precise need or needs, and end with the paid delivery. <\/p>\n<p style=\"text-align: justify;\">We will of course take your remarks and CONSTRUCTIVE proposals for improvement on board, for we are constantly searching to improve our beings and doings, i.e. ourselves and our services.<\/p>\n\t\t\t\t\t\t\t\t<\/div>\n\t\t\t\t<\/div>\n\t\t\t\t\t<\/div>\n\t\t<\/div>\n\t\t\t\t\t<\/div>\n\t\t<\/section>\n\t\t\t\t<section class=\"elementor-section elementor-top-section elementor-element elementor-element-5948fca elementor-section-boxed elementor-section-height-default elementor-section-height-default\" data-id=\"5948fca\" data-element_type=\"section\" data-settings=\"{&quot;background_background&quot;:&quot;classic&quot;}\">\n\t\t\t\t\t\t<div class=\"elementor-container elementor-column-gap-default\">\n\t\t\t\t\t<div class=\"elementor-column elementor-col-33 elementor-top-column elementor-element elementor-element-1ca8849\" data-id=\"1ca8849\" data-element_type=\"column\">\n\t\t\t<div class=\"elementor-widget-wrap elementor-element-populated\">\n\t\t\t\t\t\t<div class=\"elementor-element elementor-element-838c18e elementor-widget elementor-widget-text-editor\" data-id=\"838c18e\" data-element_type=\"widget\" data-widget_type=\"text-editor.default\">\n\t\t\t\t<div class=\"elementor-widget-container\">\n\t\t\t\t\t\t\t\t\t<h3>BUT IN ADDITION\u2026<\/h3>\n<p>We will also assume responsibility and be there if your expectations are (astonishingly and reasonably) let down.<\/p>\n<p>Today, in these tormented and volatile times where instability is becoming stronger and stronger each day, taking time to listen and to challenge things is essential.<\/p>\n<p>People are faced with so much contradictory and scatty information, often without having the time for analysis and fact-checking that is necessary to take a wise decision, that <b>we believe, as professionals<\/b> with more than sixty years of experience combined in the sector, that <b>we have a duty to raise awareness and inform people<\/b>.<br \/>So, by dint of peeling and cleaning, we will be able to reach the quintessential core of things and to have a true and accurate view of the specific need, for how long the investment is planned to run and the price that the prospective or current customer is willing and able to pay.<\/p>\n\t\t\t\t\t\t\t\t<\/div>\n\t\t\t\t<\/div>\n\t\t\t\t\t<\/div>\n\t\t<\/div>\n\t\t\t\t<div class=\"elementor-column elementor-col-33 elementor-top-column elementor-element elementor-element-4c3cb7f\" data-id=\"4c3cb7f\" data-element_type=\"column\">\n\t\t\t<div class=\"elementor-widget-wrap elementor-element-populated\">\n\t\t\t\t\t\t<div class=\"elementor-element elementor-element-a73678b elementor-widget elementor-widget-text-editor\" data-id=\"a73678b\" data-element_type=\"widget\" data-widget_type=\"text-editor.default\">\n\t\t\t\t<div class=\"elementor-widget-container\">\n\t\t\t\t\t\t\t\t\t<p><span style=\"color: var( --e-global-color-text ); font-family: var( --e-global-typography-text-font-family ), Sans-serif; font-weight: var( --e-global-typography-text-font-weight ); font-size: 1rem;\">A mix of these elements, added to time and seasonal factors, as well as competition,<\/span> <span style=\"color: var( --e-global-color-text ); font-family: var( --e-global-typography-text-font-family ), Sans-serif; font-size: 1rem;\"><b>enables us to provide the best answers to your needs<\/b><\/span><span style=\"color: var( --e-global-color-text ); font-family: var( --e-global-typography-text-font-family ), Sans-serif; font-weight: var( --e-global-typography-text-font-weight ); font-size: 1rem;\">.<\/span><\/p>\n<p><b>Wood Wide will accompany and advise you<\/b> as you walk down your chosen path by providing you with professional answers to fit your needs to a T.<\/p>\n<p>Adjusting to a customer\u2019s requests and expectations is a must if we are to forge lasting relationships.<\/p>\n<p>Wood Wide orchestrates the whole process : production start-up, calibrating\/ peeling, drying, impregnation and transport. On thousands of m3 markets, Wood Wide basically runs its providers to have the volumes delivered in time. <\/p>\n<p>Being <b>flanked by a long list of actors<\/b> locally and across Europe is what enables Wood Wide, as a link in the chain and orchestra conductor, to deliver turn-key timber to your door, including to construction sites requiring tens of thousands of cubic metres worth millions of euros!<\/p>\n\t\t\t\t\t\t\t\t<\/div>\n\t\t\t\t<\/div>\n\t\t\t\t\t<\/div>\n\t\t<\/div>\n\t\t\t\t<div class=\"elementor-column elementor-col-33 elementor-top-column elementor-element elementor-element-15ebf40\" data-id=\"15ebf40\" data-element_type=\"column\">\n\t\t\t<div class=\"elementor-widget-wrap elementor-element-populated\">\n\t\t\t\t\t\t<div class=\"elementor-element elementor-element-841813d elementor-widget elementor-widget-image\" data-id=\"841813d\" data-element_type=\"widget\" data-widget_type=\"image.default\">\n\t\t\t\t<div class=\"elementor-widget-container\">\n\t\t\t\t\t\t\t\t\t\t\t\t\t\t\t<img fetchpriority=\"high\" decoding=\"async\" width=\"640\" height=\"480\" src=\"https:\/\/woodwide.be\/wp-content\/uploads\/2020\/09\/SP-c-1.jpg\" class=\"attachment-medium_large size-medium_large wp-image-798\" alt=\"Magnifique chargement de poteaux calibr\u00e9s et lisses demi-rondes trait\u00e9s autoclave classe IV traitement SP, la long\u00e9vit\u00e9, appliqu\u00e9 sur du pin s\u00e9ch\u00e9 KD \u00e0 25%\" srcset=\"https:\/\/woodwide.be\/wp-content\/uploads\/2020\/09\/SP-c-1.jpg 640w, https:\/\/woodwide.be\/wp-content\/uploads\/2020\/09\/SP-c-1-300x225.jpg 300w\" sizes=\"(max-width: 640px) 100vw, 640px\" \/>\t\t\t\t\t\t\t\t\t\t\t\t\t\t\t<\/div>\n\t\t\t\t<\/div>\n\t\t\t\t<div class=\"elementor-element elementor-element-aff551f elementor-align-center elementor-widget elementor-widget-button\" data-id=\"aff551f\" data-element_type=\"widget\" data-widget_type=\"button.default\">\n\t\t\t\t<div class=\"elementor-widget-container\">\n\t\t\t\t\t\t\t\t\t<div class=\"elementor-button-wrapper\">\n\t\t\t\t\t<a class=\"elementor-button elementor-button-link elementor-size-xl\" href=\"https:\/\/woodwide.be\/en\/about-wood-wide\/\">\n\t\t\t\t\t\t<span class=\"elementor-button-content-wrapper\">\n\t\t\t\t\t\t\t\t\t<span class=\"elementor-button-text\">DISCOVER WOOD WIDE<\/span>\n\t\t\t\t\t<\/span>\n\t\t\t\t\t<\/a>\n\t\t\t\t<\/div>\n\t\t\t\t\t\t\t\t<\/div>\n\t\t\t\t<\/div>\n\t\t\t\t<div class=\"elementor-element elementor-element-5461b39 elementor-widget elementor-widget-image\" data-id=\"5461b39\" data-element_type=\"widget\" data-widget_type=\"image.default\">\n\t\t\t\t<div class=\"elementor-widget-container\">\n\t\t\t\t\t\t\t\t\t\t\t\t\t\t\t<img decoding=\"async\" width=\"768\" height=\"222\" src=\"https:\/\/woodwide.be\/wp-content\/uploads\/2020\/09\/mains-768x222.png\" class=\"attachment-medium_large size-medium_large wp-image-772\" alt=\"\" srcset=\"https:\/\/woodwide.be\/wp-content\/uploads\/2020\/09\/mains-768x222.png 768w, https:\/\/woodwide.be\/wp-content\/uploads\/2020\/09\/mains-300x87.png 300w, https:\/\/woodwide.be\/wp-content\/uploads\/2020\/09\/mains-1024x296.png 1024w, https:\/\/woodwide.be\/wp-content\/uploads\/2020\/09\/mains-1536x444.png 1536w, https:\/\/woodwide.be\/wp-content\/uploads\/2020\/09\/mains-2048x592.png 2048w\" sizes=\"(max-width: 768px) 100vw, 768px\" \/>\t\t\t\t\t\t\t\t\t\t\t\t\t\t\t<\/div>\n\t\t\t\t<\/div>\n\t\t\t\t\t<\/div>\n\t\t<\/div>\n\t\t\t\t\t<\/div>\n\t\t<\/section>\n\t\t\t\t<\/div>\n\t\t","protected":false},"excerpt":{"rendered":"<p>We differ from the other timber merchants and actors in the first and second processing steps of softwood in Western Europe because of WHO WE ARE (see the page About Wood Wide). John and I have our private, personal stories, in other words, two rather singular paths in life that existed separately before we met [&hellip;]<\/p>\n","protected":false},"author":9,"featured_media":0,"parent":0,"menu_order":0,"comment_status":"closed","ping_status":"closed","template":"elementor_header_footer","meta":{"_acf_changed":false,"footnotes":""},"class_list":["post-1714","page","type-page","status-publish","hentry"],"acf":[],"yoast_head":"<!-- This site is optimized with the Yoast SEO plugin v26.5 - https:\/\/yoast.com\/wordpress\/plugins\/seo\/ -->\n<title>Woodwide| Custom Wood Processing Solutions<\/title>\n<meta name=\"description\" content=\"Explore our custom wood processing services designed for your projects. Expertise, quality, and innovation to meet your needs.\" \/>\n<meta name=\"robots\" content=\"index, follow, max-snippet:-1, max-image-preview:large, max-video-preview:-1\" \/>\n<link rel=\"canonical\" href=\"https:\/\/woodwide.be\/en\/services\/\" \/>\n<meta property=\"og:locale\" content=\"en_US\" \/>\n<meta property=\"og:type\" content=\"article\" \/>\n<meta property=\"og:title\" content=\"Woodwide| Custom Wood Processing Solutions\" \/>\n<meta property=\"og:description\" content=\"Explore our custom wood processing services designed for your projects. Expertise, quality, and innovation to meet your needs.\" \/>\n<meta property=\"og:url\" content=\"https:\/\/woodwide.be\/en\/services\/\" \/>\n<meta property=\"og:site_name\" content=\"Woodwide\" \/>\n<meta property=\"article:modified_time\" content=\"2025-04-29T05:33:14+00:00\" \/>\n<meta property=\"og:image\" content=\"https:\/\/woodwide.be\/wp-content\/uploads\/2020\/09\/SP-c-1.jpg\" \/>\n<meta name=\"twitter:card\" content=\"summary_large_image\" \/>\n<meta name=\"twitter:label1\" content=\"Est. reading time\" \/>\n\t<meta name=\"twitter:data1\" content=\"3 minutes\" \/>\n<script type=\"application\/ld+json\" class=\"yoast-schema-graph\">{\"@context\":\"https:\/\/schema.org\",\"@graph\":[{\"@type\":\"WebPage\",\"@id\":\"https:\/\/woodwide.be\/en\/services\/\",\"url\":\"https:\/\/woodwide.be\/en\/services\/\",\"name\":\"Woodwide| Custom Wood Processing Solutions\",\"isPartOf\":{\"@id\":\"https:\/\/woodwide.be\/nl\/#website\"},\"primaryImageOfPage\":{\"@id\":\"https:\/\/woodwide.be\/en\/services\/#primaryimage\"},\"image\":{\"@id\":\"https:\/\/woodwide.be\/en\/services\/#primaryimage\"},\"thumbnailUrl\":\"https:\/\/woodwide.be\/wp-content\/uploads\/2020\/09\/SP-c-1.jpg\",\"datePublished\":\"2024-01-28T14:32:55+00:00\",\"dateModified\":\"2025-04-29T05:33:14+00:00\",\"description\":\"Explore our custom wood processing services designed for your projects. Expertise, quality, and innovation to meet your needs.\",\"breadcrumb\":{\"@id\":\"https:\/\/woodwide.be\/en\/services\/#breadcrumb\"},\"inLanguage\":\"en-US\",\"potentialAction\":[{\"@type\":\"ReadAction\",\"target\":[\"https:\/\/woodwide.be\/en\/services\/\"]}]},{\"@type\":\"ImageObject\",\"inLanguage\":\"en-US\",\"@id\":\"https:\/\/woodwide.be\/en\/services\/#primaryimage\",\"url\":\"https:\/\/woodwide.be\/wp-content\/uploads\/2020\/09\/SP-c-1.jpg\",\"contentUrl\":\"https:\/\/woodwide.be\/wp-content\/uploads\/2020\/09\/SP-c-1.jpg\"},{\"@type\":\"BreadcrumbList\",\"@id\":\"https:\/\/woodwide.be\/en\/services\/#breadcrumb\",\"itemListElement\":[{\"@type\":\"ListItem\",\"position\":1,\"name\":\"Accueil\",\"item\":\"https:\/\/woodwide.be\/en\/home-2023\/\"},{\"@type\":\"ListItem\",\"position\":2,\"name\":\"Services\"}]},{\"@type\":\"WebSite\",\"@id\":\"https:\/\/woodwide.be\/nl\/#website\",\"url\":\"https:\/\/woodwide.be\/nl\/\",\"name\":\"Wood Wide\",\"description\":\"\",\"publisher\":{\"@id\":\"https:\/\/woodwide.be\/nl\/#organization\"},\"potentialAction\":[{\"@type\":\"SearchAction\",\"target\":{\"@type\":\"EntryPoint\",\"urlTemplate\":\"https:\/\/woodwide.be\/nl\/?s={search_term_string}\"},\"query-input\":{\"@type\":\"PropertyValueSpecification\",\"valueRequired\":true,\"valueName\":\"search_term_string\"}}],\"inLanguage\":\"en-US\"},{\"@type\":\"Organization\",\"@id\":\"https:\/\/woodwide.be\/nl\/#organization\",\"name\":\"Wood Wide\",\"url\":\"https:\/\/woodwide.be\/nl\/\",\"logo\":{\"@type\":\"ImageObject\",\"inLanguage\":\"en-US\",\"@id\":\"https:\/\/woodwide.be\/nl\/#\/schema\/logo\/image\/\",\"url\":\"https:\/\/woodwide.be\/wp-content\/uploads\/2020\/09\/Logo-Header.svg\",\"contentUrl\":\"https:\/\/woodwide.be\/wp-content\/uploads\/2020\/09\/Logo-Header.svg\",\"caption\":\"Wood Wide\"},\"image\":{\"@id\":\"https:\/\/woodwide.be\/nl\/#\/schema\/logo\/image\/\"}}]}<\/script>\n<!-- \/ Yoast SEO plugin. -->","yoast_head_json":{"title":"Woodwide| Custom Wood Processing Solutions","description":"Explore our custom wood processing services designed for your projects. Expertise, quality, and innovation to meet your needs.","robots":{"index":"index","follow":"follow","max-snippet":"max-snippet:-1","max-image-preview":"max-image-preview:large","max-video-preview":"max-video-preview:-1"},"canonical":"https:\/\/woodwide.be\/en\/services\/","og_locale":"en_US","og_type":"article","og_title":"Woodwide| Custom Wood Processing Solutions","og_description":"Explore our custom wood processing services designed for your projects. Expertise, quality, and innovation to meet your needs.","og_url":"https:\/\/woodwide.be\/en\/services\/","og_site_name":"Woodwide","article_modified_time":"2025-04-29T05:33:14+00:00","og_image":[{"url":"https:\/\/woodwide.be\/wp-content\/uploads\/2020\/09\/SP-c-1.jpg","type":"","width":"","height":""}],"twitter_card":"summary_large_image","twitter_misc":{"Est. reading time":"3 minutes"},"schema":{"@context":"https:\/\/schema.org","@graph":[{"@type":"WebPage","@id":"https:\/\/woodwide.be\/en\/services\/","url":"https:\/\/woodwide.be\/en\/services\/","name":"Woodwide| Custom Wood Processing Solutions","isPartOf":{"@id":"https:\/\/woodwide.be\/nl\/#website"},"primaryImageOfPage":{"@id":"https:\/\/woodwide.be\/en\/services\/#primaryimage"},"image":{"@id":"https:\/\/woodwide.be\/en\/services\/#primaryimage"},"thumbnailUrl":"https:\/\/woodwide.be\/wp-content\/uploads\/2020\/09\/SP-c-1.jpg","datePublished":"2024-01-28T14:32:55+00:00","dateModified":"2025-04-29T05:33:14+00:00","description":"Explore our custom wood processing services designed for your projects. Expertise, quality, and innovation to meet your needs.","breadcrumb":{"@id":"https:\/\/woodwide.be\/en\/services\/#breadcrumb"},"inLanguage":"en-US","potentialAction":[{"@type":"ReadAction","target":["https:\/\/woodwide.be\/en\/services\/"]}]},{"@type":"ImageObject","inLanguage":"en-US","@id":"https:\/\/woodwide.be\/en\/services\/#primaryimage","url":"https:\/\/woodwide.be\/wp-content\/uploads\/2020\/09\/SP-c-1.jpg","contentUrl":"https:\/\/woodwide.be\/wp-content\/uploads\/2020\/09\/SP-c-1.jpg"},{"@type":"BreadcrumbList","@id":"https:\/\/woodwide.be\/en\/services\/#breadcrumb","itemListElement":[{"@type":"ListItem","position":1,"name":"Accueil","item":"https:\/\/woodwide.be\/en\/home-2023\/"},{"@type":"ListItem","position":2,"name":"Services"}]},{"@type":"WebSite","@id":"https:\/\/woodwide.be\/nl\/#website","url":"https:\/\/woodwide.be\/nl\/","name":"Wood Wide","description":"","publisher":{"@id":"https:\/\/woodwide.be\/nl\/#organization"},"potentialAction":[{"@type":"SearchAction","target":{"@type":"EntryPoint","urlTemplate":"https:\/\/woodwide.be\/nl\/?s={search_term_string}"},"query-input":{"@type":"PropertyValueSpecification","valueRequired":true,"valueName":"search_term_string"}}],"inLanguage":"en-US"},{"@type":"Organization","@id":"https:\/\/woodwide.be\/nl\/#organization","name":"Wood Wide","url":"https:\/\/woodwide.be\/nl\/","logo":{"@type":"ImageObject","inLanguage":"en-US","@id":"https:\/\/woodwide.be\/nl\/#\/schema\/logo\/image\/","url":"https:\/\/woodwide.be\/wp-content\/uploads\/2020\/09\/Logo-Header.svg","contentUrl":"https:\/\/woodwide.be\/wp-content\/uploads\/2020\/09\/Logo-Header.svg","caption":"Wood Wide"},"image":{"@id":"https:\/\/woodwide.be\/nl\/#\/schema\/logo\/image\/"}}]}},"_links":{"self":[{"href":"https:\/\/woodwide.be\/en\/wp-json\/wp\/v2\/pages\/1714","targetHints":{"allow":["GET"]}}],"collection":[{"href":"https:\/\/woodwide.be\/en\/wp-json\/wp\/v2\/pages"}],"about":[{"href":"https:\/\/woodwide.be\/en\/wp-json\/wp\/v2\/types\/page"}],"author":[{"embeddable":true,"href":"https:\/\/woodwide.be\/en\/wp-json\/wp\/v2\/users\/9"}],"replies":[{"embeddable":true,"href":"https:\/\/woodwide.be\/en\/wp-json\/wp\/v2\/comments?post=1714"}],"version-history":[{"count":4,"href":"https:\/\/woodwide.be\/en\/wp-json\/wp\/v2\/pages\/1714\/revisions"}],"predecessor-version":[{"id":2045,"href":"https:\/\/woodwide.be\/en\/wp-json\/wp\/v2\/pages\/1714\/revisions\/2045"}],"wp:attachment":[{"href":"https:\/\/woodwide.be\/en\/wp-json\/wp\/v2\/media?parent=1714"}],"curies":[{"name":"wp","href":"https:\/\/api.w.org\/{rel}","templated":true}]}}