{"id":1039,"date":"2020-10-05T11:28:15","date_gmt":"2020-10-05T09:28:15","guid":{"rendered":"http:\/\/woodwide.be\/private-life\/"},"modified":"2020-10-05T11:32:02","modified_gmt":"2020-10-05T09:32:02","slug":"private-life","status":"publish","type":"page","link":"https:\/\/woodwide.be\/en\/private-life\/","title":{"rendered":"PRIVATE LIFE"},"content":{"rendered":"\n<p>Un Cookie est&nbsp; une suite d\u2019informations, g\u00e9n\u00e9ralement de petite taille et identifi\u00e9 par un nom, qui peut \u00eatre transmis \u00e0 votre navigateur par un site internet sur lequel vous surfez. Un Cookie permet \u00e0 celui qui l\u2019\u00e9met de reconna\u00eetre le terminal concern\u00e9 pendant sa dur\u00e9e de validit\u00e9 et \u00e0 chaque fois que ce terminal acc\u00e8de \u00e0 un contenu num\u00e9rique comportant des Cookies du m\u00eame \u00e9metteur. En fonction du Cookie, l\u2019\u00e9metteur peut obtenir des informations anonymes suppl\u00e9mentaires sur le comportement de l\u2019Utilisateur au sein des Services.<\/p>\n\n\n\n<p>Lors de ses connexions sur le Site et lors de l&#8217;utilisation des Services, L&#8217;Utilisateur ou le Visiteur est inform\u00e9 que des Cookies sont install\u00e9s sur son terminal de r\u00e9ception (ordinateur, tablette, smartphone, etc.) pour le bon fonctionnement des Services, ou sur son navigateur.<\/p>\n\n\n\n<p>Les Cookies que nous utilisons :<\/p>\n\n\n\n<ul class=\"wp-block-list\"><li>Google Analytics<\/li><li>Cookies internes<\/li><\/ul>\n\n\n\n<p><strong>Pourquoi des Cookies ?<\/strong><\/p>\n\n\n\n<p>Les Cookies permettent d&#8217;augmenter les performances des Services une meilleure utilisation du Site et des Applications par l&#8217;Utilisateur ou au Visiteur. Ces Cookies son d\u00e9pos\u00e9s sur le terminal de l&#8217;Utilisateur ou du Visiteur sans son accord. Les Cookies permettent entre autres de :<\/p>\n\n\n\n<ul class=\"wp-block-list\"><li>Dresser des statistiques et volumes de fr\u00e9quentation et d&#8217;utilisation des \u00e9l\u00e9ments du Site (contenus visit\u00e9s, cheminement), afin d&#8217;augmenter l&#8217;int\u00e9r\u00eat et l&#8217;ergonomie des Services ;<\/li><li>Am\u00e9liorer la pr\u00e9sentation du Site pour cadrer avec les pr\u00e9f\u00e9rences d&#8217;affichage du terminal de l\u2019Utilisateur ou du Visiteur (langue, r\u00e9solution, syst\u00e8me d&#8217;exploitation utilis\u00e9, etc) au cours de ses visites sur le Site, selon les mat\u00e9riels et les logiciels du terminal;<\/li><li>Augmenter la s\u00e9curit\u00e9, par exemple lorsqu\u2019il est demand\u00e9 \u00e0 l\u2019Utilisateur ou au Visiteur de se reconnecter \u00e0 un site apr\u00e8s un certain temps.<\/li><\/ul>\n\n\n\n<p><br>Nous utilisons des services propos\u00e9s par des sites tiers, et entre autres le bouton de partage Facebook, Twitter, LinkedIn, ainsi que des vid\u00e9os diffus\u00e9es sur YouTube. Ceux-ci utilisent des Cookies tiers d\u00e9pos\u00e9s par ces services pour partager des contenus \u00e9ditoriaux ou autres publi\u00e9 sur le Site \u00e0 travers les r\u00e9seaux sociaux. L&#8217;Utilisateur ou le Visiteur est invit\u00e9 \u00e0 lire la politique de gestion des Cookies de r\u00e9seaux sociaux sur les sites concern\u00e9s.<\/p>\n\n\n\n<p><strong>Comment g\u00e9rer les Cookies&nbsp;?<\/strong><\/p>\n\n\n\n<p>Lorsque l&#8217;Utilisateur ou le Visiteur autorise l&#8217;enregistrement de Cookies dans son terminal, ceux-ci sont enregistr\u00e9s temporairement dans les pages et contenus visit\u00e9s dans un espace de son terminal o\u00f9 ils seront lisibles par leur \u00e9metteur seulement.<\/p>\n\n\n\n<p>L\u2019autorisation donn\u00e9s par l&#8217;Utilisateur ou le Visiteur est valable pour une dur\u00e9e d\u00e9pendant du Cookie \u00e0 partir du premier d\u00e9p\u00f4t dans l&#8217;\u00e9quipement de son terminal.<\/p>\n\n\n\n<p>En cas de refus par l&#8217;Utilisateur ou le Visiteur de l&#8217;enregistrement de Cookies dans son terminal ou son navigateur ou de suppression de ceux qui y sont enregistr\u00e9s, l&#8217;Utilisateur ou le Visiteur est pr\u00e9venu que sa navigation sur le Site ou l&#8217;Application peuvent \u00eatre restreintes&nbsp;; ce qui pourrait \u00e9galement arriver si nous ne pouvions&nbsp; reconna\u00eetre techniquement le type de navigateur utilis\u00e9, les param\u00e8tres de langue ou d&#8217;affichage ou le pays de connexion.<\/p>\n\n\n\n<p>Dans ce cas \u00e9ch\u00e9ant, nous d\u00e9clinons toute responsabilit\u00e9 par rapport au moindre fonctionnement des Services r\u00e9sultant du refus de Cookies, et de l&#8217;impossibilit\u00e9 pour nous d&#8217;enregistrer ou de consulter les Cookies n\u00e9cessaires \u00e0 leur fonctionnement.<\/p>\n","protected":false},"excerpt":{"rendered":"<p>Un Cookie est&nbsp; une suite d\u2019informations, g\u00e9n\u00e9ralement de petite taille et identifi\u00e9 par un nom, qui peut \u00eatre transmis \u00e0 votre navigateur par un site internet sur lequel vous surfez. Un Cookie permet \u00e0 celui qui l\u2019\u00e9met de reconna\u00eetre le terminal concern\u00e9 pendant sa dur\u00e9e de validit\u00e9 et \u00e0 chaque fois que ce terminal acc\u00e8de [&hellip;]<\/p>\n","protected":false},"author":1,"featured_media":0,"parent":0,"menu_order":0,"comment_status":"closed","ping_status":"closed","template":"","meta":{"_acf_changed":false,"footnotes":""},"class_list":["post-1039","page","type-page","status-publish","hentry"],"acf":[],"yoast_head":"<!-- This site is optimized with the Yoast SEO plugin v26.5 - https:\/\/yoast.com\/wordpress\/plugins\/seo\/ -->\n<title>PRIVATE LIFE | Woodwide<\/title>\n<meta name=\"robots\" content=\"index, follow, max-snippet:-1, max-image-preview:large, max-video-preview:-1\" \/>\n<link rel=\"canonical\" href=\"https:\/\/woodwide.be\/en\/private-life\/\" \/>\n<meta property=\"og:locale\" content=\"en_US\" \/>\n<meta property=\"og:type\" content=\"article\" \/>\n<meta property=\"og:title\" content=\"PRIVATE LIFE | Woodwide\" \/>\n<meta property=\"og:description\" content=\"Un Cookie est&nbsp; une suite d\u2019informations, g\u00e9n\u00e9ralement de petite taille et identifi\u00e9 par un nom, qui peut \u00eatre transmis \u00e0 votre navigateur par un site internet sur lequel vous surfez. Un Cookie permet \u00e0 celui qui l\u2019\u00e9met de reconna\u00eetre le terminal concern\u00e9 pendant sa dur\u00e9e de validit\u00e9 et \u00e0 chaque fois que ce terminal acc\u00e8de [&hellip;]\" \/>\n<meta property=\"og:url\" content=\"https:\/\/woodwide.be\/en\/private-life\/\" \/>\n<meta property=\"og:site_name\" content=\"Woodwide\" \/>\n<meta property=\"article:modified_time\" content=\"2020-10-05T09:32:02+00:00\" \/>\n<meta name=\"twitter:card\" content=\"summary_large_image\" \/>\n<meta name=\"twitter:label1\" content=\"Est. reading time\" \/>\n\t<meta name=\"twitter:data1\" content=\"3 minutes\" \/>\n<script type=\"application\/ld+json\" class=\"yoast-schema-graph\">{\"@context\":\"https:\/\/schema.org\",\"@graph\":[{\"@type\":\"WebPage\",\"@id\":\"https:\/\/woodwide.be\/en\/private-life\/\",\"url\":\"https:\/\/woodwide.be\/en\/private-life\/\",\"name\":\"PRIVATE LIFE | Woodwide\",\"isPartOf\":{\"@id\":\"https:\/\/woodwide.be\/nl\/#website\"},\"datePublished\":\"2020-10-05T09:28:15+00:00\",\"dateModified\":\"2020-10-05T09:32:02+00:00\",\"breadcrumb\":{\"@id\":\"https:\/\/woodwide.be\/en\/private-life\/#breadcrumb\"},\"inLanguage\":\"en-US\",\"potentialAction\":[{\"@type\":\"ReadAction\",\"target\":[\"https:\/\/woodwide.be\/en\/private-life\/\"]}]},{\"@type\":\"BreadcrumbList\",\"@id\":\"https:\/\/woodwide.be\/en\/private-life\/#breadcrumb\",\"itemListElement\":[{\"@type\":\"ListItem\",\"position\":1,\"name\":\"Accueil\",\"item\":\"https:\/\/woodwide.be\/en\/home-2023\/\"},{\"@type\":\"ListItem\",\"position\":2,\"name\":\"PRIVATE LIFE\"}]},{\"@type\":\"WebSite\",\"@id\":\"https:\/\/woodwide.be\/nl\/#website\",\"url\":\"https:\/\/woodwide.be\/nl\/\",\"name\":\"Wood Wide\",\"description\":\"\",\"publisher\":{\"@id\":\"https:\/\/woodwide.be\/nl\/#organization\"},\"potentialAction\":[{\"@type\":\"SearchAction\",\"target\":{\"@type\":\"EntryPoint\",\"urlTemplate\":\"https:\/\/woodwide.be\/nl\/?s={search_term_string}\"},\"query-input\":{\"@type\":\"PropertyValueSpecification\",\"valueRequired\":true,\"valueName\":\"search_term_string\"}}],\"inLanguage\":\"en-US\"},{\"@type\":\"Organization\",\"@id\":\"https:\/\/woodwide.be\/nl\/#organization\",\"name\":\"Wood Wide\",\"url\":\"https:\/\/woodwide.be\/nl\/\",\"logo\":{\"@type\":\"ImageObject\",\"inLanguage\":\"en-US\",\"@id\":\"https:\/\/woodwide.be\/nl\/#\/schema\/logo\/image\/\",\"url\":\"https:\/\/woodwide.be\/wp-content\/uploads\/2020\/09\/Logo-Header.svg\",\"contentUrl\":\"https:\/\/woodwide.be\/wp-content\/uploads\/2020\/09\/Logo-Header.svg\",\"caption\":\"Wood Wide\"},\"image\":{\"@id\":\"https:\/\/woodwide.be\/nl\/#\/schema\/logo\/image\/\"}}]}<\/script>\n<!-- \/ Yoast SEO plugin. -->","yoast_head_json":{"title":"PRIVATE LIFE | Woodwide","robots":{"index":"index","follow":"follow","max-snippet":"max-snippet:-1","max-image-preview":"max-image-preview:large","max-video-preview":"max-video-preview:-1"},"canonical":"https:\/\/woodwide.be\/en\/private-life\/","og_locale":"en_US","og_type":"article","og_title":"PRIVATE LIFE | Woodwide","og_description":"Un Cookie est&nbsp; une suite d\u2019informations, g\u00e9n\u00e9ralement de petite taille et identifi\u00e9 par un nom, qui peut \u00eatre transmis \u00e0 votre navigateur par un site internet sur lequel vous surfez. Un Cookie permet \u00e0 celui qui l\u2019\u00e9met de reconna\u00eetre le terminal concern\u00e9 pendant sa dur\u00e9e de validit\u00e9 et \u00e0 chaque fois que ce terminal acc\u00e8de [&hellip;]","og_url":"https:\/\/woodwide.be\/en\/private-life\/","og_site_name":"Woodwide","article_modified_time":"2020-10-05T09:32:02+00:00","twitter_card":"summary_large_image","twitter_misc":{"Est. reading time":"3 minutes"},"schema":{"@context":"https:\/\/schema.org","@graph":[{"@type":"WebPage","@id":"https:\/\/woodwide.be\/en\/private-life\/","url":"https:\/\/woodwide.be\/en\/private-life\/","name":"PRIVATE LIFE | Woodwide","isPartOf":{"@id":"https:\/\/woodwide.be\/nl\/#website"},"datePublished":"2020-10-05T09:28:15+00:00","dateModified":"2020-10-05T09:32:02+00:00","breadcrumb":{"@id":"https:\/\/woodwide.be\/en\/private-life\/#breadcrumb"},"inLanguage":"en-US","potentialAction":[{"@type":"ReadAction","target":["https:\/\/woodwide.be\/en\/private-life\/"]}]},{"@type":"BreadcrumbList","@id":"https:\/\/woodwide.be\/en\/private-life\/#breadcrumb","itemListElement":[{"@type":"ListItem","position":1,"name":"Accueil","item":"https:\/\/woodwide.be\/en\/home-2023\/"},{"@type":"ListItem","position":2,"name":"PRIVATE LIFE"}]},{"@type":"WebSite","@id":"https:\/\/woodwide.be\/nl\/#website","url":"https:\/\/woodwide.be\/nl\/","name":"Wood Wide","description":"","publisher":{"@id":"https:\/\/woodwide.be\/nl\/#organization"},"potentialAction":[{"@type":"SearchAction","target":{"@type":"EntryPoint","urlTemplate":"https:\/\/woodwide.be\/nl\/?s={search_term_string}"},"query-input":{"@type":"PropertyValueSpecification","valueRequired":true,"valueName":"search_term_string"}}],"inLanguage":"en-US"},{"@type":"Organization","@id":"https:\/\/woodwide.be\/nl\/#organization","name":"Wood Wide","url":"https:\/\/woodwide.be\/nl\/","logo":{"@type":"ImageObject","inLanguage":"en-US","@id":"https:\/\/woodwide.be\/nl\/#\/schema\/logo\/image\/","url":"https:\/\/woodwide.be\/wp-content\/uploads\/2020\/09\/Logo-Header.svg","contentUrl":"https:\/\/woodwide.be\/wp-content\/uploads\/2020\/09\/Logo-Header.svg","caption":"Wood Wide"},"image":{"@id":"https:\/\/woodwide.be\/nl\/#\/schema\/logo\/image\/"}}]}},"_links":{"self":[{"href":"https:\/\/woodwide.be\/en\/wp-json\/wp\/v2\/pages\/1039","targetHints":{"allow":["GET"]}}],"collection":[{"href":"https:\/\/woodwide.be\/en\/wp-json\/wp\/v2\/pages"}],"about":[{"href":"https:\/\/woodwide.be\/en\/wp-json\/wp\/v2\/types\/page"}],"author":[{"embeddable":true,"href":"https:\/\/woodwide.be\/en\/wp-json\/wp\/v2\/users\/1"}],"replies":[{"embeddable":true,"href":"https:\/\/woodwide.be\/en\/wp-json\/wp\/v2\/comments?post=1039"}],"version-history":[{"count":2,"href":"https:\/\/woodwide.be\/en\/wp-json\/wp\/v2\/pages\/1039\/revisions"}],"predecessor-version":[{"id":1043,"href":"https:\/\/woodwide.be\/en\/wp-json\/wp\/v2\/pages\/1039\/revisions\/1043"}],"wp:attachment":[{"href":"https:\/\/woodwide.be\/en\/wp-json\/wp\/v2\/media?parent=1039"}],"curies":[{"name":"wp","href":"https:\/\/api.w.org\/{rel}","templated":true}]}}