{"id":1792,"date":"2024-02-16T07:19:11","date_gmt":"2024-02-16T06:19:11","guid":{"rendered":"https:\/\/woodwide.be\/datenschutzrichtlinie-dsgvo\/"},"modified":"2024-02-16T07:19:13","modified_gmt":"2024-02-16T06:19:13","slug":"datenschutzrichtlinie-dsgvo","status":"publish","type":"page","link":"https:\/\/woodwide.be\/de\/datenschutzrichtlinie-dsgvo\/","title":{"rendered":"DATENSCHUTZRICHTLINIE &#8211; DSGVO"},"content":{"rendered":"\n<p>Ce site internet appartient \u00e0 Wood Wide SRL, S\u00e9cheval 4 B, 4920 Remouchamps, Belgique, BE 0750.946.086, e-mail: info@woodwide.be, ci-apr\u00e8s d\u00e9nomm\u00e9 &#8222;Wood Wide&#8220; ou &#8222;nous&#8220;.<\/p>\n\n<p>Tout utilisateur ayant un profil d&#8217;utilisateur (ci-apr\u00e8s &#8222;l\u2019Utilisateur&#8220;) sur les sites Internet ou applications de Wood Wide, et tout visiteur, sans profil d&#8217;utilisateur enregistr\u00e9, du Site (ci-apr\u00e8s &#8222;le Visiteur&#8220;) donnent des donn\u00e9es \u00e0 caract\u00e8re personnel en visitant et\/ou en utilisant le Site internet comme expliqu\u00e9 ci-apr\u00e8s.<\/p>\n\n<p>Wood Wide s&#8217;efforce de recueillir et de traiter les donn\u00e9es \u00e0 caract\u00e8re personnel conform\u00e9ment aux l\u00e9gislations nationales et internationales pertinentes applicables qui r\u00e9gissent le traitement des donn\u00e9es \u00e0 caract\u00e8re personnel, y compris le r\u00e8glement europ\u00e9en n\u00b0 2016\/679 du 27 avril 2016 relatif \u00e0 la protection des personnes physiques \u00e0 l&#8217;\u00e9gard du traitement des donn\u00e9es \u00e0 caract\u00e8re personnel et \u00e0 la libre circulation de ces donn\u00e9es (ci-apr\u00e8s &#8222;RGPD&#8220;) et les lois mettant en \u0153uvre ou compl\u00e9tant le RGPD (ci-apr\u00e8s d\u00e9nomm\u00e9s &#8222;L\u00e9gislation vie priv\u00e9e&#8220;).<\/p>\n\n<p>L&#8217;Utilisateur ou le Visiteur du Site d\u00e9clare avoir pris connaissance de, et accepter la pr\u00e9sente Politique de Confidentialit\u00e9 et, accepte le traitement de ses donn\u00e9es \u00e0 caract\u00e8re personnel tel qu&#8217;il est d\u00e9crit dans la pr\u00e9sente.<\/p>\n\n<p>Cette Politique de Confidentialit\u00e9 peut faire l\u2019objet de modifications par Wood Wide. Wood Wide communiquera clairement ces changements, qui seront express\u00e9ment accept\u00e9es par l&#8217;Utilisateur ou le Visiteur. L&#8217;Utilisateur ou le Visiteur est donc invit\u00e9 \u00e0 consulter r\u00e9guli\u00e8rement la pr\u00e9sente Politique de Confidentialit\u00e9.  <\/p>\n\n<h2 class=\"wp-block-heading\">1. QUI TRAITE LES DONN\u00c9ES \u00c0 CARACT\u00c8RE PERSONNEL ?<\/h2>\n\n<h3 class=\"wp-block-heading\">1.1. LE RESPONSABLE DU TRAITEMENT (D\u00c9L\u00c9GU\u00c9 \u00c0 LA PROTECTION DES DONN\u00c9ES) <\/h3>\n\n<p>La personne suivante est d\u00e9sign\u00e9e comme responsable du traitement pour les donn\u00e9es collect\u00e9es sur le site internet <a href=\"http:\/\/woodwide.be\">www.woodwide.be<\/a> :<\/p>\n\n<p>Wood Wide SRL<\/p>\n\n<p>S\u00e9cheval 4 B, <\/p>\n\n<p>4920 Remouchamps, Belgique, <\/p>\n\n<p>BE 0750.946.086, <\/p>\n\n<p>E-mail: <a href=\"mailto:privacy@woodwide.be\">privacy@woodwide.be<\/a><\/p>\n\n<h3 class=\"wp-block-heading\">1.2. SOUS-TRAITANTS <\/h3>\n\n<p>Wood Wide fait appel \u00e0 des sous-traitants pour traiter vos donn\u00e9es \u00e0 caract\u00e8re personnel pour le compte de Wood Wide et assurer le bon fonctionnement technique du Site internet.<\/p>\n\n<p>Wood Wide s\u00e9lectionne ces sous-traitants avec soin et ces derniers doivent donner des garanties suffisantes en mati\u00e8re de mesures de s\u00e9curit\u00e9 techniques et organisationnelles et se conformer aux obligations de la L\u00e9gislation vie priv\u00e9e.<\/p>\n\n<p>Wood Wide peut \u00eatre amen\u00e9 \u00e0 utiliser les services de sous-traitants suivants dans le cadre du Site internet :<\/p>\n\n<ul class=\"wp-block-list\"><li>Des sous-traitants qui recueillent et\/ou affichent les statistiques du Site internet<\/li><li>Des fournisseurs de logiciels des applications web<\/li><li>Des fournisseurs de services internet<\/li><li>Des sous-traitants qui recueillent et\/ou affichent les revues et les \u00e9valuations du Site internet<\/li><li>Des sous-traitants qui fournissent des services de marketing par e-mail et\/ou autres services de communication<\/li><li>Des sous-traitants qui r\u00e9alisent des enqu\u00eates de satisfaction et\/ou contactent des clients<\/li><li>Des sous-traitants \u00e0 qui Wood Wide ach\u00e8te des donn\u00e9es<\/li><li>Des sous-traitants qui proposent des services logistiques<\/li><li>Des agents commerciaux<\/li><\/ul>\n\n<h2 class=\"wp-block-heading\">2. QUELLES SONT LES DessinS DU TRAITEMENT DES DONN\u00c9ES \u00c0 CARACT\u00c8RE PERSONNEL ?<\/h2>\n\n<p>Wood Wide collecte vos informations \u00e0 caract\u00e8re personnel pour offrir \u00e0 l\u2019Utilisateur et au Visiteur de son Site une exp\u00e9rience d\u2019utilisation s\u00fbre, optimale et personnalis\u00e9e. La quantit\u00e9 de ces donn\u00e9es augmente avec l\u2019intensit\u00e9 d\u2019utilisation du Site internet de Wood Wide. <\/p>\n\n<p>La collecte des donn\u00e9es est n\u00e9cessaire au bon fonctionnement du Site et des services qui y sont associ\u00e9s et a lieu dans le but de :<\/p>\n\n<ul class=\"wp-block-list\"><li>Permettre \u00e0 l\u2019Utilisateur d\u2019avoir acc\u00e8s \u00e0 son profil d\u2019utilisateur au moyen duquel il peut passer commande sur notre Site<\/li><li>Offrir une prestation de service g\u00e9n\u00e9rale et personnalis\u00e9e<\/li><li>Facturer<\/li><li>Envoyer des communications raisonnables, utiles et n\u00e9cessaires, de nature commerciale ou non. Wood Wide peut \u00e9galement envoyer des communications commerciales pour le compte de tiers <\/li><li>Fournir des produits et services et les am\u00e9liorer<\/li><li>Informer sur des (nouveaux) produits et services de Wood Wide et d\u2019autres soci\u00e9t\u00e9s<\/li><li>Permettre la r\u00e9alisation d\u2019\u00e9tudes et de statistiques<\/li><li>Aider en cas de questions ou de remarques<\/li><li>Suivre les plaintes se rapportant au fonctionnement de notre Site<\/li><li>D\u00e9tecter et prot\u00e9ger contre la fraude, les erreurs, les comportements criminels ou ill\u00e9gaux et\/ou toute autre action allant \u00e0 l\u2019encontre des conditions et des valeurs auxquelles r\u00e9pondent le Site de Wood Wide<\/li><\/ul>\n\n<p>Wood Wide peut traiter les informations \u00e0 caract\u00e8re personnel dans le but notamment de d\u00e9velopper de nouveaux services et fonctionnalit\u00e9s, pour autant qu\u2019ils soient compatibles avec les finalit\u00e9s d\u00e9crites ci-dessus.<\/p>\n\n<p>Wood Wide conserve et traite vos informations \u00e0 caract\u00e8re personnel aussi longtemps qu&#8217;elles sont n\u00e9cessaires aux fins d\u00e9crites ci-dessus.<\/p>\n\n<h2 class=\"wp-block-heading\">3. FONDEMENT POUR LE TRAITEMENT DES DONN\u00c9ES \u00c0 CARACT\u00c8RE PERSONNEL ?<\/h2>\n\n<p>Wood Wide traite les donn\u00e9es \u00e0 caract\u00e8re personnel obtenues via le Site sur base de :<\/p>\n\n<ul class=\"wp-block-list\"><li>L\u2019acceptation explicite de la pr\u00e9sente Politique de Confidentialit\u00e9 par l&#8217;Utilisateur et\/ou le Visiteur ; et\/ou<\/li><li>Le respect des obligations l\u00e9gales ; et\/ou<\/li><li>La d\u00e9fense de l&#8217;int\u00e9r\u00eat l\u00e9gitime de Wood Wide pour autant que cela ne d\u00e9passe pas les int\u00e9r\u00eats ou les droits et libert\u00e9s fondamentaux du Visiteur ou de l&#8217;Utilisateur, tels que, par exemple, le marketing direct, la pr\u00e9vention de fraude, la gestion de l&#8217;administration interne ou la garantie de la s\u00e9curit\u00e9 des r\u00e9seaux et de l&#8217;information, selon le cas ; et\/ou<\/li><li>La pr\u00e9paration et l&#8217;ex\u00e9cution du contrat conclu entre le Visiteur ou l&#8217;Utilisateur et Wood Wide par le biais du Site.<\/li><\/ul>\n\n<h2 class=\"wp-block-heading\">4. COMMENT LES DONN\u00c9ES \u00c0 CARACT\u00c8RE PERSONNEL SONT RECUEILLIES ?<\/h2>\n\n<h3 class=\"wp-block-heading\">4.1. PAR LA PROC\u00c9DURE D\u2019ENREGISTREMENT <\/h3>\n\n<p>Donn\u00e9es de contact : les donn\u00e9es obligatoires que l&#8217;Utilisateur ou le Visiteur enregistre en remplissant le formulaire de contact, \u00e0 savoir :<\/p>\n\n<ul class=\"wp-block-list\"><li>Civilit\u00e9<\/li><li>Nom<\/li><li>Pr\u00e9nom<\/li><li>Soci\u00e9t\u00e9\/organisation<\/li><li>Num\u00e9ro de t\u00e9l\u00e9phone et\/ou mobile<\/li><li>Adresse e-mail<\/li><li>Pays de r\u00e9sidence<\/li><\/ul>\n\n<p>Donn\u00e9es publi\u00e9es volontairement par l&#8217;Utilisateur : les donn\u00e9es \u00e0 caract\u00e8re personnel que l&#8217;Utilisateur ou le Visiteur communique volontairement en remplissant les zones de texte libres pr\u00e9vues \u00e0 cet effet dans le formulaire de contact, \u00e0 savoir \u00ab Objet de la demande \u00bb et \u00ab Message \u00bb. Il est vivement conseill\u00e9 \u00e0 l\u2019Utilisateur ou au Visiteur de s\u2019abstenir de toute communication de donn\u00e9e \u00e0 caract\u00e8re personnel via ces zones de texte et\/ou de s\u2019en tenir \u00e0 communiquer ce qui est strictement n\u00e9cessaire au traitement de la demande de l\u2019Utilisateur ou du Visiteur. Si Wood Wide devait \u00eatre amen\u00e9 \u00e0 collecter des donn\u00e9es \u00e0 caract\u00e8re personnel par ce biais, Wood Wide veillerait \u00e0 n\u2019utiliser que les donn\u00e9es absolument n\u00e9cessaires au traitement de la demande de l\u2019Utilisateur ou du Visiteur.  <\/p>\n\n<h3 class=\"wp-block-heading\">4.2. PAR DIVERS MOYENS TECHNIQUES <\/h3>\n\n<p>Le Site utilise diff\u00e9rents moyens techniques en vue d\u2019am\u00e9liorer l\u2019exp\u00e9rience d\u2019utilisation de l\u2019Utilisateur et du Visiteur, et de r\u00e9soudre les \u00e9ventuelles erreurs (techniques) sur le Site :<\/p>\n\n<ul class=\"wp-block-list\"><li>Des cookies : informations afin reconnaitre l\u2019Utilisateur et le Visiteur pour une utilisation efficace des fonctionnalit\u00e9s du Site. Pour plus d\u2019informations \u00e0 ce sujet : <a href=\"https:\/\/www.revatech.be\/fr\/vie-privee\">Politique de Cookie<\/a> ; <\/li><li>Des informations concernant la connexion : informations telles que l\u2019adresse IP, le lieu pr\u00e9sum\u00e9, le jour et l\u2019heure de consultation, le site internet par le biais duquel vous avez atteint notre Site, les pages qui ont \u00e9t\u00e9 visit\u00e9es ensuite, les liens sur lesquels on a cliqu\u00e9 et d\u2019autres actions faites sur notre Site ;<\/li><li>Des informations concernant l\u2019appareil utilis\u00e9, \u00e0 savoir hardware ou software de cet appareil sp\u00e9cifique, ainsi que les informations relatives au r\u00e9seau ;<\/li><li>Des informations pour dresser des statistiques et effectuer des analyses ;<\/li><li>Des informations pour am\u00e9liorer et personnaliser le service <\/li><\/ul>\n\n<h2 class=\"wp-block-heading\">5. MES DONN\u00c9ES SONT-ELLES TRANSMISES \u00c0 DES TIERS DANS L\u2019UE ?<\/h2>\n\n<p>Les informations \u00e0 caract\u00e8re personnel peuvent \u00eatre partag\u00e9es avec les partenaires de Wood Wide \u00e9tablis dans l\u2019Union Europ\u00e9enne, ainsi qu\u2019avec les cat\u00e9gories de sous-traitants repris \u00e0 l\u2019article 1.2. de la pr\u00e9sente. <\/p>\n\n<p>Wood Wide a s\u2019engage \u00e0 avoir pris des pr\u00e9cautions techniques et juridiques pour \u00e9viter tout acc\u00e8s et traitement de donn\u00e9es \u00e0 caract\u00e8re personnel illicite. Vos informations \u00e0 caract\u00e8re personnel ne seront pas vendues, transmises ou divulgu\u00e9es \u00e0 des tiers, except\u00e9 si : <\/p>\n\n<ul class=\"wp-block-list\"><li>L\u2019Utilisateur ou le Visiteur a explicitement donn\u00e9 son consentement, entre autres dans le cadre du marketing direct ; ou<\/li><li>Quand c\u2019est n\u00e9cessaire pour l\u2019ex\u00e9cution de la commande\/du contrat. C\u2019est le cas lors de la divulgation des donn\u00e9es aux employ\u00e9s, sous-traitants, fournisseurs et partenaires commerciaux; ou <\/li><li>Quand le transfert des donn\u00e9es est n\u00e9cessaire \u00e0 l\u2019int\u00e9r\u00eat l\u00e9gitime de Wood Wide, par exemple en cas de fraude; ou<\/li><li>Quand c\u2019est n\u00e9cessaire, pour des motifs d&#8217;int\u00e9r\u00eat public important ou que c\u2019est exig\u00e9 par la loi.<\/li><\/ul>\n\n<h2 class=\"wp-block-heading\">6. MES DONN\u00c9ES SONT-ELLES TRAIT\u00c9ES HORS DE L\u2019UE ?<\/h2>\n\n<p>Il se peut que des donn\u00e9es \u00e0 caract\u00e8re personnel sont transf\u00e9r\u00e9es et trait\u00e9es hors de l\u2019UE et dans ce cas Wood Wide veille \u00e0 ce que ce soit conform\u00e9ment \u00e0 la L\u00e9gislation vie priv\u00e9e pour garantir une protection des donn\u00e9es \u00e0 caract\u00e8re personnel similaire.<\/p>\n\n<h2 class=\"wp-block-heading\">7. QUELS SONT MES DROITS ?<\/h2>\n\n<p>L&#8217;Utilisateur ou le Visiteur peut exercer un certain nombre de droits relatifs au traitement de ses donn\u00e9es \u00e0 caract\u00e8re personnel vis \u00e0 vis de Wood Wide, dans la mesure o\u00f9 il dispose de tels droits en vertu de la l\u00e9gislation applicable.<\/p>\n\n<p>L&#8217;Utilisateur ou le Visiteur peut exercer ces droits via le formulaire de contact disponible sur www.woodwide.be. Wood Wide r\u00e9pondra \u00e0 ces demandes, en th\u00e9orie dans un d\u00e9lai d\u2019un mois, conform\u00e9ment \u00e0 la l\u00e9gislation applicable. <\/p>\n\n<p>L&#8217;Utilisateur ou le Visiteur peut \u00e9galement s\u2019adresser \u00e0 ou d\u00e9poser une plainte aupr\u00e8s de l&#8217;Autorit\u00e9 de protection des donn\u00e9es (contact@apd-gba.be).<\/p>\n\n<h3 class=\"wp-block-heading\">7.1. DROIT D\u2019OPPOSITION <\/h3>\n\n<p>L&#8217;Utilisateur ou le Visiteur peut s&#8217;opposer au traitement de ses donn\u00e9es \u00e0 caract\u00e8re personnel bas\u00e9 sur l&#8217;int\u00e9r\u00eat l\u00e9gitime de Wood Wide pour des raisons li\u00e9es \u00e0 sa situation sp\u00e9cifique. Dans ce cas Wood Wide cessera le traitement de ces donn\u00e9es sauf dans des conditions de motifs l\u00e9gitimes imp\u00e9rieux qui pr\u00e9valent sur les int\u00e9r\u00eats, libert\u00e9s et droits fondamentaux de l&#8217;Utilisateur ou du Visiteur, ou qui sont li\u00e9s \u00e0 l&#8217;institution, \u00e0 l&#8217;exercice ou au fondement d&#8217;une action en justice. <\/p>\n\n<h3 class=\"wp-block-heading\">7.2. DROIT D\u2019ACC\u00c8S <\/h3>\n\n<p>L\u2019Utilisateur ou Visiteur qui prouve son identit\u00e9, a le droit d\u2019acc\u00e9der \u00e0 ses donn\u00e9es \u00e0 caract\u00e8re personnel, d\u2019en obtenir une copie, ainsi que d\u2019acc\u00e9der \u00e0 certaines informations relatives au traitement de ses donn\u00e9es \u00e0 caract\u00e8re personnel, par exemple les finalit\u00e9s de ce traitement, les cat\u00e9gories de donn\u00e9es concern\u00e9es ou des destinataires auxquels ces donn\u00e9es sont transmises, et la p\u00e9riode de r\u00e9tention de ces donn\u00e9es.<\/p>\n\n<h3 class=\"wp-block-heading\">7.3. DROIT DE CORRECTION <\/h3>\n\n<p>L&#8217;Utilisateur ou le Visiteur peut faire corriger ou compl\u00e9ter des donn\u00e9es \u00e0 caract\u00e8re personnel incorrectes en le signalant au moyen du formulaire de contact.<\/p>\n\n<h3 class=\"wp-block-heading\">7.4. DROIT \u00c0 L\u2019EFFACEMENT <\/h3>\n\n<p>L&#8217;Utilisateur ou le Visiteur peut obtenir, dans un d\u00e9lai raisonnable, la suppression de ses donn\u00e9es \u00e0 caract\u00e8re personnel pour autant que et dans la mesure o\u00f9 :<\/p>\n\n<p>a) Les donn\u00e9es \u00e0 caract\u00e8re personnel ne sont plus n\u00e9cessaires pour les fins pour lesquelles elles ont \u00e9t\u00e9 collect\u00e9es ou trait\u00e9es d&#8217;une autre mani\u00e8re ;<\/p>\n\n<p>b) Il n&#8217;existe plus de base juridique pour le traitement ;<\/p>\n\n<p>c) L\u2019Utilisateur ou le Visiteur s&#8217;oppose au traitement, et il n&#8217;existe pas de motif l\u00e9gitime imp\u00e9rieux pour le traitement par Wood Wide;<\/p>\n\n<p>d) Les donn\u00e9es \u00e0 caract\u00e8re personnel ont fait l&#8217;objet d&#8217;un traitement illicite ; ou<\/p>\n\n<p>e) Les donn\u00e9es \u00e0 caract\u00e8re personnel doivent \u00eatre effac\u00e9es pour respecter une obligation l\u00e9gale qui incombe \u00e0 Wood Wide.<\/p>\n\n<p>Apr\u00e8s la suppression demand\u00e9e, Wood Wide enverra un message de confirmation \u00e0 la personne concern\u00e9e. En cas d&#8217;effacement partiel, Wood Wide expliquera pourquoi la demande n&#8217;a pas pu \u00eatre totalement satisfaite. <\/p>\n\n<h3 class=\"wp-block-heading\">7.5. DROIT \u00c0 LA LIMITATION DU TRAITEMENT <\/h3>\n\n<p>L&#8217;Utilisateur ou le Visiteur peut obtenir de Wood Wide la limitation du traitement de ses donn\u00e9es \u00e0 caract\u00e8re personnel si, et dans la mesure o\u00f9, l&#8217;une des conditions suivantes s&#8217;applique :<\/p>\n\n<p>a) L&#8217;Utilisateur ou le Visiteur conteste l\u2019exactitude des donn\u00e9es \u00e0 caract\u00e8re personnel pendant une dur\u00e9e permettant \u00e0 Wood Wide de v\u00e9rifier leur exactitude ;<\/p>\n\n<p>b) Le traitement est illicite et l&#8217;Utilisateur ou le Visiteur s&#8217;oppose \u00e0 la suppression des donn\u00e9es \u00e0 caract\u00e8re personnel et demande \u00e0 la place, la limitation de leur utilisation ;<\/p>\n\n<p>c) Wood Wide n&#8217;a plus besoin des donn\u00e9es \u00e0 caract\u00e8re personnel aux fins du traitement, mais celles-ci sont encore n\u00e9cessaires \u00e0 l&#8217;Utilisateur ou au Visiteur pour la constatation, l&#8217;exercice ou la d\u00e9fense de droits en justice ;<\/p>\n\n<p>d) L\u2019Utilisateur ou le Visiteur s&#8217;est oppos\u00e9 au traitement, pendant la v\u00e9rification portant sur le point de savoir si les motifs l\u00e9gitimes poursuivis par Wood Wide pr\u00e9valent sur ceux de l\u2019Utilisateur ou du Visiteur.<\/p>\n\n<p>Toutefois, si le traitement est limit\u00e9, les donn\u00e9es peuvent toujours \u00eatre stock\u00e9es par Wood Wide.<\/p>\n\n<h3 class=\"wp-block-heading\">7.6. DROIT \u00c0 LA PORTABILIT\u00c9 DES DONN\u00c9ES <\/h3>\n\n<p>le Visiteur ou l&#8217;Utilisateur a le droit d&#8217;obtenir de Wood Wide ses donn\u00e9es \u00e0 caract\u00e8re personnel qui sont trait\u00e9es dans le cadre de l&#8217;ex\u00e9cution de l\u2019accord, fournies par ce premier et trait\u00e9es par des proc\u00e9d\u00e9s automatis\u00e9s, dans un format structur\u00e9, couramment utilis\u00e9 et lisible par machine, ainsi que de transf\u00e9rer ces donn\u00e9es \u00e0 un fournisseur similaire ou de les faire transf\u00e9rer directement, si cela est techniquement possible.<\/p>\n\n<h2 class=\"wp-block-heading\">8. DOMMAGES<\/h2>\n\n<p>Wood Wide n&#8217;est pas responsable des dommages caus\u00e9s par le traitement ou l&#8217;utilisation du Site, tels que la perte ou la corruption de donn\u00e9es, le vol d&#8217;identit\u00e9, le vol de donn\u00e9es, des virus ou chevaux de Troie, des injections SQL ou autres attaques sur les syst\u00e8mes informatiques ou les portails-cloud en ligne, dans la mesure o\u00f9 Wood Wide peut prouver qu&#8217;elle n&#8217;est en aucun cas responsable de l&#8217;\u00e9v\u00e9nement nuisible.<\/p>\n","protected":false},"excerpt":{"rendered":"<p>Ce site internet appartient \u00e0 Wood Wide SRL, S\u00e9cheval 4 B, 4920 Remouchamps, Belgique, BE 0750.946.086, e-mail: info@woodwide.be, ci-apr\u00e8s d\u00e9nomm\u00e9 &#8222;Wood Wide&#8220; ou &#8222;nous&#8220;. Tout utilisateur ayant un profil d&#8217;utilisateur (ci-apr\u00e8s &#8222;l\u2019Utilisateur&#8220;) sur les sites Internet ou applications de Wood Wide, et tout visiteur, sans profil d&#8217;utilisateur enregistr\u00e9, du Site (ci-apr\u00e8s &#8222;le Visiteur&#8220;) donnent des [&hellip;]<\/p>\n","protected":false},"author":1,"featured_media":0,"parent":0,"menu_order":0,"comment_status":"closed","ping_status":"closed","template":"","meta":{"_acf_changed":false,"footnotes":""},"class_list":["post-1792","page","type-page","status-publish","hentry"],"acf":[],"yoast_head":"<!-- This site is optimized with the Yoast SEO plugin v26.5 - https:\/\/yoast.com\/wordpress\/plugins\/seo\/ -->\n<title>DATENSCHUTZRICHTLINIE - DSGVO | Woodwide<\/title>\n<meta name=\"robots\" content=\"index, follow, max-snippet:-1, max-image-preview:large, max-video-preview:-1\" \/>\n<link rel=\"canonical\" href=\"https:\/\/woodwide.be\/de\/datenschutzrichtlinie-dsgvo\/\" \/>\n<meta property=\"og:locale\" content=\"de_DE\" \/>\n<meta property=\"og:type\" content=\"article\" \/>\n<meta property=\"og:title\" content=\"DATENSCHUTZRICHTLINIE - DSGVO | Woodwide\" \/>\n<meta property=\"og:description\" content=\"Ce site internet appartient \u00e0 Wood Wide SRL, S\u00e9cheval 4 B, 4920 Remouchamps, Belgique, BE 0750.946.086, e-mail: info@woodwide.be, ci-apr\u00e8s d\u00e9nomm\u00e9 &#8222;Wood Wide&#8220; ou &#8222;nous&#8220;. Tout utilisateur ayant un profil d&#8217;utilisateur (ci-apr\u00e8s &#8222;l\u2019Utilisateur&#8220;) sur les sites Internet ou applications de Wood Wide, et tout visiteur, sans profil d&#8217;utilisateur enregistr\u00e9, du Site (ci-apr\u00e8s &#8222;le Visiteur&#8220;) donnent des [&hellip;]\" \/>\n<meta property=\"og:url\" content=\"https:\/\/woodwide.be\/de\/datenschutzrichtlinie-dsgvo\/\" \/>\n<meta property=\"og:site_name\" content=\"Woodwide\" \/>\n<meta property=\"article:modified_time\" content=\"2024-02-16T06:19:13+00:00\" \/>\n<meta name=\"twitter:card\" content=\"summary_large_image\" \/>\n<meta name=\"twitter:label1\" content=\"Gesch\u00e4tzte Lesezeit\" \/>\n\t<meta name=\"twitter:data1\" content=\"12\u00a0Minuten\" \/>\n<script type=\"application\/ld+json\" class=\"yoast-schema-graph\">{\"@context\":\"https:\/\/schema.org\",\"@graph\":[{\"@type\":\"WebPage\",\"@id\":\"https:\/\/woodwide.be\/de\/datenschutzrichtlinie-dsgvo\/\",\"url\":\"https:\/\/woodwide.be\/de\/datenschutzrichtlinie-dsgvo\/\",\"name\":\"DATENSCHUTZRICHTLINIE - DSGVO | Woodwide\",\"isPartOf\":{\"@id\":\"https:\/\/woodwide.be\/nl\/#website\"},\"datePublished\":\"2024-02-16T06:19:11+00:00\",\"dateModified\":\"2024-02-16T06:19:13+00:00\",\"breadcrumb\":{\"@id\":\"https:\/\/woodwide.be\/de\/datenschutzrichtlinie-dsgvo\/#breadcrumb\"},\"inLanguage\":\"de\",\"potentialAction\":[{\"@type\":\"ReadAction\",\"target\":[\"https:\/\/woodwide.be\/de\/datenschutzrichtlinie-dsgvo\/\"]}]},{\"@type\":\"BreadcrumbList\",\"@id\":\"https:\/\/woodwide.be\/de\/datenschutzrichtlinie-dsgvo\/#breadcrumb\",\"itemListElement\":[{\"@type\":\"ListItem\",\"position\":1,\"name\":\"Accueil\",\"item\":\"https:\/\/woodwide.be\/de\/home-2023\/\"},{\"@type\":\"ListItem\",\"position\":2,\"name\":\"DATENSCHUTZRICHTLINIE &#8211; DSGVO\"}]},{\"@type\":\"WebSite\",\"@id\":\"https:\/\/woodwide.be\/nl\/#website\",\"url\":\"https:\/\/woodwide.be\/nl\/\",\"name\":\"Wood Wide\",\"description\":\"\",\"publisher\":{\"@id\":\"https:\/\/woodwide.be\/nl\/#organization\"},\"potentialAction\":[{\"@type\":\"SearchAction\",\"target\":{\"@type\":\"EntryPoint\",\"urlTemplate\":\"https:\/\/woodwide.be\/nl\/?s={search_term_string}\"},\"query-input\":{\"@type\":\"PropertyValueSpecification\",\"valueRequired\":true,\"valueName\":\"search_term_string\"}}],\"inLanguage\":\"de\"},{\"@type\":\"Organization\",\"@id\":\"https:\/\/woodwide.be\/nl\/#organization\",\"name\":\"Wood Wide\",\"url\":\"https:\/\/woodwide.be\/nl\/\",\"logo\":{\"@type\":\"ImageObject\",\"inLanguage\":\"de\",\"@id\":\"https:\/\/woodwide.be\/nl\/#\/schema\/logo\/image\/\",\"url\":\"https:\/\/woodwide.be\/wp-content\/uploads\/2020\/09\/Logo-Header.svg\",\"contentUrl\":\"https:\/\/woodwide.be\/wp-content\/uploads\/2020\/09\/Logo-Header.svg\",\"caption\":\"Wood Wide\"},\"image\":{\"@id\":\"https:\/\/woodwide.be\/nl\/#\/schema\/logo\/image\/\"}}]}<\/script>\n<!-- \/ Yoast SEO plugin. -->","yoast_head_json":{"title":"DATENSCHUTZRICHTLINIE - DSGVO | Woodwide","robots":{"index":"index","follow":"follow","max-snippet":"max-snippet:-1","max-image-preview":"max-image-preview:large","max-video-preview":"max-video-preview:-1"},"canonical":"https:\/\/woodwide.be\/de\/datenschutzrichtlinie-dsgvo\/","og_locale":"de_DE","og_type":"article","og_title":"DATENSCHUTZRICHTLINIE - DSGVO | Woodwide","og_description":"Ce site internet appartient \u00e0 Wood Wide SRL, S\u00e9cheval 4 B, 4920 Remouchamps, Belgique, BE 0750.946.086, e-mail: info@woodwide.be, ci-apr\u00e8s d\u00e9nomm\u00e9 &#8222;Wood Wide&#8220; ou &#8222;nous&#8220;. Tout utilisateur ayant un profil d&#8217;utilisateur (ci-apr\u00e8s &#8222;l\u2019Utilisateur&#8220;) sur les sites Internet ou applications de Wood Wide, et tout visiteur, sans profil d&#8217;utilisateur enregistr\u00e9, du Site (ci-apr\u00e8s &#8222;le Visiteur&#8220;) donnent des [&hellip;]","og_url":"https:\/\/woodwide.be\/de\/datenschutzrichtlinie-dsgvo\/","og_site_name":"Woodwide","article_modified_time":"2024-02-16T06:19:13+00:00","twitter_card":"summary_large_image","twitter_misc":{"Gesch\u00e4tzte Lesezeit":"12\u00a0Minuten"},"schema":{"@context":"https:\/\/schema.org","@graph":[{"@type":"WebPage","@id":"https:\/\/woodwide.be\/de\/datenschutzrichtlinie-dsgvo\/","url":"https:\/\/woodwide.be\/de\/datenschutzrichtlinie-dsgvo\/","name":"DATENSCHUTZRICHTLINIE - DSGVO | Woodwide","isPartOf":{"@id":"https:\/\/woodwide.be\/nl\/#website"},"datePublished":"2024-02-16T06:19:11+00:00","dateModified":"2024-02-16T06:19:13+00:00","breadcrumb":{"@id":"https:\/\/woodwide.be\/de\/datenschutzrichtlinie-dsgvo\/#breadcrumb"},"inLanguage":"de","potentialAction":[{"@type":"ReadAction","target":["https:\/\/woodwide.be\/de\/datenschutzrichtlinie-dsgvo\/"]}]},{"@type":"BreadcrumbList","@id":"https:\/\/woodwide.be\/de\/datenschutzrichtlinie-dsgvo\/#breadcrumb","itemListElement":[{"@type":"ListItem","position":1,"name":"Accueil","item":"https:\/\/woodwide.be\/de\/home-2023\/"},{"@type":"ListItem","position":2,"name":"DATENSCHUTZRICHTLINIE &#8211; DSGVO"}]},{"@type":"WebSite","@id":"https:\/\/woodwide.be\/nl\/#website","url":"https:\/\/woodwide.be\/nl\/","name":"Wood Wide","description":"","publisher":{"@id":"https:\/\/woodwide.be\/nl\/#organization"},"potentialAction":[{"@type":"SearchAction","target":{"@type":"EntryPoint","urlTemplate":"https:\/\/woodwide.be\/nl\/?s={search_term_string}"},"query-input":{"@type":"PropertyValueSpecification","valueRequired":true,"valueName":"search_term_string"}}],"inLanguage":"de"},{"@type":"Organization","@id":"https:\/\/woodwide.be\/nl\/#organization","name":"Wood Wide","url":"https:\/\/woodwide.be\/nl\/","logo":{"@type":"ImageObject","inLanguage":"de","@id":"https:\/\/woodwide.be\/nl\/#\/schema\/logo\/image\/","url":"https:\/\/woodwide.be\/wp-content\/uploads\/2020\/09\/Logo-Header.svg","contentUrl":"https:\/\/woodwide.be\/wp-content\/uploads\/2020\/09\/Logo-Header.svg","caption":"Wood Wide"},"image":{"@id":"https:\/\/woodwide.be\/nl\/#\/schema\/logo\/image\/"}}]}},"_links":{"self":[{"href":"https:\/\/woodwide.be\/de\/wp-json\/wp\/v2\/pages\/1792","targetHints":{"allow":["GET"]}}],"collection":[{"href":"https:\/\/woodwide.be\/de\/wp-json\/wp\/v2\/pages"}],"about":[{"href":"https:\/\/woodwide.be\/de\/wp-json\/wp\/v2\/types\/page"}],"author":[{"embeddable":true,"href":"https:\/\/woodwide.be\/de\/wp-json\/wp\/v2\/users\/1"}],"replies":[{"embeddable":true,"href":"https:\/\/woodwide.be\/de\/wp-json\/wp\/v2\/comments?post=1792"}],"version-history":[{"count":3,"href":"https:\/\/woodwide.be\/de\/wp-json\/wp\/v2\/pages\/1792\/revisions"}],"predecessor-version":[{"id":1795,"href":"https:\/\/woodwide.be\/de\/wp-json\/wp\/v2\/pages\/1792\/revisions\/1795"}],"wp:attachment":[{"href":"https:\/\/woodwide.be\/de\/wp-json\/wp\/v2\/media?parent=1792"}],"curies":[{"name":"wp","href":"https:\/\/api.w.org\/{rel}","templated":true}]}}