{"id":1657,"date":"2024-01-22T07:24:39","date_gmt":"2024-01-22T06:24:39","guid":{"rendered":"https:\/\/woodwide.be\/autoklaven-impraegnierung-der-klasse-iv\/"},"modified":"2024-01-22T07:24:40","modified_gmt":"2024-01-22T06:24:40","slug":"autoklaven-impraegnierung-der-klasse-iv","status":"publish","type":"page","link":"https:\/\/woodwide.be\/de\/autoklaven-impraegnierung-der-klasse-iv\/","title":{"rendered":"Autoklaven-Impr\u00e4gnierung der Klasse IV"},"content":{"rendered":"\t\t<div data-elementor-type=\"wp-page\" data-elementor-id=\"1657\" class=\"elementor elementor-1657 elementor-1432\" data-elementor-post-type=\"page\">\n\t\t\t\t\t\t<section class=\"elementor-section elementor-top-section elementor-element elementor-element-738f9a7 elementor-section-boxed elementor-section-height-default elementor-section-height-default\" data-id=\"738f9a7\" data-element_type=\"section\">\n\t\t\t\t\t\t<div class=\"elementor-container elementor-column-gap-default\">\n\t\t\t\t\t<div class=\"elementor-column elementor-col-100 elementor-top-column elementor-element elementor-element-2fe5a2a\" data-id=\"2fe5a2a\" data-element_type=\"column\">\n\t\t\t<div class=\"elementor-widget-wrap elementor-element-populated\">\n\t\t\t\t\t\t<div class=\"elementor-element elementor-element-1c77a53 elementor-widget elementor-widget-heading\" data-id=\"1c77a53\" data-element_type=\"widget\" data-widget_type=\"heading.default\">\n\t\t\t\t<div class=\"elementor-widget-container\">\n\t\t\t\t\t<h1 class=\"elementor-heading-title elementor-size-default\">Autoklaven-Impr\u00e4gnierung der Klasse IV<\/h1>\t\t\t\t<\/div>\n\t\t\t\t<\/div>\n\t\t\t\t\t<\/div>\n\t\t<\/div>\n\t\t\t\t\t<\/div>\n\t\t<\/section>\n\t\t\t\t<section class=\"elementor-section elementor-top-section elementor-element elementor-element-c8a92ac elementor-section-boxed elementor-section-height-default elementor-section-height-default\" data-id=\"c8a92ac\" data-element_type=\"section\">\n\t\t\t\t\t\t<div class=\"elementor-container elementor-column-gap-default\">\n\t\t\t\t\t<div class=\"elementor-column elementor-col-50 elementor-top-column elementor-element elementor-element-90b5ce0\" data-id=\"90b5ce0\" data-element_type=\"column\">\n\t\t\t<div class=\"elementor-widget-wrap elementor-element-populated\">\n\t\t\t\t\t\t<div class=\"elementor-element elementor-element-4d2874c elementor-widget elementor-widget-text-editor\" data-id=\"4d2874c\" data-element_type=\"widget\" data-widget_type=\"text-editor.default\">\n\t\t\t\t<div class=\"elementor-widget-container\">\n\t\t\t\t\t\t\t\t\t<p>Produkte aus unseren einheimischen Nadelh\u00f6lzern sind von Natur aus nicht sehr langlebig.<\/p>\n<p>Vor zwanzig Jahren konnte man bei unbehandeltem Holz mit einer Lebensdauer von zwei bis drei Jahren rechnen. Seit dem gro\u00dfen Befall der westeurop\u00e4ischen Nadelholzw\u00e4lder mit dem Borkenk\u00e4fer (Ips typographus) um das Jahr 2020 sowie aufgrund der globalen Erw\u00e4rmung haben wir leider einen drastischen R\u00fcckgang der Qualit\u00e4t selbst von gesundem Holz, und damit eine weitere Verk\u00fcrzung der zu erwartenden Lebensdauer des Holzes festgestellt.  <\/p>\n<p>F\u00fcr eine Verl\u00e4ngerung der Lebensdauer wird das (nat\u00fcrlich oder in industriellen Trocknungsanlagen) getrocknete Holz unter in einem Autoklaven mit einem Kesseldruckverfahren impr\u00e4gniert.<\/p>\n<p>Ein Autoklav ist ein hermetisch abgeschlossener Druckbeh\u00e4lter, in dem Rund- oder Schnittholz in Zyklen von unterschiedlicher Dauer mit einem Konservierungsmittel behandelt wird. Die Zyklusdauer ist abh\u00e4ngig vom Zustand oder von der Art des zu versiegelnden Holzes sowie vom erw\u00fcnschten Ergebnis.<\/p>\n<p>Mit der Druckimpr\u00e4gnierung wird das Konservierungsmittel in einen Teil der Zellen des das Holzes injiziert und auf diese Weise vor Pilz-, Schimmel- und Insektenbefall gesch\u00fctzt.<\/p>\n<p>Die am weitesten in unseren Nadelw\u00e4ldern der Ardennen verbreitete Holzart ist die Gemeine Fichte (Picea abies). Historisch gesehen war diese Baumart an unsere H\u00f6henlage angepasst. Sie war \u201estandortspezifisch\u201c und gedieh beispielsweise weniger gut in den Regionen Condroz und Hespengau. Auch aus diesen Gr\u00fcnden wurden die Ardennen bewaldet und die erstgenannten beiden Regionen in Ackerland umgewandelt. <\/p>\n<p>Seit den vergangenen zwanzig Jahren wendet sich die Forstwirtschaft auch anderen Holzarten zu, die wichtigsten sind aber weiterhin die Gemeine Fichte und Douglasie, die beide gegen eine Impr\u00e4gnierung resistent sind. Im Gegensatz dazu saugt die Kiefer das Konservierungsmittel auf wie ein Schwamm.<\/p>\n\t\t\t\t\t\t\t\t<\/div>\n\t\t\t\t<\/div>\n\t\t\t\t\t<\/div>\n\t\t<\/div>\n\t\t\t\t<div class=\"elementor-column elementor-col-50 elementor-top-column elementor-element elementor-element-e8d4f02\" data-id=\"e8d4f02\" data-element_type=\"column\">\n\t\t\t<div class=\"elementor-widget-wrap elementor-element-populated\">\n\t\t\t\t\t\t<div class=\"elementor-element elementor-element-9cbba98 elementor-widget elementor-widget-text-editor\" data-id=\"9cbba98\" data-element_type=\"widget\" data-widget_type=\"text-editor.default\">\n\t\t\t\t<div class=\"elementor-widget-container\">\n\t\t\t\t\t\t\t\t\tSobald das Splintholz durch die Kalibrierung entfernt und nur noch das Hartholz \u00fcbrig ist, wird die Impr\u00e4gnierung noch schwieriger und ist nur dann von guter Qualit\u00e4t, wenn sie mit Trockenholz (Trocknungsgrad von 25 % bis 35 %) durchgef\u00fchrt wird. Die Konservierungsmittel basieren auf Gr\u00fcnsalz (Ferrosulfat), Braunsalz (Impralit\/Tanalith) oder Kreosot (aus Steinkohle gewonnenes Teer\u00f6l). Eine Behandlung von Rundh\u00f6lzern mit Teer\u00f6l ist in den meisten europ\u00e4ischen L\u00e4ndern inzwischen verboten. Seit rund zehn Jahren gibt es alternative Behandlungsmethoden, wie beispielsweise Dura2<sup>\u00ae<\/sup>, Nobifix<sup>\u00ae<\/sup> oder Waxwood<sup>\u00ae<\/sup>. Mit unserem Partner bieten wir eine Insektizid- und Fungizidbehandlung mit SP an, bei der eine h\u00f6here Salzkonzentration in l\u00e4ngeren Behandlungszyklen ausschlie\u00dflich in trockenes Kiefernholz (Trocknungsgrad 25 %) injiziert wird. Das Holz verf\u00e4rbt sich dunkelbraun bis schokoladenfarben. Die kalibrierten Kiefernrundh\u00f6lzer haben eine lange Lebensdauer, da eine gr\u00f6\u00dfere Menge des Konservierungsmittels unter Druck in das zu 25 % getrocknete Holz injiziert wird. Tanasot (Kupfer\u00f6l) ist ebenfalls eine in bestimmten F\u00e4llen angewandte Behandlungsart, allerdings aus offensichtlichen wirtschaftlichen Gr\u00fcnden in diesem Stadium nicht von Garten- und Zaunholz.\n\n\n\n\n\n\n\n \n\n\n\n\t\t\t\t\t\t\t\t<\/div>\n\t\t\t\t<\/div>\n\t\t\t\t<div class=\"elementor-element elementor-element-36feb00 elementor-widget elementor-widget-button\" data-id=\"36feb00\" data-element_type=\"widget\" data-widget_type=\"button.default\">\n\t\t\t\t<div class=\"elementor-widget-container\">\n\t\t\t\t\t\t\t\t\t<div class=\"elementor-button-wrapper\">\n\t\t\t\t\t<a class=\"elementor-button elementor-button-link elementor-size-xl\" href=\"https:\/\/woodwide.be\/de\/produkte\/\">\n\t\t\t\t\t\t<span class=\"elementor-button-content-wrapper\">\n\t\t\t\t\t\t\t\t\t<span class=\"elementor-button-text\">ENTDECKEN SIE UNSER UMFANGREICHES HOLZANGEBOT<\/span>\n\t\t\t\t\t<\/span>\n\t\t\t\t\t<\/a>\n\t\t\t\t<\/div>\n\t\t\t\t\t\t\t\t<\/div>\n\t\t\t\t<\/div>\n\t\t\t\t<div class=\"elementor-element elementor-element-0238cd6 elementor-widget elementor-widget-image\" data-id=\"0238cd6\" data-element_type=\"widget\" data-widget_type=\"image.default\">\n\t\t\t\t<div class=\"elementor-widget-container\">\n\t\t\t\t\t\t\t\t\t\t\t\t\t\t\t<img fetchpriority=\"high\" decoding=\"async\" width=\"800\" height=\"451\" src=\"https:\/\/woodwide.be\/wp-content\/uploads\/2023\/11\/traitement-bois-scies.webp\" class=\"attachment-large size-large wp-image-1474\" alt=\"Bois sci\u00e9s trait\u00e9s\" srcset=\"https:\/\/woodwide.be\/wp-content\/uploads\/2023\/11\/traitement-bois-scies.webp 900w, https:\/\/woodwide.be\/wp-content\/uploads\/2023\/11\/traitement-bois-scies-300x169.webp 300w, https:\/\/woodwide.be\/wp-content\/uploads\/2023\/11\/traitement-bois-scies-768x433.webp 768w\" sizes=\"(max-width: 800px) 100vw, 800px\" \/>\t\t\t\t\t\t\t\t\t\t\t\t\t\t\t<\/div>\n\t\t\t\t<\/div>\n\t\t\t\t\t<\/div>\n\t\t<\/div>\n\t\t\t\t\t<\/div>\n\t\t<\/section>\n\t\t\t\t<section class=\"elementor-section elementor-top-section elementor-element elementor-element-e2dab7c elementor-section-boxed elementor-section-height-default elementor-section-height-default\" data-id=\"e2dab7c\" data-element_type=\"section\">\n\t\t\t\t\t\t<div class=\"elementor-container elementor-column-gap-default\">\n\t\t\t\t\t<div class=\"elementor-column elementor-col-50 elementor-top-column elementor-element elementor-element-37a33de\" data-id=\"37a33de\" data-element_type=\"column\">\n\t\t\t<div class=\"elementor-widget-wrap elementor-element-populated\">\n\t\t\t\t\t\t<div class=\"elementor-element elementor-element-bc23b5f elementor-widget elementor-widget-image\" data-id=\"bc23b5f\" data-element_type=\"widget\" data-widget_type=\"image.default\">\n\t\t\t\t<div class=\"elementor-widget-container\">\n\t\t\t\t\t\t\t\t\t\t\t\t\t\t\t<img decoding=\"async\" width=\"800\" height=\"600\" src=\"https:\/\/woodwide.be\/wp-content\/uploads\/2023\/11\/bois-fendus-scies.webp\" class=\"attachment-large size-large wp-image-1477\" alt=\"Bois demi-ronds trait\u00e9s\" srcset=\"https:\/\/woodwide.be\/wp-content\/uploads\/2023\/11\/bois-fendus-scies.webp 800w, https:\/\/woodwide.be\/wp-content\/uploads\/2023\/11\/bois-fendus-scies-300x225.webp 300w, https:\/\/woodwide.be\/wp-content\/uploads\/2023\/11\/bois-fendus-scies-768x576.webp 768w\" sizes=\"(max-width: 800px) 100vw, 800px\" \/>\t\t\t\t\t\t\t\t\t\t\t\t\t\t\t<\/div>\n\t\t\t\t<\/div>\n\t\t\t\t\t<\/div>\n\t\t<\/div>\n\t\t\t\t<div class=\"elementor-column elementor-col-50 elementor-top-column elementor-element elementor-element-cda8e88\" data-id=\"cda8e88\" data-element_type=\"column\">\n\t\t\t<div class=\"elementor-widget-wrap elementor-element-populated\">\n\t\t\t\t\t\t<div class=\"elementor-element elementor-element-3da2e22 elementor-widget elementor-widget-image\" data-id=\"3da2e22\" data-element_type=\"widget\" data-widget_type=\"image.default\">\n\t\t\t\t<div class=\"elementor-widget-container\">\n\t\t\t\t\t\t\t\t\t\t\t\t\t\t\t<img decoding=\"async\" width=\"800\" height=\"600\" src=\"https:\/\/woodwide.be\/wp-content\/uploads\/2023\/11\/traitement-bois-rond.webp\" class=\"attachment-large size-large wp-image-1480\" alt=\"Bois ronds trait\u00e9s\" srcset=\"https:\/\/woodwide.be\/wp-content\/uploads\/2023\/11\/traitement-bois-rond.webp 800w, https:\/\/woodwide.be\/wp-content\/uploads\/2023\/11\/traitement-bois-rond-300x225.webp 300w, https:\/\/woodwide.be\/wp-content\/uploads\/2023\/11\/traitement-bois-rond-768x576.webp 768w\" sizes=\"(max-width: 800px) 100vw, 800px\" \/>\t\t\t\t\t\t\t\t\t\t\t\t\t\t\t<\/div>\n\t\t\t\t<\/div>\n\t\t\t\t\t<\/div>\n\t\t<\/div>\n\t\t\t\t\t<\/div>\n\t\t<\/section>\n\t\t\t\t<\/div>\n\t\t","protected":false},"excerpt":{"rendered":"<p>Produkte aus unseren einheimischen Nadelh\u00f6lzern sind von Natur aus nicht sehr langlebig. Vor zwanzig Jahren konnte man bei unbehandeltem Holz mit einer Lebensdauer von zwei bis drei Jahren rechnen. Seit dem gro\u00dfen Befall der westeurop\u00e4ischen Nadelholzw\u00e4lder mit dem Borkenk\u00e4fer (Ips typographus) um das Jahr 2020 sowie aufgrund der globalen Erw\u00e4rmung haben wir leider einen drastischen [&hellip;]<\/p>\n","protected":false},"author":9,"featured_media":0,"parent":0,"menu_order":0,"comment_status":"closed","ping_status":"closed","template":"elementor_header_footer","meta":{"_acf_changed":false,"footnotes":""},"class_list":["post-1657","page","type-page","status-publish","hentry"],"acf":[],"yoast_head":"<!-- This site is optimized with the Yoast SEO plugin v26.5 - https:\/\/yoast.com\/wordpress\/plugins\/seo\/ -->\n<title>Autoklaven-Impr\u00e4gnierung der Klasse IV | Woodwide<\/title>\n<meta name=\"robots\" content=\"index, follow, max-snippet:-1, max-image-preview:large, max-video-preview:-1\" \/>\n<link rel=\"canonical\" href=\"https:\/\/woodwide.be\/de\/autoklaven-impraegnierung-der-klasse-iv\/\" \/>\n<meta property=\"og:locale\" content=\"de_DE\" \/>\n<meta property=\"og:type\" content=\"article\" \/>\n<meta property=\"og:title\" content=\"Autoklaven-Impr\u00e4gnierung der Klasse IV | Woodwide\" \/>\n<meta property=\"og:description\" content=\"Produkte aus unseren einheimischen Nadelh\u00f6lzern sind von Natur aus nicht sehr langlebig. Vor zwanzig Jahren konnte man bei unbehandeltem Holz mit einer Lebensdauer von zwei bis drei Jahren rechnen. Seit dem gro\u00dfen Befall der westeurop\u00e4ischen Nadelholzw\u00e4lder mit dem Borkenk\u00e4fer (Ips typographus) um das Jahr 2020 sowie aufgrund der globalen Erw\u00e4rmung haben wir leider einen drastischen [&hellip;]\" \/>\n<meta property=\"og:url\" content=\"https:\/\/woodwide.be\/de\/autoklaven-impraegnierung-der-klasse-iv\/\" \/>\n<meta property=\"og:site_name\" content=\"Woodwide\" \/>\n<meta property=\"article:modified_time\" content=\"2024-01-22T06:24:40+00:00\" \/>\n<meta property=\"og:image\" content=\"https:\/\/woodwide.be\/wp-content\/uploads\/2023\/11\/traitement-bois-scies.webp\" \/>\n<meta name=\"twitter:card\" content=\"summary_large_image\" \/>\n<meta name=\"twitter:label1\" content=\"Gesch\u00e4tzte Lesezeit\" \/>\n\t<meta name=\"twitter:data1\" content=\"2\u00a0Minuten\" \/>\n<script type=\"application\/ld+json\" class=\"yoast-schema-graph\">{\"@context\":\"https:\/\/schema.org\",\"@graph\":[{\"@type\":\"WebPage\",\"@id\":\"https:\/\/woodwide.be\/de\/autoklaven-impraegnierung-der-klasse-iv\/\",\"url\":\"https:\/\/woodwide.be\/de\/autoklaven-impraegnierung-der-klasse-iv\/\",\"name\":\"Autoklaven-Impr\u00e4gnierung der Klasse IV | Woodwide\",\"isPartOf\":{\"@id\":\"https:\/\/woodwide.be\/nl\/#website\"},\"primaryImageOfPage\":{\"@id\":\"https:\/\/woodwide.be\/de\/autoklaven-impraegnierung-der-klasse-iv\/#primaryimage\"},\"image\":{\"@id\":\"https:\/\/woodwide.be\/de\/autoklaven-impraegnierung-der-klasse-iv\/#primaryimage\"},\"thumbnailUrl\":\"https:\/\/woodwide.be\/wp-content\/uploads\/2023\/11\/traitement-bois-scies.webp\",\"datePublished\":\"2024-01-22T06:24:39+00:00\",\"dateModified\":\"2024-01-22T06:24:40+00:00\",\"breadcrumb\":{\"@id\":\"https:\/\/woodwide.be\/de\/autoklaven-impraegnierung-der-klasse-iv\/#breadcrumb\"},\"inLanguage\":\"de\",\"potentialAction\":[{\"@type\":\"ReadAction\",\"target\":[\"https:\/\/woodwide.be\/de\/autoklaven-impraegnierung-der-klasse-iv\/\"]}]},{\"@type\":\"ImageObject\",\"inLanguage\":\"de\",\"@id\":\"https:\/\/woodwide.be\/de\/autoklaven-impraegnierung-der-klasse-iv\/#primaryimage\",\"url\":\"https:\/\/woodwide.be\/wp-content\/uploads\/2023\/11\/traitement-bois-scies.webp\",\"contentUrl\":\"https:\/\/woodwide.be\/wp-content\/uploads\/2023\/11\/traitement-bois-scies.webp\"},{\"@type\":\"BreadcrumbList\",\"@id\":\"https:\/\/woodwide.be\/de\/autoklaven-impraegnierung-der-klasse-iv\/#breadcrumb\",\"itemListElement\":[{\"@type\":\"ListItem\",\"position\":1,\"name\":\"Accueil\",\"item\":\"https:\/\/woodwide.be\/de\/home-2023\/\"},{\"@type\":\"ListItem\",\"position\":2,\"name\":\"Autoklaven-Impr\u00e4gnierung der Klasse IV\"}]},{\"@type\":\"WebSite\",\"@id\":\"https:\/\/woodwide.be\/nl\/#website\",\"url\":\"https:\/\/woodwide.be\/nl\/\",\"name\":\"Wood Wide\",\"description\":\"\",\"publisher\":{\"@id\":\"https:\/\/woodwide.be\/nl\/#organization\"},\"potentialAction\":[{\"@type\":\"SearchAction\",\"target\":{\"@type\":\"EntryPoint\",\"urlTemplate\":\"https:\/\/woodwide.be\/nl\/?s={search_term_string}\"},\"query-input\":{\"@type\":\"PropertyValueSpecification\",\"valueRequired\":true,\"valueName\":\"search_term_string\"}}],\"inLanguage\":\"de\"},{\"@type\":\"Organization\",\"@id\":\"https:\/\/woodwide.be\/nl\/#organization\",\"name\":\"Wood Wide\",\"url\":\"https:\/\/woodwide.be\/nl\/\",\"logo\":{\"@type\":\"ImageObject\",\"inLanguage\":\"de\",\"@id\":\"https:\/\/woodwide.be\/nl\/#\/schema\/logo\/image\/\",\"url\":\"https:\/\/woodwide.be\/wp-content\/uploads\/2020\/09\/Logo-Header.svg\",\"contentUrl\":\"https:\/\/woodwide.be\/wp-content\/uploads\/2020\/09\/Logo-Header.svg\",\"caption\":\"Wood Wide\"},\"image\":{\"@id\":\"https:\/\/woodwide.be\/nl\/#\/schema\/logo\/image\/\"}}]}<\/script>\n<!-- \/ Yoast SEO plugin. -->","yoast_head_json":{"title":"Autoklaven-Impr\u00e4gnierung der Klasse IV | Woodwide","robots":{"index":"index","follow":"follow","max-snippet":"max-snippet:-1","max-image-preview":"max-image-preview:large","max-video-preview":"max-video-preview:-1"},"canonical":"https:\/\/woodwide.be\/de\/autoklaven-impraegnierung-der-klasse-iv\/","og_locale":"de_DE","og_type":"article","og_title":"Autoklaven-Impr\u00e4gnierung der Klasse IV | Woodwide","og_description":"Produkte aus unseren einheimischen Nadelh\u00f6lzern sind von Natur aus nicht sehr langlebig. Vor zwanzig Jahren konnte man bei unbehandeltem Holz mit einer Lebensdauer von zwei bis drei Jahren rechnen. Seit dem gro\u00dfen Befall der westeurop\u00e4ischen Nadelholzw\u00e4lder mit dem Borkenk\u00e4fer (Ips typographus) um das Jahr 2020 sowie aufgrund der globalen Erw\u00e4rmung haben wir leider einen drastischen [&hellip;]","og_url":"https:\/\/woodwide.be\/de\/autoklaven-impraegnierung-der-klasse-iv\/","og_site_name":"Woodwide","article_modified_time":"2024-01-22T06:24:40+00:00","og_image":[{"url":"https:\/\/woodwide.be\/wp-content\/uploads\/2023\/11\/traitement-bois-scies.webp","type":"","width":"","height":""}],"twitter_card":"summary_large_image","twitter_misc":{"Gesch\u00e4tzte Lesezeit":"2\u00a0Minuten"},"schema":{"@context":"https:\/\/schema.org","@graph":[{"@type":"WebPage","@id":"https:\/\/woodwide.be\/de\/autoklaven-impraegnierung-der-klasse-iv\/","url":"https:\/\/woodwide.be\/de\/autoklaven-impraegnierung-der-klasse-iv\/","name":"Autoklaven-Impr\u00e4gnierung der Klasse IV | Woodwide","isPartOf":{"@id":"https:\/\/woodwide.be\/nl\/#website"},"primaryImageOfPage":{"@id":"https:\/\/woodwide.be\/de\/autoklaven-impraegnierung-der-klasse-iv\/#primaryimage"},"image":{"@id":"https:\/\/woodwide.be\/de\/autoklaven-impraegnierung-der-klasse-iv\/#primaryimage"},"thumbnailUrl":"https:\/\/woodwide.be\/wp-content\/uploads\/2023\/11\/traitement-bois-scies.webp","datePublished":"2024-01-22T06:24:39+00:00","dateModified":"2024-01-22T06:24:40+00:00","breadcrumb":{"@id":"https:\/\/woodwide.be\/de\/autoklaven-impraegnierung-der-klasse-iv\/#breadcrumb"},"inLanguage":"de","potentialAction":[{"@type":"ReadAction","target":["https:\/\/woodwide.be\/de\/autoklaven-impraegnierung-der-klasse-iv\/"]}]},{"@type":"ImageObject","inLanguage":"de","@id":"https:\/\/woodwide.be\/de\/autoklaven-impraegnierung-der-klasse-iv\/#primaryimage","url":"https:\/\/woodwide.be\/wp-content\/uploads\/2023\/11\/traitement-bois-scies.webp","contentUrl":"https:\/\/woodwide.be\/wp-content\/uploads\/2023\/11\/traitement-bois-scies.webp"},{"@type":"BreadcrumbList","@id":"https:\/\/woodwide.be\/de\/autoklaven-impraegnierung-der-klasse-iv\/#breadcrumb","itemListElement":[{"@type":"ListItem","position":1,"name":"Accueil","item":"https:\/\/woodwide.be\/de\/home-2023\/"},{"@type":"ListItem","position":2,"name":"Autoklaven-Impr\u00e4gnierung der Klasse IV"}]},{"@type":"WebSite","@id":"https:\/\/woodwide.be\/nl\/#website","url":"https:\/\/woodwide.be\/nl\/","name":"Wood Wide","description":"","publisher":{"@id":"https:\/\/woodwide.be\/nl\/#organization"},"potentialAction":[{"@type":"SearchAction","target":{"@type":"EntryPoint","urlTemplate":"https:\/\/woodwide.be\/nl\/?s={search_term_string}"},"query-input":{"@type":"PropertyValueSpecification","valueRequired":true,"valueName":"search_term_string"}}],"inLanguage":"de"},{"@type":"Organization","@id":"https:\/\/woodwide.be\/nl\/#organization","name":"Wood Wide","url":"https:\/\/woodwide.be\/nl\/","logo":{"@type":"ImageObject","inLanguage":"de","@id":"https:\/\/woodwide.be\/nl\/#\/schema\/logo\/image\/","url":"https:\/\/woodwide.be\/wp-content\/uploads\/2020\/09\/Logo-Header.svg","contentUrl":"https:\/\/woodwide.be\/wp-content\/uploads\/2020\/09\/Logo-Header.svg","caption":"Wood Wide"},"image":{"@id":"https:\/\/woodwide.be\/nl\/#\/schema\/logo\/image\/"}}]}},"_links":{"self":[{"href":"https:\/\/woodwide.be\/de\/wp-json\/wp\/v2\/pages\/1657","targetHints":{"allow":["GET"]}}],"collection":[{"href":"https:\/\/woodwide.be\/de\/wp-json\/wp\/v2\/pages"}],"about":[{"href":"https:\/\/woodwide.be\/de\/wp-json\/wp\/v2\/types\/page"}],"author":[{"embeddable":true,"href":"https:\/\/woodwide.be\/de\/wp-json\/wp\/v2\/users\/9"}],"replies":[{"embeddable":true,"href":"https:\/\/woodwide.be\/de\/wp-json\/wp\/v2\/comments?post=1657"}],"version-history":[{"count":1,"href":"https:\/\/woodwide.be\/de\/wp-json\/wp\/v2\/pages\/1657\/revisions"}],"predecessor-version":[{"id":1658,"href":"https:\/\/woodwide.be\/de\/wp-json\/wp\/v2\/pages\/1657\/revisions\/1658"}],"wp:attachment":[{"href":"https:\/\/woodwide.be\/de\/wp-json\/wp\/v2\/media?parent=1657"}],"curies":[{"name":"wp","href":"https:\/\/api.w.org\/{rel}","templated":true}]}}