{"id":1655,"date":"2024-01-22T07:19:30","date_gmt":"2024-01-22T06:19:30","guid":{"rendered":"https:\/\/woodwide.be\/kontakt\/"},"modified":"2025-04-29T07:41:14","modified_gmt":"2025-04-29T05:41:14","slug":"kontakt","status":"publish","type":"page","link":"https:\/\/woodwide.be\/de\/kontakt\/","title":{"rendered":"Kontakt"},"content":{"rendered":"\t\t<div data-elementor-type=\"wp-page\" data-elementor-id=\"1655\" class=\"elementor elementor-1655 elementor-1207\" data-elementor-post-type=\"page\">\n\t\t\t\t\t\t<section class=\"elementor-section elementor-top-section elementor-element elementor-element-1a19367 elementor-section-boxed elementor-section-height-default elementor-section-height-default\" data-id=\"1a19367\" data-element_type=\"section\">\n\t\t\t\t\t\t<div class=\"elementor-container elementor-column-gap-default\">\n\t\t\t\t\t<div class=\"elementor-column elementor-col-100 elementor-top-column elementor-element elementor-element-d8e2e68\" data-id=\"d8e2e68\" data-element_type=\"column\">\n\t\t\t<div class=\"elementor-widget-wrap elementor-element-populated\">\n\t\t\t\t\t\t<div class=\"elementor-element elementor-element-88f4a66 elementor-widget elementor-widget-heading\" data-id=\"88f4a66\" data-element_type=\"widget\" data-widget_type=\"heading.default\">\n\t\t\t\t<div class=\"elementor-widget-container\">\n\t\t\t\t\t<h1 class=\"elementor-heading-title elementor-size-default\">Kontakt<\/h1>\t\t\t\t<\/div>\n\t\t\t\t<\/div>\n\t\t\t\t\t<\/div>\n\t\t<\/div>\n\t\t\t\t\t<\/div>\n\t\t<\/section>\n\t\t\t\t<section class=\"elementor-section elementor-top-section elementor-element elementor-element-8d94687 elementor-section-boxed elementor-section-height-default elementor-section-height-default\" data-id=\"8d94687\" data-element_type=\"section\" data-settings=\"{&quot;background_background&quot;:&quot;classic&quot;}\">\n\t\t\t\t\t\t<div class=\"elementor-container elementor-column-gap-default\">\n\t\t\t\t\t<div class=\"elementor-column elementor-col-50 elementor-top-column elementor-element elementor-element-d97e07f\" data-id=\"d97e07f\" data-element_type=\"column\">\n\t\t\t<div class=\"elementor-widget-wrap elementor-element-populated\">\n\t\t\t\t\t\t<div class=\"elementor-element elementor-element-2843b0f elementor-widget elementor-widget-image\" data-id=\"2843b0f\" data-element_type=\"widget\" data-widget_type=\"image.default\">\n\t\t\t\t<div class=\"elementor-widget-container\">\n\t\t\t\t\t\t\t\t\t\t\t\t\t\t\t<img fetchpriority=\"high\" decoding=\"async\" width=\"768\" height=\"285\" src=\"https:\/\/woodwide.be\/wp-content\/uploads\/2020\/09\/foret2-768x285.jpg\" class=\"attachment-medium_large size-medium_large wp-image-511\" alt=\"\" srcset=\"https:\/\/woodwide.be\/wp-content\/uploads\/2020\/09\/foret2-768x285.jpg 768w, https:\/\/woodwide.be\/wp-content\/uploads\/2020\/09\/foret2-300x111.jpg 300w, https:\/\/woodwide.be\/wp-content\/uploads\/2020\/09\/foret2-1024x380.jpg 1024w, https:\/\/woodwide.be\/wp-content\/uploads\/2020\/09\/foret2-1536x570.jpg 1536w, https:\/\/woodwide.be\/wp-content\/uploads\/2020\/09\/foret2-2048x760.jpg 2048w\" sizes=\"(max-width: 768px) 100vw, 768px\" \/>\t\t\t\t\t\t\t\t\t\t\t\t\t\t\t<\/div>\n\t\t\t\t<\/div>\n\t\t\t\t\t<\/div>\n\t\t<\/div>\n\t\t\t\t<div class=\"elementor-column elementor-col-50 elementor-top-column elementor-element elementor-element-546e014\" data-id=\"546e014\" data-element_type=\"column\">\n\t\t\t<div class=\"elementor-widget-wrap elementor-element-populated\">\n\t\t\t\t\t\t<div class=\"elementor-element elementor-element-43a8187 elementor-widget elementor-widget-text-editor\" data-id=\"43a8187\" data-element_type=\"widget\" data-widget_type=\"text-editor.default\">\n\t\t\t\t<div class=\"elementor-widget-container\">\n\t\t\t\t\t\t\t\t\t<p><b>Wood Wide srl<br><\/b><span style=\"font-family: var( --e-global-typography-text-font-family ), Sans-serif; font-weight: var( --e-global-typography-text-font-weight ); background-color: var( --e-global-color-2008ae9 ); font-size: 1rem;\">S\u00e9cheval 4B,<br><\/span><span style=\"font-family: var( --e-global-typography-text-font-family ), Sans-serif; font-weight: var( --e-global-typography-text-font-weight ); background-color: var( --e-global-color-2008ae9 ); font-size: 1rem;\">4920 Sougn\u00e9-Remouchamps<br><\/span><span style=\"font-family: var( --e-global-typography-text-font-family ), Sans-serif; font-weight: var( --e-global-typography-text-font-weight ); background-color: var( --e-global-color-2008ae9 ); font-size: 1rem;\">Belgique<br><\/span><span style=\"font-family: var( --e-global-typography-text-font-family ), Sans-serif; background-color: var( --e-global-color-2008ae9 ); font-size: 1rem;\"><b>Isabelle: t<\/b><\/span><span style=\"font-family: var( --e-global-typography-text-font-family ), Sans-serif; background-color: var( --e-global-color-2008ae9 ); font-size: 1rem;\"><span style=\"font-weight: var( --e-global-typography-text-font-weight );\">el. +32 496 300 308<\/span><br><b>Johnny:<\/b>&nbsp;tel.&nbsp;<\/span><span style=\"background-color: var( --e-global-color-2008ae9 );\">+32 470 08 91 22<\/span><\/p>\n<p><span style=\"background-color: var( --e-global-color-2008ae9 );\"><b>Produktionsst\u00e4tte:<\/b>&nbsp;<br><\/span><span style=\"background-color: var( --e-global-color-2008ae9 );\">Place de la gare, 6850 Paliseul<\/span><\/p><p><span style=\"background-color: var( --e-global-color-2008ae9 );\"><b>USt-Ident-Nr.:&nbsp;<\/b><\/span><span style=\"background-color: var( --e-global-color-2008ae9 );\">BE0750 946 086<\/span><\/p>\n<p><strong>Wir freuen uns sehr auf Ihren Anruf oder die Bearbeitung Ihrer Anfrage mit dem nachstehenden Formular.<\/strong><\/p>\t\t\t\t\t\t\t\t<\/div>\n\t\t\t\t<\/div>\n\t\t\t\t\t<\/div>\n\t\t<\/div>\n\t\t\t\t\t<\/div>\n\t\t<\/section>\n\t\t\t\t<section class=\"elementor-section elementor-top-section elementor-element elementor-element-b261de0 elementor-section-boxed elementor-section-height-default elementor-section-height-default\" data-id=\"b261de0\" data-element_type=\"section\">\n\t\t\t\t\t\t<div class=\"elementor-container elementor-column-gap-default\">\n\t\t\t\t\t<div class=\"elementor-column elementor-col-100 elementor-top-column elementor-element elementor-element-5d097d19\" data-id=\"5d097d19\" data-element_type=\"column\">\n\t\t\t<div class=\"elementor-widget-wrap elementor-element-populated\">\n\t\t\t\t\t\t<div class=\"elementor-element elementor-element-13ce6219 elementor-widget elementor-widget-template\" data-id=\"13ce6219\" data-element_type=\"widget\" data-widget_type=\"template.default\">\n\t\t\t\t<div class=\"elementor-widget-container\">\n\t\t\t\t\t\t\t<div class=\"elementor-template\">\n\t\t\t\t\t<div data-elementor-type=\"section\" data-elementor-id=\"1743\" class=\"elementor elementor-1743 elementor-858\" data-elementor-post-type=\"elementor_library\">\n\t\t\t\t\t<section class=\"elementor-section elementor-top-section elementor-element elementor-element-6ecc2ae6 elementor-section-boxed elementor-section-height-default elementor-section-height-default\" data-id=\"6ecc2ae6\" data-element_type=\"section\" id=\"contact\">\n\t\t\t\t\t\t<div class=\"elementor-container elementor-column-gap-default\">\n\t\t\t\t\t<div class=\"elementor-column elementor-col-100 elementor-top-column elementor-element elementor-element-261e3ee2\" data-id=\"261e3ee2\" data-element_type=\"column\">\n\t\t\t<div class=\"elementor-widget-wrap elementor-element-populated\">\n\t\t\t\t\t\t<div class=\"elementor-element elementor-element-2b21d258 elementor-widget elementor-widget-heading\" data-id=\"2b21d258\" data-element_type=\"widget\" data-widget_type=\"heading.default\">\n\t\t\t\t<div class=\"elementor-widget-container\">\n\t\t\t\t\t<h2 class=\"elementor-heading-title elementor-size-default\">Kontaktformular<\/h2>\t\t\t\t<\/div>\n\t\t\t\t<\/div>\n\t\t\t\t<div class=\"elementor-element elementor-element-56f11ea5 elementor-widget elementor-widget-text-editor\" data-id=\"56f11ea5\" data-element_type=\"widget\" data-widget_type=\"text-editor.default\">\n\t\t\t\t<div class=\"elementor-widget-container\">\n\t\t\t\t\t\t\t\t\t<p>Z\u00f6gern Sie nicht, dieses Formular auszuf\u00fcllen. Wir werden uns in K\u00fcrze bei Ihnen melden.<\/p>\n\t\t\t\t\t\t\t\t<\/div>\n\t\t\t\t<\/div>\n\t\t\t\t<div class=\"elementor-element elementor-element-27fb1329 premium-cf7-button-fwidth-yes elementor-widget elementor-widget-premium-contact-form\" data-id=\"27fb1329\" data-element_type=\"widget\" data-widget_type=\"premium-contact-form.default\">\n\t\t\t\t<div class=\"elementor-widget-container\">\n\t\t\t\t\t\n\t\t\t\n\t\t\t<div class=\"premium-cf7-container\" data-settings=\"{&quot;fields_glass&quot;:&quot;none&quot;,&quot;submit_glass&quot;:&quot;none&quot;}\">\n\t\t\t\t\n<div class=\"wpcf7 no-js\" id=\"wpcf7-f1742-o1\" lang=\"de-DE\" dir=\"ltr\" data-wpcf7-id=\"1742\">\n<div class=\"screen-reader-response\"><p role=\"status\" aria-live=\"polite\" aria-atomic=\"true\"><\/p> <ul><\/ul><\/div>\n<form action=\"\/de\/wp-json\/wp\/v2\/pages\/1655#wpcf7-f1742-o1\" method=\"post\" class=\"wpcf7-form init\" aria-label=\"Kontaktformular\" novalidate=\"novalidate\" data-status=\"init\">\n<fieldset class=\"hidden-fields-container\"><input type=\"hidden\" name=\"_wpcf7\" value=\"1742\" \/><input type=\"hidden\" name=\"_wpcf7_version\" value=\"6.1.4\" \/><input type=\"hidden\" name=\"_wpcf7_locale\" value=\"de_DE\" \/><input type=\"hidden\" name=\"_wpcf7_unit_tag\" value=\"wpcf7-f1742-o1\" \/><input type=\"hidden\" name=\"_wpcf7_container_post\" value=\"0\" \/><input type=\"hidden\" name=\"_wpcf7_posted_data_hash\" value=\"\" \/><input type=\"hidden\" name=\"_wpcf7_recaptcha_response\" value=\"\" \/>\n<\/fieldset>\n<p><link rel=\"stylesheet\" href=\"https:\/\/stackpath.bootstrapcdn.com\/bootstrap\/4.1.3\/css\/bootstrap.min.css\" integrity=\"sha384-MCw98\/SFnGE8fJT3GXwEOngsV7Zt27NXFoaoApmYm81iuXoPkFOJwJ8ERdknLPMO\" crossorigin=\"anonymous\" \/>\n<\/p>\n<div class=\"container\">\n\t<div class=\"row\">\n\t\t<div class=\"col-12 col-sm-12 col-md-4 col-lg-4 col-xl-4 col1\">\n\t\t\t<p><label><span class=\"wpcf7-form-control-wrap\" data-name=\"prenom\"><input size=\"40\" maxlength=\"400\" class=\"wpcf7-form-control wpcf7-text wpcf7-validates-as-required\" aria-required=\"true\" aria-invalid=\"false\" placeholder=\"Vorname *\" value=\"\" type=\"text\" name=\"prenom\" \/><\/span><\/label><br \/>\n<label><span class=\"wpcf7-form-control-wrap\" data-name=\"nom\"><input size=\"40\" maxlength=\"400\" class=\"wpcf7-form-control wpcf7-text wpcf7-validates-as-required\" aria-required=\"true\" aria-invalid=\"false\" placeholder=\"Nachtname *\" value=\"\" type=\"text\" name=\"nom\" \/><\/span><\/label><br \/>\n<label><span class=\"wpcf7-form-control-wrap\" data-name=\"societe\"><input size=\"40\" maxlength=\"400\" class=\"wpcf7-form-control wpcf7-text wpcf7-validates-as-required\" aria-required=\"true\" aria-invalid=\"false\" placeholder=\"Unternehmen\/Organisation *\" value=\"\" type=\"text\" name=\"societe\" \/><\/span><\/label><br \/>\n<label><span class=\"wpcf7-form-control-wrap\" data-name=\"tva\"><input size=\"40\" maxlength=\"400\" class=\"wpcf7-form-control wpcf7-text\" aria-invalid=\"false\" placeholder=\"USt-IdNr\" value=\"\" type=\"text\" name=\"tva\" \/><\/span><\/label><br \/>\n<label><span class=\"wpcf7-form-control-wrap\" data-name=\"email\"><input size=\"40\" maxlength=\"400\" class=\"wpcf7-form-control wpcf7-email wpcf7-validates-as-required wpcf7-text wpcf7-validates-as-email\" aria-required=\"true\" aria-invalid=\"false\" placeholder=\"E-mail *\" value=\"\" type=\"email\" name=\"email\" \/><\/span> <\/label><br \/>\n<label><span class=\"wpcf7-form-control-wrap\" data-name=\"telephone\"><input size=\"40\" maxlength=\"400\" class=\"wpcf7-form-control wpcf7-tel wpcf7-validates-as-required wpcf7-text wpcf7-validates-as-tel\" aria-required=\"true\" aria-invalid=\"false\" placeholder=\"Telefonnummer *\" value=\"\" type=\"tel\" name=\"telephone\" \/><\/span> <\/label>\n\t\t\t<\/p>\n\t\t<\/div>\n\t\t<div class=\"col-12 col-sm-12 col-md-4 col-lg-4 col-xl-4 col2\">\n\t\t\t<p><label><span class=\"wpcf7-form-control-wrap\" data-name=\"message\"><textarea cols=\"40\" rows=\"10\" maxlength=\"2000\" class=\"wpcf7-form-control wpcf7-textarea wpcf7-validates-as-required\" aria-required=\"true\" aria-invalid=\"false\" placeholder=\"Nachricht *\" name=\"message\"><\/textarea><\/span> <\/label>\n\t\t\t<\/p>\n\t\t<\/div>\n\t\t<div class=\"col-12 col-sm-12 col-md-4 col-lg-4 col-xl-4 col3\">\n\t\t\t<p><span class=\"wpcf7-form-control-wrap\" data-name=\"checkbox-385\"><span class=\"wpcf7-form-control wpcf7-checkbox\"><span class=\"wpcf7-list-item first last\"><label><input type=\"checkbox\" name=\"checkbox-385[]\" value=\"Ich m\u00f6chte \u00fcber Neuigkeiten von Wood Wide auf dem Laufenden bleiben.\" \/><span class=\"wpcf7-list-item-label\">Ich m\u00f6chte \u00fcber Neuigkeiten von Wood Wide auf dem Laufenden bleiben.<\/span><\/label><\/span><\/span><\/span><br \/>\n<span class=\"wpcf7-form-control-wrap\" data-name=\"acceptance-850\"><span class=\"wpcf7-form-control wpcf7-acceptance\"><span class=\"wpcf7-list-item\"><label><input type=\"checkbox\" name=\"acceptance-850\" value=\"1\" aria-invalid=\"false\" \/><span class=\"wpcf7-list-item-label\">Ich akzeptiere, dass meine Daten von Wood Wide empfangen und gespeichert werden. <br><a target=\"_blank\" href=\"\/politique-de-confidentialite-rgpd\/\">Lesen Sie die allgemeine Datenschutzrichtlinie (DSGVO).<\/a><\/span><\/label><\/span><\/span><\/span>\n\t\t\t<\/p>\n\t\t\t<p class=\"rgpd\">Gem\u00e4\u00df der am 25. Mai 2018 in Kraft getretenen DSGVO unterliegen die \u00fcber Sie erhobenen Daten einer Verarbeitung, die ausschlie\u00dflich f\u00fcr Wood Wide bestimmt ist. Ansprechpartner: Empf\u00e4nger dieser Daten ist ausschlie\u00dflich das Team von Wood Wide. Sie haben das Recht auf Zugang, Berichtigung, \u00dcbertragbarkeit, L\u00f6schung oder eine Einschr\u00e4nkung der Verarbeitung. Sie k\u00f6nnen der Verarbeitung der Sie betreffenden Daten widersprechen und haben das Recht, Ihre Einwilligung jederzeit zu widerrufen, indem Sie sich an Wood Wide wenden. Sie haben die M\u00f6glichkeit, eine Beschwerde bei einer Aufsichtsbeh\u00f6rde einzureichen.\n\t\t\t<\/p>\n\t\t<\/div>\n\t<\/div>\n\t<div class=\"mx-auto\" style=\"width: 200px;\">\n\t\t<p><input class=\"wpcf7-form-control wpcf7-submit has-spinner\" type=\"submit\" value=\"Absenden\" \/>\n\t\t<\/p>\n\t<\/div>\n<\/div><div class=\"wpcf7-response-output\" aria-hidden=\"true\"><\/div>\n<\/form>\n<\/div>\n\t\t\t<\/div>\n\n\t\t\t\t\t\t\t<\/div>\n\t\t\t\t<\/div>\n\t\t\t\t\t<\/div>\n\t\t<\/div>\n\t\t\t\t\t<\/div>\n\t\t<\/section>\n\t\t\t\t<\/div>\n\t\t\t\t<\/div>\n\t\t\t\t\t\t<\/div>\n\t\t\t\t<\/div>\n\t\t\t\t\t<\/div>\n\t\t<\/div>\n\t\t\t\t\t<\/div>\n\t\t<\/section>\n\t\t\t\t<section class=\"elementor-section elementor-top-section elementor-element elementor-element-37a2009e elementor-section-full_width elementor-section-height-default elementor-section-height-default\" data-id=\"37a2009e\" data-element_type=\"section\">\n\t\t\t\t\t\t<div class=\"elementor-container elementor-column-gap-default\">\n\t\t\t\t\t<div class=\"elementor-column elementor-col-100 elementor-top-column elementor-element elementor-element-1159a00e\" data-id=\"1159a00e\" data-element_type=\"column\">\n\t\t\t<div class=\"elementor-widget-wrap elementor-element-populated\">\n\t\t\t\t\t\t<div class=\"elementor-element elementor-element-2df15288 elementor-widget elementor-widget-html\" data-id=\"2df15288\" data-element_type=\"widget\" data-widget_type=\"html.default\">\n\t\t\t\t<div class=\"elementor-widget-container\">\n\t\t\t\t\t<iframe src=\"https:\/\/www.google.com\/maps\/embed?pb=!1m18!1m12!1m3!1d422603.6876405551!2d4.990922912851891!3d50.484518897686364!2m3!1f0!2f0!3f0!3m2!1i1024!2i768!4f13.1!3m3!1m2!1s0x0%3A0x0!2zNTDCsDI5JzE5LjQiTiA1wrA0MycxMS4zIkU!5e0!3m2!1sfr!2sbe!4v1601909337029!5m2!1sfr!2sbe\" width=\"600\" height=\"700\" frameborder=\"0\" style=\"border:0;\" allowfullscreen=\"\" aria-hidden=\"false\" tabindex=\"0\"><\/iframe>\t\t\t\t<\/div>\n\t\t\t\t<\/div>\n\t\t\t\t\t<\/div>\n\t\t<\/div>\n\t\t\t\t\t<\/div>\n\t\t<\/section>\n\t\t\t\t<\/div>\n\t\t","protected":false},"excerpt":{"rendered":"<p>Kontakt Wood Wide srlS\u00e9cheval 4B,4920 Sougn\u00e9-RemouchampsBelgiqueIsabelle: tel. +32 496 300 308Johnny:&nbsp;tel.&nbsp;+32 470 08 91 22 Produktionsst\u00e4tte:&nbsp;Place de la gare, 6850 Paliseul USt-Ident-Nr.:&nbsp;BE0750 946 086 Wir freuen uns sehr auf Ihren Anruf oder die Bearbeitung Ihrer Anfrage mit dem nachstehenden Formular.<\/p>\n","protected":false},"author":9,"featured_media":0,"parent":0,"menu_order":0,"comment_status":"closed","ping_status":"closed","template":"elementor_header_footer","meta":{"_acf_changed":false,"footnotes":""},"class_list":["post-1655","page","type-page","status-publish","hentry"],"acf":[],"yoast_head":"<!-- This site is optimized with the Yoast SEO plugin v26.5 - https:\/\/yoast.com\/wordpress\/plugins\/seo\/ -->\n<title>Kontakt Wood Wide | Nachhaltiges Holz Belgien<\/title>\n<meta name=\"description\" content=\"Kontaktieren Sie uns f\u00fcr Fragen zu unserem PEFC-zertifizierten Holz. Wood Wide antwortet schnell und kompetent.\" \/>\n<meta name=\"robots\" content=\"index, follow, max-snippet:-1, max-image-preview:large, max-video-preview:-1\" \/>\n<link rel=\"canonical\" href=\"https:\/\/woodwide.be\/de\/kontakt\/\" \/>\n<meta property=\"og:locale\" content=\"de_DE\" \/>\n<meta property=\"og:type\" content=\"article\" \/>\n<meta property=\"og:title\" content=\"Kontakt Wood Wide | Nachhaltiges Holz Belgien\" \/>\n<meta property=\"og:description\" content=\"Kontaktieren Sie uns f\u00fcr Fragen zu unserem PEFC-zertifizierten Holz. Wood Wide antwortet schnell und kompetent.\" \/>\n<meta property=\"og:url\" content=\"https:\/\/woodwide.be\/de\/kontakt\/\" \/>\n<meta property=\"og:site_name\" content=\"Woodwide\" \/>\n<meta property=\"article:modified_time\" content=\"2025-04-29T05:41:14+00:00\" \/>\n<meta property=\"og:image\" content=\"https:\/\/woodwide.be\/wp-content\/uploads\/2020\/09\/foret2-768x285.jpg\" \/>\n<meta name=\"twitter:card\" content=\"summary_large_image\" \/>\n<script type=\"application\/ld+json\" class=\"yoast-schema-graph\">{\"@context\":\"https:\/\/schema.org\",\"@graph\":[{\"@type\":\"WebPage\",\"@id\":\"https:\/\/woodwide.be\/de\/kontakt\/\",\"url\":\"https:\/\/woodwide.be\/de\/kontakt\/\",\"name\":\"Kontakt Wood Wide | Nachhaltiges Holz Belgien\",\"isPartOf\":{\"@id\":\"https:\/\/woodwide.be\/nl\/#website\"},\"primaryImageOfPage\":{\"@id\":\"https:\/\/woodwide.be\/de\/kontakt\/#primaryimage\"},\"image\":{\"@id\":\"https:\/\/woodwide.be\/de\/kontakt\/#primaryimage\"},\"thumbnailUrl\":\"https:\/\/woodwide.be\/wp-content\/uploads\/2020\/09\/foret2-768x285.jpg\",\"datePublished\":\"2024-01-22T06:19:30+00:00\",\"dateModified\":\"2025-04-29T05:41:14+00:00\",\"description\":\"Kontaktieren Sie uns f\u00fcr Fragen zu unserem PEFC-zertifizierten Holz. Wood Wide antwortet schnell und kompetent.\",\"breadcrumb\":{\"@id\":\"https:\/\/woodwide.be\/de\/kontakt\/#breadcrumb\"},\"inLanguage\":\"de\",\"potentialAction\":[{\"@type\":\"ReadAction\",\"target\":[\"https:\/\/woodwide.be\/de\/kontakt\/\"]}]},{\"@type\":\"ImageObject\",\"inLanguage\":\"de\",\"@id\":\"https:\/\/woodwide.be\/de\/kontakt\/#primaryimage\",\"url\":\"https:\/\/woodwide.be\/wp-content\/uploads\/2020\/09\/foret2-768x285.jpg\",\"contentUrl\":\"https:\/\/woodwide.be\/wp-content\/uploads\/2020\/09\/foret2-768x285.jpg\"},{\"@type\":\"BreadcrumbList\",\"@id\":\"https:\/\/woodwide.be\/de\/kontakt\/#breadcrumb\",\"itemListElement\":[{\"@type\":\"ListItem\",\"position\":1,\"name\":\"Accueil\",\"item\":\"https:\/\/woodwide.be\/de\/home-2023\/\"},{\"@type\":\"ListItem\",\"position\":2,\"name\":\"Kontakt\"}]},{\"@type\":\"WebSite\",\"@id\":\"https:\/\/woodwide.be\/nl\/#website\",\"url\":\"https:\/\/woodwide.be\/nl\/\",\"name\":\"Wood Wide\",\"description\":\"\",\"publisher\":{\"@id\":\"https:\/\/woodwide.be\/nl\/#organization\"},\"potentialAction\":[{\"@type\":\"SearchAction\",\"target\":{\"@type\":\"EntryPoint\",\"urlTemplate\":\"https:\/\/woodwide.be\/nl\/?s={search_term_string}\"},\"query-input\":{\"@type\":\"PropertyValueSpecification\",\"valueRequired\":true,\"valueName\":\"search_term_string\"}}],\"inLanguage\":\"de\"},{\"@type\":\"Organization\",\"@id\":\"https:\/\/woodwide.be\/nl\/#organization\",\"name\":\"Wood Wide\",\"url\":\"https:\/\/woodwide.be\/nl\/\",\"logo\":{\"@type\":\"ImageObject\",\"inLanguage\":\"de\",\"@id\":\"https:\/\/woodwide.be\/nl\/#\/schema\/logo\/image\/\",\"url\":\"https:\/\/woodwide.be\/wp-content\/uploads\/2020\/09\/Logo-Header.svg\",\"contentUrl\":\"https:\/\/woodwide.be\/wp-content\/uploads\/2020\/09\/Logo-Header.svg\",\"caption\":\"Wood Wide\"},\"image\":{\"@id\":\"https:\/\/woodwide.be\/nl\/#\/schema\/logo\/image\/\"}}]}<\/script>\n<!-- \/ Yoast SEO plugin. -->","yoast_head_json":{"title":"Kontakt Wood Wide | Nachhaltiges Holz Belgien","description":"Kontaktieren Sie uns f\u00fcr Fragen zu unserem PEFC-zertifizierten Holz. Wood Wide antwortet schnell und kompetent.","robots":{"index":"index","follow":"follow","max-snippet":"max-snippet:-1","max-image-preview":"max-image-preview:large","max-video-preview":"max-video-preview:-1"},"canonical":"https:\/\/woodwide.be\/de\/kontakt\/","og_locale":"de_DE","og_type":"article","og_title":"Kontakt Wood Wide | Nachhaltiges Holz Belgien","og_description":"Kontaktieren Sie uns f\u00fcr Fragen zu unserem PEFC-zertifizierten Holz. Wood Wide antwortet schnell und kompetent.","og_url":"https:\/\/woodwide.be\/de\/kontakt\/","og_site_name":"Woodwide","article_modified_time":"2025-04-29T05:41:14+00:00","og_image":[{"url":"https:\/\/woodwide.be\/wp-content\/uploads\/2020\/09\/foret2-768x285.jpg","type":"","width":"","height":""}],"twitter_card":"summary_large_image","schema":{"@context":"https:\/\/schema.org","@graph":[{"@type":"WebPage","@id":"https:\/\/woodwide.be\/de\/kontakt\/","url":"https:\/\/woodwide.be\/de\/kontakt\/","name":"Kontakt Wood Wide | Nachhaltiges Holz Belgien","isPartOf":{"@id":"https:\/\/woodwide.be\/nl\/#website"},"primaryImageOfPage":{"@id":"https:\/\/woodwide.be\/de\/kontakt\/#primaryimage"},"image":{"@id":"https:\/\/woodwide.be\/de\/kontakt\/#primaryimage"},"thumbnailUrl":"https:\/\/woodwide.be\/wp-content\/uploads\/2020\/09\/foret2-768x285.jpg","datePublished":"2024-01-22T06:19:30+00:00","dateModified":"2025-04-29T05:41:14+00:00","description":"Kontaktieren Sie uns f\u00fcr Fragen zu unserem PEFC-zertifizierten Holz. Wood Wide antwortet schnell und kompetent.","breadcrumb":{"@id":"https:\/\/woodwide.be\/de\/kontakt\/#breadcrumb"},"inLanguage":"de","potentialAction":[{"@type":"ReadAction","target":["https:\/\/woodwide.be\/de\/kontakt\/"]}]},{"@type":"ImageObject","inLanguage":"de","@id":"https:\/\/woodwide.be\/de\/kontakt\/#primaryimage","url":"https:\/\/woodwide.be\/wp-content\/uploads\/2020\/09\/foret2-768x285.jpg","contentUrl":"https:\/\/woodwide.be\/wp-content\/uploads\/2020\/09\/foret2-768x285.jpg"},{"@type":"BreadcrumbList","@id":"https:\/\/woodwide.be\/de\/kontakt\/#breadcrumb","itemListElement":[{"@type":"ListItem","position":1,"name":"Accueil","item":"https:\/\/woodwide.be\/de\/home-2023\/"},{"@type":"ListItem","position":2,"name":"Kontakt"}]},{"@type":"WebSite","@id":"https:\/\/woodwide.be\/nl\/#website","url":"https:\/\/woodwide.be\/nl\/","name":"Wood Wide","description":"","publisher":{"@id":"https:\/\/woodwide.be\/nl\/#organization"},"potentialAction":[{"@type":"SearchAction","target":{"@type":"EntryPoint","urlTemplate":"https:\/\/woodwide.be\/nl\/?s={search_term_string}"},"query-input":{"@type":"PropertyValueSpecification","valueRequired":true,"valueName":"search_term_string"}}],"inLanguage":"de"},{"@type":"Organization","@id":"https:\/\/woodwide.be\/nl\/#organization","name":"Wood Wide","url":"https:\/\/woodwide.be\/nl\/","logo":{"@type":"ImageObject","inLanguage":"de","@id":"https:\/\/woodwide.be\/nl\/#\/schema\/logo\/image\/","url":"https:\/\/woodwide.be\/wp-content\/uploads\/2020\/09\/Logo-Header.svg","contentUrl":"https:\/\/woodwide.be\/wp-content\/uploads\/2020\/09\/Logo-Header.svg","caption":"Wood Wide"},"image":{"@id":"https:\/\/woodwide.be\/nl\/#\/schema\/logo\/image\/"}}]}},"_links":{"self":[{"href":"https:\/\/woodwide.be\/de\/wp-json\/wp\/v2\/pages\/1655","targetHints":{"allow":["GET"]}}],"collection":[{"href":"https:\/\/woodwide.be\/de\/wp-json\/wp\/v2\/pages"}],"about":[{"href":"https:\/\/woodwide.be\/de\/wp-json\/wp\/v2\/types\/page"}],"author":[{"embeddable":true,"href":"https:\/\/woodwide.be\/de\/wp-json\/wp\/v2\/users\/9"}],"replies":[{"embeddable":true,"href":"https:\/\/woodwide.be\/de\/wp-json\/wp\/v2\/comments?post=1655"}],"version-history":[{"count":6,"href":"https:\/\/woodwide.be\/de\/wp-json\/wp\/v2\/pages\/1655\/revisions"}],"predecessor-version":[{"id":2057,"href":"https:\/\/woodwide.be\/de\/wp-json\/wp\/v2\/pages\/1655\/revisions\/2057"}],"wp:attachment":[{"href":"https:\/\/woodwide.be\/de\/wp-json\/wp\/v2\/media?parent=1655"}],"curies":[{"name":"wp","href":"https:\/\/api.w.org\/{rel}","templated":true}]}}