{"id":1653,"date":"2024-01-22T07:16:55","date_gmt":"2024-01-22T06:16:55","guid":{"rendered":"https:\/\/woodwide.be\/dienste\/"},"modified":"2025-04-29T07:35:24","modified_gmt":"2025-04-29T05:35:24","slug":"dienste","status":"publish","type":"page","link":"https:\/\/woodwide.be\/de\/dienste\/","title":{"rendered":"Dienste"},"content":{"rendered":"\t\t<div data-elementor-type=\"wp-page\" data-elementor-id=\"1653\" class=\"elementor elementor-1653 elementor-1294\" data-elementor-post-type=\"page\">\n\t\t\t\t\t\t<section class=\"elementor-section elementor-top-section elementor-element elementor-element-00ce395 elementor-section-boxed elementor-section-height-default elementor-section-height-default\" data-id=\"00ce395\" data-element_type=\"section\">\n\t\t\t\t\t\t<div class=\"elementor-container elementor-column-gap-default\">\n\t\t\t\t\t<div class=\"elementor-column elementor-col-100 elementor-top-column elementor-element elementor-element-eb42def\" data-id=\"eb42def\" data-element_type=\"column\">\n\t\t\t<div class=\"elementor-widget-wrap elementor-element-populated\">\n\t\t\t\t\t\t<div class=\"elementor-element elementor-element-ac4fdd5 elementor-widget elementor-widget-heading\" data-id=\"ac4fdd5\" data-element_type=\"widget\" data-widget_type=\"heading.default\">\n\t\t\t\t<div class=\"elementor-widget-container\">\n\t\t\t\t\t<h1 class=\"elementor-heading-title elementor-size-default\">Dienste<\/h1>\t\t\t\t<\/div>\n\t\t\t\t<\/div>\n\t\t\t\t\t<\/div>\n\t\t<\/div>\n\t\t\t\t\t<\/div>\n\t\t<\/section>\n\t\t\t\t<section class=\"elementor-section elementor-top-section elementor-element elementor-element-37d0dfa elementor-section-boxed elementor-section-height-default elementor-section-height-default\" data-id=\"37d0dfa\" data-element_type=\"section\">\n\t\t\t\t\t\t<div class=\"elementor-container elementor-column-gap-default\">\n\t\t\t\t\t<div class=\"elementor-column elementor-col-50 elementor-top-column elementor-element elementor-element-7ab70f7\" data-id=\"7ab70f7\" data-element_type=\"column\">\n\t\t\t<div class=\"elementor-widget-wrap elementor-element-populated\">\n\t\t\t\t\t\t<div class=\"elementor-element elementor-element-434c51a elementor-widget elementor-widget-text-editor\" data-id=\"434c51a\" data-element_type=\"widget\" data-widget_type=\"text-editor.default\">\n\t\t\t\t<div class=\"elementor-widget-container\">\n\t\t\t\t\t\t\t\t\t<p>Wir unterscheiden uns von anderen Akteuren im Bereich des Handels und der ersten und zweiten Verarbeitung von (Nadel-)Holz in Westeuropa dadurch, dass wir WIR sind (siehe Seite \u201e<a href=\"https:\/\/woodwide.be\/de\/ueber-wood-wide\/\">\u00dcber Wood Wide<\/a>\u201c).<\/p>\n<p>John und ich haben unsere pers\u00f6nlichen und privaten Geschichten. Mit anderen Worten: Zwei ziemlich au\u00dfergew\u00f6hnliche Lebenswege sind sich begegnet und gemeinsam einen dritten Weg geschaffen haben, der unseren beiden Charakteren entspricht.<\/p>\n<p>Unsere Geschichte ist, zumindest soweit ich wei\u00df, einzigartig, und wir sind stolz auf sie.  <span style=\"color: var( --e-global-color-text ); font-family: var( --e-global-typography-text-font-family ), Sans-serif; font-weight: var( --e-global-typography-text-font-weight ); font-size: 1rem;\">So wie ich auch stolz bin auf meinen eigenen Weg und den Status, den ich heute im Alter von 46 Jahren erreicht habe.<\/span><\/p><\/p>\n\t\t\t\t\t\t\t\t<\/div>\n\t\t\t\t<\/div>\n\t\t\t\t\t<\/div>\n\t\t<\/div>\n\t\t\t\t<div class=\"elementor-column elementor-col-50 elementor-top-column elementor-element elementor-element-1d792e4\" data-id=\"1d792e4\" data-element_type=\"column\">\n\t\t\t<div class=\"elementor-widget-wrap elementor-element-populated\">\n\t\t\t\t\t\t<div class=\"elementor-element elementor-element-e1b1617 elementor-widget elementor-widget-text-editor\" data-id=\"e1b1617\" data-element_type=\"widget\" data-widget_type=\"text-editor.default\">\n\t\t\t\t<div class=\"elementor-widget-container\">\n\t\t\t\t\t\t\t\t\t<p style=\"text-align: justify;\">Das <a href=\"https:\/\/woodwide.be\/de\/produkte\/\"><b>au\u00dfergew\u00f6hnliche und einzigartige Angebot von Wood Wide<\/b><\/a> ist ein absolut seltener, unvergleichlicher <b>ma\u00dfgeschneiderter <\/b>Service, der von Fall zu Fall und einer jeden Situation in einem bestimmten Moment \u201eM\u201c und einem Zeitpunkt \u201eZ\u201c angepasst wird.<br \/>Unseres Wissens nach sind wir <b>die einzigen, die diese Art von \u201eAll-In\u201c-Service UND von A bis Z anbieten<\/b>. Das hei\u00dft, unser Angebot ist nicht nur vollst\u00e4ndig ma\u00dfgeschneidert und angepasst, sondern es beginnt mit dem ersten Kontakt und der pr\u00e4zisen Ermittlung der Bedarfe und endet mit der Bezahlung der gelieferten Produkte. <\/p>\n<p style=\"text-align: justify;\">Selbstverst\u00e4ndlich haben wir immer ein offenes Ohr f\u00fcr Ihre Anmerkungen und KONSTRUKTIVEN Verbesserungsvorschl\u00e4ge, denn wir streben st\u00e4ndig nach einer Verbesserung unseres Seins (unserer eigenen Person) und unseres Handelns (unseres Dienstleistungen).<\/p>\n\t\t\t\t\t\t\t\t<\/div>\n\t\t\t\t<\/div>\n\t\t\t\t\t<\/div>\n\t\t<\/div>\n\t\t\t\t\t<\/div>\n\t\t<\/section>\n\t\t\t\t<section class=\"elementor-section elementor-top-section elementor-element elementor-element-5948fca elementor-section-boxed elementor-section-height-default elementor-section-height-default\" data-id=\"5948fca\" data-element_type=\"section\" data-settings=\"{&quot;background_background&quot;:&quot;classic&quot;}\">\n\t\t\t\t\t\t<div class=\"elementor-container elementor-column-gap-default\">\n\t\t\t\t\t<div class=\"elementor-column elementor-col-33 elementor-top-column elementor-element elementor-element-1ca8849\" data-id=\"1ca8849\" data-element_type=\"column\">\n\t\t\t<div class=\"elementor-widget-wrap elementor-element-populated\">\n\t\t\t\t\t\t<div class=\"elementor-element elementor-element-838c18e elementor-widget elementor-widget-text-editor\" data-id=\"838c18e\" data-element_type=\"widget\" data-widget_type=\"text-editor.default\">\n\t\t\t\t<div class=\"elementor-widget-container\">\n\t\t\t\t\t\t\t\t\t<h3>WIR BIETEN ABER NOCH MEHR<\/h3>\n<p>Wir \u00fcbernehmen auch die Verantwortung und sind f\u00fcr den Fall f\u00fcr Sie da, falls Ihre Erwartungen (\u00fcberraschend und mit Recht) entt\u00e4uscht werden sollten.<\/p>\n<p>In unseren heutigen turbulenten und unsicheren Zeiten, in denen die Instabilit\u00e4t jeden Tag gr\u00f6\u00dfer wird, ist es von grundlegender Bedeutung, sich Zeit zum Zuh\u00f6ren und Hinterfragen zu nehmen.<\/p>\n<p>Die Menschen werden mit einer Unmenge von widerspr\u00fcchlichen und abwegigen Informationen \u00fcberflutet und nehmen sich kaum die Zeit, diese zu analysieren und aus ihnen die richtigen Schl\u00fcsse f\u00fcr eine vern\u00fcnftige Entscheidung zu ziehen. <b>Unserer Meinung sind wir als Profis<\/b> in dieser Industrie seit gemeinsam 60 Jahren <b>dazu verpflichtet, zu sensibilisieren und zu informieren<\/b>.<br \/>Durch Aufschl\u00fcsselung und Bereinigung gelangen wir zur Quintessenz der Quelle und k\u00f6nnen uns dann ein realistisches, zutreffendes Bild davon machen, was die aktuellen Bedarfe sind, f\u00fcr welchen Zeitraum die Investition geplant ist und welchen Preis der potenzielle Kunde\/Partner zu zahlen in der Lage oder gewillt ist.<\/p>\n\t\t\t\t\t\t\t\t<\/div>\n\t\t\t\t<\/div>\n\t\t\t\t\t<\/div>\n\t\t<\/div>\n\t\t\t\t<div class=\"elementor-column elementor-col-33 elementor-top-column elementor-element elementor-element-4c3cb7f\" data-id=\"4c3cb7f\" data-element_type=\"column\">\n\t\t\t<div class=\"elementor-widget-wrap elementor-element-populated\">\n\t\t\t\t\t\t<div class=\"elementor-element elementor-element-a73678b elementor-widget elementor-widget-text-editor\" data-id=\"a73678b\" data-element_type=\"widget\" data-widget_type=\"text-editor.default\">\n\t\t\t\t<div class=\"elementor-widget-container\">\n\t\t\t\t\t\t\t\t\t<p><span style=\"color: var( --e-global-color-text ); font-family: var( --e-global-typography-text-font-family ), Sans-serif; font-weight: var( --e-global-typography-text-font-weight ); font-size: 1rem;\">Eine Mischung aus diesen Elementen, unter Einbeziehung des zeitlichen und saisonalen Faktors sowie des Wettbewerbs, erm\u00f6glicht uns,<\/span> <span style=\"color: var( --e-global-color-text ); font-family: var( --e-global-typography-text-font-family ), Sans-serif; font-size: 1rem;\"><b>Ihnen die beste Antwort bieten zu k\u00f6nnen<\/b><\/span><span style=\"color: var( --e-global-color-text ); font-family: var( --e-global-typography-text-font-family ), Sans-serif; font-weight: var( --e-global-typography-text-font-weight ); font-size: 1rem;\">.<\/span><\/p>\n<p><b>Wood Wide begleitet und ber\u00e4t Sie<\/b> auf Ihrem Weg mit professionellen Antworten. Es ist unser Anliegen, Ihnen das optimale Angebot f\u00fcr Ihre Bedarfe zu unterbreiten.<\/p>\n<p>Die Anpassung an die W\u00fcnsche und Erwartungen der Kunden ist grundlegend f\u00fcr den Aufbau von stabilen, dauerhaften Beziehungen.<\/p>\n<p>Wood Wide orchestriert den gesamten Prozess: Produktionsaufnahme, Kalibrierung\/Entrindung, Trocknung, Impr\u00e4gnierung und Transport. Bei Gro\u00dfprojekten mit Tausenden von m3vereint Wood Wide seine zahlreichen Lieferanten, um Ihnen die gew\u00fcnschten Mengen fristgerecht zu liefern. <\/p>\n<p>Wood Wide wird <b>begleitet von zahlreichen Akteuren<\/b> auf lokaler und europ\u00e4ischer Ebene und ist als Bindeglied und Dirigent des Orchesters in der Lage, Ihnen schl\u00fcsselfertiges Holz zu liefern, und zwar auch auf Baustellen mit zehntausenden Kubikmetern in einem Wert von mehreren Millionen Euro.<\/p>\n\t\t\t\t\t\t\t\t<\/div>\n\t\t\t\t<\/div>\n\t\t\t\t\t<\/div>\n\t\t<\/div>\n\t\t\t\t<div class=\"elementor-column elementor-col-33 elementor-top-column elementor-element elementor-element-15ebf40\" data-id=\"15ebf40\" data-element_type=\"column\">\n\t\t\t<div class=\"elementor-widget-wrap elementor-element-populated\">\n\t\t\t\t\t\t<div class=\"elementor-element elementor-element-841813d elementor-widget elementor-widget-image\" data-id=\"841813d\" data-element_type=\"widget\" data-widget_type=\"image.default\">\n\t\t\t\t<div class=\"elementor-widget-container\">\n\t\t\t\t\t\t\t\t\t\t\t\t\t\t\t<img fetchpriority=\"high\" decoding=\"async\" width=\"640\" height=\"480\" src=\"https:\/\/woodwide.be\/wp-content\/uploads\/2020\/09\/SP-c-1.jpg\" class=\"attachment-medium_large size-medium_large wp-image-582\" alt=\"Magnifique chargement de poteaux calibr\u00e9s et lisses demi-rondes trait\u00e9s autoclave classe IV traitement SP, la long\u00e9vit\u00e9, appliqu\u00e9 sur du pin s\u00e9ch\u00e9 KD \u00e0 25%\" srcset=\"https:\/\/woodwide.be\/wp-content\/uploads\/2020\/09\/SP-c-1.jpg 640w, https:\/\/woodwide.be\/wp-content\/uploads\/2020\/09\/SP-c-1-300x225.jpg 300w\" sizes=\"(max-width: 640px) 100vw, 640px\" \/>\t\t\t\t\t\t\t\t\t\t\t\t\t\t\t<\/div>\n\t\t\t\t<\/div>\n\t\t\t\t<div class=\"elementor-element elementor-element-aff551f elementor-align-center elementor-widget elementor-widget-button\" data-id=\"aff551f\" data-element_type=\"widget\" data-widget_type=\"button.default\">\n\t\t\t\t<div class=\"elementor-widget-container\">\n\t\t\t\t\t\t\t\t\t<div class=\"elementor-button-wrapper\">\n\t\t\t\t\t<a class=\"elementor-button elementor-button-link elementor-size-xl\" href=\"https:\/\/woodwide.be\/de\/ueber-wood-wide\/\">\n\t\t\t\t\t\t<span class=\"elementor-button-content-wrapper\">\n\t\t\t\t\t\t\t\t\t<span class=\"elementor-button-text\">ENTDECKEN SIE WOOD WIDE<\/span>\n\t\t\t\t\t<\/span>\n\t\t\t\t\t<\/a>\n\t\t\t\t<\/div>\n\t\t\t\t\t\t\t\t<\/div>\n\t\t\t\t<\/div>\n\t\t\t\t<div class=\"elementor-element elementor-element-5461b39 elementor-widget elementor-widget-image\" data-id=\"5461b39\" data-element_type=\"widget\" data-widget_type=\"image.default\">\n\t\t\t\t<div class=\"elementor-widget-container\">\n\t\t\t\t\t\t\t\t\t\t\t\t\t\t\t<img decoding=\"async\" width=\"768\" height=\"222\" src=\"https:\/\/woodwide.be\/wp-content\/uploads\/2020\/09\/mains-768x222.png\" class=\"attachment-medium_large size-medium_large wp-image-396\" alt=\"\" srcset=\"https:\/\/woodwide.be\/wp-content\/uploads\/2020\/09\/mains-768x222.png 768w, https:\/\/woodwide.be\/wp-content\/uploads\/2020\/09\/mains-300x87.png 300w, https:\/\/woodwide.be\/wp-content\/uploads\/2020\/09\/mains-1024x296.png 1024w, https:\/\/woodwide.be\/wp-content\/uploads\/2020\/09\/mains-1536x444.png 1536w, https:\/\/woodwide.be\/wp-content\/uploads\/2020\/09\/mains-2048x592.png 2048w\" sizes=\"(max-width: 768px) 100vw, 768px\" \/>\t\t\t\t\t\t\t\t\t\t\t\t\t\t\t<\/div>\n\t\t\t\t<\/div>\n\t\t\t\t\t<\/div>\n\t\t<\/div>\n\t\t\t\t\t<\/div>\n\t\t<\/section>\n\t\t\t\t<\/div>\n\t\t","protected":false},"excerpt":{"rendered":"<p>Wir unterscheiden uns von anderen Akteuren im Bereich des Handels und der ersten und zweiten Verarbeitung von (Nadel-)Holz in Westeuropa dadurch, dass wir WIR sind (siehe Seite \u201e\u00dcber Wood Wide\u201c). John und ich haben unsere pers\u00f6nlichen und privaten Geschichten. Mit anderen Worten: Zwei ziemlich au\u00dfergew\u00f6hnliche Lebenswege sind sich begegnet und gemeinsam einen dritten Weg geschaffen [&hellip;]<\/p>\n","protected":false},"author":9,"featured_media":0,"parent":0,"menu_order":0,"comment_status":"closed","ping_status":"closed","template":"elementor_header_footer","meta":{"_acf_changed":false,"footnotes":""},"class_list":["post-1653","page","type-page","status-publish","hentry"],"acf":[],"yoast_head":"<!-- This site is optimized with the Yoast SEO plugin v26.5 - https:\/\/yoast.com\/wordpress\/plugins\/seo\/ -->\n<title>Woodwide| Ma\u00dfgeschneiderte Holzverarbeitung<\/title>\n<meta name=\"description\" content=\"Entdecken Sie unsere ma\u00dfgeschneiderte Holzverarbeitung f\u00fcr Ihre Projekte. Kompetenz, Qualit\u00e4t und Innovation f\u00fcr Ihre Bed\u00fcrfnisse.\" \/>\n<meta name=\"robots\" content=\"index, follow, max-snippet:-1, max-image-preview:large, max-video-preview:-1\" \/>\n<link rel=\"canonical\" href=\"https:\/\/woodwide.be\/de\/dienste\/\" \/>\n<meta property=\"og:locale\" content=\"de_DE\" \/>\n<meta property=\"og:type\" content=\"article\" \/>\n<meta property=\"og:title\" content=\"Woodwide| Ma\u00dfgeschneiderte Holzverarbeitung\" \/>\n<meta property=\"og:description\" content=\"Entdecken Sie unsere ma\u00dfgeschneiderte Holzverarbeitung f\u00fcr Ihre Projekte. Kompetenz, Qualit\u00e4t und Innovation f\u00fcr Ihre Bed\u00fcrfnisse.\" \/>\n<meta property=\"og:url\" content=\"https:\/\/woodwide.be\/de\/dienste\/\" \/>\n<meta property=\"og:site_name\" content=\"Woodwide\" \/>\n<meta property=\"article:modified_time\" content=\"2025-04-29T05:35:24+00:00\" \/>\n<meta property=\"og:image\" content=\"https:\/\/woodwide.be\/wp-content\/uploads\/2020\/09\/SP-c-1.jpg\" \/>\n<meta name=\"twitter:card\" content=\"summary_large_image\" \/>\n<meta name=\"twitter:label1\" content=\"Gesch\u00e4tzte Lesezeit\" \/>\n\t<meta name=\"twitter:data1\" content=\"3\u00a0Minuten\" \/>\n<script type=\"application\/ld+json\" class=\"yoast-schema-graph\">{\"@context\":\"https:\/\/schema.org\",\"@graph\":[{\"@type\":\"WebPage\",\"@id\":\"https:\/\/woodwide.be\/de\/dienste\/\",\"url\":\"https:\/\/woodwide.be\/de\/dienste\/\",\"name\":\"Woodwide| Ma\u00dfgeschneiderte Holzverarbeitung\",\"isPartOf\":{\"@id\":\"https:\/\/woodwide.be\/nl\/#website\"},\"primaryImageOfPage\":{\"@id\":\"https:\/\/woodwide.be\/de\/dienste\/#primaryimage\"},\"image\":{\"@id\":\"https:\/\/woodwide.be\/de\/dienste\/#primaryimage\"},\"thumbnailUrl\":\"https:\/\/woodwide.be\/wp-content\/uploads\/2020\/09\/SP-c-1.jpg\",\"datePublished\":\"2024-01-22T06:16:55+00:00\",\"dateModified\":\"2025-04-29T05:35:24+00:00\",\"description\":\"Entdecken Sie unsere ma\u00dfgeschneiderte Holzverarbeitung f\u00fcr Ihre Projekte. Kompetenz, Qualit\u00e4t und Innovation f\u00fcr Ihre Bed\u00fcrfnisse.\",\"breadcrumb\":{\"@id\":\"https:\/\/woodwide.be\/de\/dienste\/#breadcrumb\"},\"inLanguage\":\"de\",\"potentialAction\":[{\"@type\":\"ReadAction\",\"target\":[\"https:\/\/woodwide.be\/de\/dienste\/\"]}]},{\"@type\":\"ImageObject\",\"inLanguage\":\"de\",\"@id\":\"https:\/\/woodwide.be\/de\/dienste\/#primaryimage\",\"url\":\"https:\/\/woodwide.be\/wp-content\/uploads\/2020\/09\/SP-c-1.jpg\",\"contentUrl\":\"https:\/\/woodwide.be\/wp-content\/uploads\/2020\/09\/SP-c-1.jpg\"},{\"@type\":\"BreadcrumbList\",\"@id\":\"https:\/\/woodwide.be\/de\/dienste\/#breadcrumb\",\"itemListElement\":[{\"@type\":\"ListItem\",\"position\":1,\"name\":\"Accueil\",\"item\":\"https:\/\/woodwide.be\/de\/home-2023\/\"},{\"@type\":\"ListItem\",\"position\":2,\"name\":\"Dienste\"}]},{\"@type\":\"WebSite\",\"@id\":\"https:\/\/woodwide.be\/nl\/#website\",\"url\":\"https:\/\/woodwide.be\/nl\/\",\"name\":\"Wood Wide\",\"description\":\"\",\"publisher\":{\"@id\":\"https:\/\/woodwide.be\/nl\/#organization\"},\"potentialAction\":[{\"@type\":\"SearchAction\",\"target\":{\"@type\":\"EntryPoint\",\"urlTemplate\":\"https:\/\/woodwide.be\/nl\/?s={search_term_string}\"},\"query-input\":{\"@type\":\"PropertyValueSpecification\",\"valueRequired\":true,\"valueName\":\"search_term_string\"}}],\"inLanguage\":\"de\"},{\"@type\":\"Organization\",\"@id\":\"https:\/\/woodwide.be\/nl\/#organization\",\"name\":\"Wood Wide\",\"url\":\"https:\/\/woodwide.be\/nl\/\",\"logo\":{\"@type\":\"ImageObject\",\"inLanguage\":\"de\",\"@id\":\"https:\/\/woodwide.be\/nl\/#\/schema\/logo\/image\/\",\"url\":\"https:\/\/woodwide.be\/wp-content\/uploads\/2020\/09\/Logo-Header.svg\",\"contentUrl\":\"https:\/\/woodwide.be\/wp-content\/uploads\/2020\/09\/Logo-Header.svg\",\"caption\":\"Wood Wide\"},\"image\":{\"@id\":\"https:\/\/woodwide.be\/nl\/#\/schema\/logo\/image\/\"}}]}<\/script>\n<!-- \/ Yoast SEO plugin. -->","yoast_head_json":{"title":"Woodwide| Ma\u00dfgeschneiderte Holzverarbeitung","description":"Entdecken Sie unsere ma\u00dfgeschneiderte Holzverarbeitung f\u00fcr Ihre Projekte. Kompetenz, Qualit\u00e4t und Innovation f\u00fcr Ihre Bed\u00fcrfnisse.","robots":{"index":"index","follow":"follow","max-snippet":"max-snippet:-1","max-image-preview":"max-image-preview:large","max-video-preview":"max-video-preview:-1"},"canonical":"https:\/\/woodwide.be\/de\/dienste\/","og_locale":"de_DE","og_type":"article","og_title":"Woodwide| Ma\u00dfgeschneiderte Holzverarbeitung","og_description":"Entdecken Sie unsere ma\u00dfgeschneiderte Holzverarbeitung f\u00fcr Ihre Projekte. Kompetenz, Qualit\u00e4t und Innovation f\u00fcr Ihre Bed\u00fcrfnisse.","og_url":"https:\/\/woodwide.be\/de\/dienste\/","og_site_name":"Woodwide","article_modified_time":"2025-04-29T05:35:24+00:00","og_image":[{"url":"https:\/\/woodwide.be\/wp-content\/uploads\/2020\/09\/SP-c-1.jpg","type":"","width":"","height":""}],"twitter_card":"summary_large_image","twitter_misc":{"Gesch\u00e4tzte Lesezeit":"3\u00a0Minuten"},"schema":{"@context":"https:\/\/schema.org","@graph":[{"@type":"WebPage","@id":"https:\/\/woodwide.be\/de\/dienste\/","url":"https:\/\/woodwide.be\/de\/dienste\/","name":"Woodwide| Ma\u00dfgeschneiderte Holzverarbeitung","isPartOf":{"@id":"https:\/\/woodwide.be\/nl\/#website"},"primaryImageOfPage":{"@id":"https:\/\/woodwide.be\/de\/dienste\/#primaryimage"},"image":{"@id":"https:\/\/woodwide.be\/de\/dienste\/#primaryimage"},"thumbnailUrl":"https:\/\/woodwide.be\/wp-content\/uploads\/2020\/09\/SP-c-1.jpg","datePublished":"2024-01-22T06:16:55+00:00","dateModified":"2025-04-29T05:35:24+00:00","description":"Entdecken Sie unsere ma\u00dfgeschneiderte Holzverarbeitung f\u00fcr Ihre Projekte. Kompetenz, Qualit\u00e4t und Innovation f\u00fcr Ihre Bed\u00fcrfnisse.","breadcrumb":{"@id":"https:\/\/woodwide.be\/de\/dienste\/#breadcrumb"},"inLanguage":"de","potentialAction":[{"@type":"ReadAction","target":["https:\/\/woodwide.be\/de\/dienste\/"]}]},{"@type":"ImageObject","inLanguage":"de","@id":"https:\/\/woodwide.be\/de\/dienste\/#primaryimage","url":"https:\/\/woodwide.be\/wp-content\/uploads\/2020\/09\/SP-c-1.jpg","contentUrl":"https:\/\/woodwide.be\/wp-content\/uploads\/2020\/09\/SP-c-1.jpg"},{"@type":"BreadcrumbList","@id":"https:\/\/woodwide.be\/de\/dienste\/#breadcrumb","itemListElement":[{"@type":"ListItem","position":1,"name":"Accueil","item":"https:\/\/woodwide.be\/de\/home-2023\/"},{"@type":"ListItem","position":2,"name":"Dienste"}]},{"@type":"WebSite","@id":"https:\/\/woodwide.be\/nl\/#website","url":"https:\/\/woodwide.be\/nl\/","name":"Wood Wide","description":"","publisher":{"@id":"https:\/\/woodwide.be\/nl\/#organization"},"potentialAction":[{"@type":"SearchAction","target":{"@type":"EntryPoint","urlTemplate":"https:\/\/woodwide.be\/nl\/?s={search_term_string}"},"query-input":{"@type":"PropertyValueSpecification","valueRequired":true,"valueName":"search_term_string"}}],"inLanguage":"de"},{"@type":"Organization","@id":"https:\/\/woodwide.be\/nl\/#organization","name":"Wood Wide","url":"https:\/\/woodwide.be\/nl\/","logo":{"@type":"ImageObject","inLanguage":"de","@id":"https:\/\/woodwide.be\/nl\/#\/schema\/logo\/image\/","url":"https:\/\/woodwide.be\/wp-content\/uploads\/2020\/09\/Logo-Header.svg","contentUrl":"https:\/\/woodwide.be\/wp-content\/uploads\/2020\/09\/Logo-Header.svg","caption":"Wood Wide"},"image":{"@id":"https:\/\/woodwide.be\/nl\/#\/schema\/logo\/image\/"}}]}},"_links":{"self":[{"href":"https:\/\/woodwide.be\/de\/wp-json\/wp\/v2\/pages\/1653","targetHints":{"allow":["GET"]}}],"collection":[{"href":"https:\/\/woodwide.be\/de\/wp-json\/wp\/v2\/pages"}],"about":[{"href":"https:\/\/woodwide.be\/de\/wp-json\/wp\/v2\/types\/page"}],"author":[{"embeddable":true,"href":"https:\/\/woodwide.be\/de\/wp-json\/wp\/v2\/users\/9"}],"replies":[{"embeddable":true,"href":"https:\/\/woodwide.be\/de\/wp-json\/wp\/v2\/comments?post=1653"}],"version-history":[{"count":4,"href":"https:\/\/woodwide.be\/de\/wp-json\/wp\/v2\/pages\/1653\/revisions"}],"predecessor-version":[{"id":2048,"href":"https:\/\/woodwide.be\/de\/wp-json\/wp\/v2\/pages\/1653\/revisions\/2048"}],"wp:attachment":[{"href":"https:\/\/woodwide.be\/de\/wp-json\/wp\/v2\/media?parent=1653"}],"curies":[{"name":"wp","href":"https:\/\/api.w.org\/{rel}","templated":true}]}}